{"id":105,"date":"2019-04-11T23:35:31","date_gmt":"2019-04-11T23:35:31","guid":{"rendered":"https:\/\/chromassonic.com\/?page_id=105"},"modified":"2025-09-13T08:38:04","modified_gmt":"2025-09-13T08:38:04","slug":"prise-de-rendez-vous-et-seances","status":"publish","type":"page","link":"https:\/\/chromassonic.com\/index.php\/prise-de-rendez-vous-et-seances\/","title":{"rendered":"Prise de rendez-vous et S\u00e9ances"},"content":{"rendered":"\r\n<p>Une s\u00e9ance CHROMASSONIC dure entre 30 et 40 minutes. Elle se d\u00e9roule dans une pi\u00e8ce sombre pour \u00e9viter les interf\u00e9rences lumineuses avec l&rsquo;appareil. Pour une prise de rendez-vous, vous pouvez nous contacter l&rsquo;un des centres mentionn\u00e9s en onglet \u00ab\u00a0les centres\u00a0\u00bb ou via notre formulaire. Pour une s\u00e9ance dans un centre non mentionn\u00e9, veuillez nous contacter.<\/p>\r\n\r\n\r\n<hr class=\"wp-block-separator\" \/>\r\n\r\n<div class=\"wpforms-container wpforms-container-full wpforms-block\" id=\"wpforms-46\"><form id=\"wpforms-form-46\" class=\"wpforms-validate wpforms-form\" data-formid=\"46\" method=\"post\" enctype=\"multipart\/form-data\" action=\"\/index.php\/wp-json\/wp\/v2\/pages\/105\" data-token=\"506fc6138fc65da4a7d1ebcb08c3c80c\" data-token-time=\"1776509447\"><noscript class=\"wpforms-error-noscript\">Veuillez activer JavaScript dans votre navigateur pour remplir ce formulaire.<\/noscript><div class=\"wpforms-field-container\"><div id=\"wpforms-46-field_0-container\" class=\"wpforms-field wpforms-field-name\" data-field-id=\"0\"><label class=\"wpforms-field-label\">Nom <span class=\"wpforms-required-label\">*<\/span><\/label><div class=\"wpforms-field-row wpforms-field-medium\"><div class=\"wpforms-field-row-block wpforms-first wpforms-one-half\"><input type=\"text\" id=\"wpforms-46-field_0\" class=\"wpforms-field-name-first wpforms-field-required\" name=\"wpforms[fields][0][first]\" required><label for=\"wpforms-46-field_0\" class=\"wpforms-field-sublabel after\">Pr\u00e9nom<\/label><\/div><div class=\"wpforms-field-row-block wpforms-one-half\"><input type=\"text\" id=\"wpforms-46-field_0-last\" class=\"wpforms-field-name-last wpforms-field-required\" name=\"wpforms[fields][0][last]\" required><label for=\"wpforms-46-field_0-last\" class=\"wpforms-field-sublabel after\">Nom<\/label><\/div><\/div><\/div><div id=\"wpforms-46-field_1-container\" class=\"wpforms-field wpforms-field-email\" data-field-id=\"1\"><label class=\"wpforms-field-label\" for=\"wpforms-46-field_1\">Adresse de contact <span class=\"wpforms-required-label\">*<\/span><\/label><input type=\"email\" id=\"wpforms-46-field_1\" class=\"wpforms-field-medium wpforms-field-required\" name=\"wpforms[fields][1]\" spellcheck=\"false\" required><\/div><div id=\"wpforms-46-field_2-container\" class=\"wpforms-field wpforms-field-textarea\" data-field-id=\"2\"><label class=\"wpforms-field-label\" for=\"wpforms-46-field_2\">Votre message <span class=\"wpforms-required-label\">*<\/span><\/label><textarea id=\"wpforms-46-field_2\" class=\"wpforms-field-medium wpforms-field-required\" name=\"wpforms[fields][2]\" required><\/textarea><\/div><div id=\"wpforms-46-field_3-container\" class=\"wpforms-field wpforms-field-gdpr-checkbox\" data-field-id=\"3\"><label class=\"wpforms-field-label wpforms-label-hide\">R\u00e9glement G\u00e9n\u00e9ral de la Protection des Donn\u00e9es <span class=\"wpforms-required-label\">*<\/span><\/label><ul id=\"wpforms-46-field_3\" class=\"wpforms-field-required\"><li class=\"choice-1\"><input type=\"checkbox\" id=\"wpforms-46-field_3_1\" name=\"wpforms[fields][3][]\" value=\"Je consens \u00e0 ce que site utilise mes informations dans ce message afin qu&#039;il puisse r\u00e9pondre \u00e0 ma demande\" required ><label class=\"wpforms-field-label-inline\" for=\"wpforms-46-field_3_1\">Je consens \u00e0 ce que site utilise mes informations dans ce message afin qu&rsquo;il puisse r\u00e9pondre \u00e0 ma demande <span class=\"wpforms-required-label\">*<\/span><\/label><\/li><\/ul><\/div><\/div><!-- .wpforms-field-container --><div class=\"wpforms-field wpforms-field-hp\"><label for=\"wpforms-46-field-hp\" class=\"wpforms-field-label\">Comment<\/label><input type=\"text\" name=\"wpforms[hp]\" id=\"wpforms-46-field-hp\" class=\"wpforms-field-medium\"><\/div><div class=\"wpforms-submit-container\" ><input type=\"hidden\" name=\"wpforms[id]\" value=\"46\"><input type=\"hidden\" name=\"page_title\" value=\"\"><input type=\"hidden\" name=\"page_url\" value=\"https:\/\/chromassonic.com\/index.php\/wp-json\/wp\/v2\/pages\/105\"><input type=\"hidden\" name=\"url_referer\" value=\"\"><button type=\"submit\" name=\"wpforms[submit]\" id=\"wpforms-submit-46\" class=\"wpforms-submit\" data-alt-text=\"Sending...\" data-submit-text=\"Envoyer\" aria-live=\"assertive\" value=\"wpforms-submit\">Envoyer<\/button><\/div><\/form><\/div>  <!-- .wpforms-container -->\r\n\r\n<hr class=\"wp-block-separator\" \/>\r\n\r\n\r\n<p>Afin de faciliter la d\u00e9tente du patient, la personne s&rsquo;allonge sous la rampe, avec un masque de protection sur les yeux si elle le d\u00e9sire. Elle a aussi la possibilit\u00e9 d&rsquo;\u00e9couter de la musique relaxante ou classique.<\/p>\r\n\r\n\r\n\r\n<p>L&rsquo;exposition \u00e0 la lumi\u00e8re dure environ 20 minutes sur le dos et 10 minutes sur le ventre.<\/p>\r\n\r\n\r\n\r\n<p>Apr\u00e8s la s\u00e9ance, un temps de repos assis de 5 \u00e0 10 minutes est propos\u00e9 pour profiter un maximum des effets et pour finir en douceur cette relaxation.<\/p>\r\n\r\n\r\n\r\n<p><strong>Les s\u00e9ances sont toujours individuelles et personnalis\u00e9es.<\/strong><\/p>\r\n\r\n\r\n\r\n<figure class=\"wp-block-image\"><img decoding=\"async\" loading=\"lazy\" width=\"1024\" height=\"566\" src=\"https:\/\/chromassonic.com\/wp-content\/uploads\/2019\/04\/appareil_chromassonic-1024x566.jpg\" alt=\"\" class=\"wp-image-79\" srcset=\"https:\/\/chromassonic.com\/wp-content\/uploads\/2019\/04\/appareil_chromassonic-1024x566.jpg 1024w, https:\/\/chromassonic.com\/wp-content\/uploads\/2019\/04\/appareil_chromassonic-300x166.jpg 300w, https:\/\/chromassonic.com\/wp-content\/uploads\/2019\/04\/appareil_chromassonic-768x424.jpg 768w\" sizes=\"(max-width: 1024px) 100vw, 1024px\" \/><\/figure>\r\n\r\n\r\n\r\n<p><strong>Prise de rendez-vous et Programmes CHROMASSONIC<\/strong><\/p>\r\n\r\n\r\n\r\n<p>Les programmes propos\u00e9s ont \u00e9t\u00e9 \u00e9tudi\u00e9s de mani\u00e8re \u00e0 ce que vous profitiez d&rsquo;une efficacit\u00e9 maximale d\u00e8s les premi\u00e8res s\u00e9ances. A chaque session, le choix et l&rsquo;intensit\u00e9 des couleurs sont adapt\u00e9s \u00e0 votre condition physique et votre \u00e9tat mental.<\/p>\r\n\r\n\r\n\r\n<p>Apr\u00e8s leur prise de rendez-vous, les utilisateurs de la CHROMASSONIC ont t\u00e9moign\u00e9 des r\u00e9sultats au bout de 2 \u00e0 3 semaines d&rsquo;intervalles : <strong><a href=\"http:\/\/www.vaincre-le-stress.net\/stress-chromotherapie.php\" target=\"_blank\" rel=\"noreferrer noopener\">baisse du stress<\/a>, am\u00e9lioration du sommeil, ou encore diminution de l&rsquo;anxi\u00e9t\u00e9 au quotidien.<\/strong><\/p>\r\n\r\n\r\n\r\n<p>Apr\u00e8s chaque s\u00e9ance, un temps de discussion est propos\u00e9 \u00e0 chaque personne, ce qui permet de faire un point sur le v\u00e9cu des sessions et d&rsquo;ajuster les programmes vis-\u00e0-vis de vos besoins.<\/p>\r\n\r\n\r\n\r\n<ul>\r\n<li>Avant une premi\u00e8re intervention, il est utile de faire <a rel=\"noreferrer noopener\" href=\"http:\/\/www.aufeminin.com\/mincir\/cure-detox-s641985.html\" target=\"_blank\"><strong>une cure detox<\/strong><\/a> de trois semaines \u00e0 un mois, pour \u00eatre dans les meilleures conditions possibles.<\/li>\r\n<\/ul>\r\n\r\n\r\n\r\n<p>La dur\u00e9e d&rsquo;une s\u00e9ance ne d\u00e9passe pas une demi-heure pour les adultes, et vingt minutes pour les enfants. Ceux ci peuvent bouger sans contrainte.<\/p>\r\n\r\n\r\n\r\n<p>La personne est allong\u00e9e sur une table de massage, et profite d&rsquo;une meilleure r\u00e9ceptivit\u00e9 gr\u00e2ce \u00e0 la musique en fond sonore. Les couleurs agissent sur le corps qui va entrer en r\u00e9sonance et se r\u00e9-harmoniser, de la m\u00eame mani\u00e8re qu&rsquo;un musicien utilise la r\u00e9sonance pour accorder son instrument.<\/p>\r\n\r\n\r\n\r\n<p>A la fin de la s\u00e9ance, l&rsquo;utilisateur doit se reposer dix minutes dans un fauteuil : son \u00e9tat est en relaxation, semblable \u00e0 celui du r\u00e9veil apr\u00e8s un profond sommeil.<\/p>\r\n\r\n\r\n\r\n<p><strong>Il est possible de faire une autre prise de rendez-vous, \u00e0 condition de prendre avant quelques jours de r\u00e9cup\u00e9ration.<\/strong><\/p>\r\n","protected":false},"excerpt":{"rendered":"<p>Une s\u00e9ance CHROMASSONIC dure entre 30 et 40 minutes. Elle se d\u00e9roule dans une pi\u00e8ce sombre pour \u00e9viter les interf\u00e9rences lumineuses avec l&rsquo;appareil. Pour une prise de rendez-vous, vous pouvez nous contacter l&rsquo;un des centres mentionn\u00e9s en onglet \u00ab\u00a0les centres\u00a0\u00bb ou via notre formulaire. Pour une s\u00e9ance dans un centre [&hellip;]<\/p>\n","protected":false},"author":2,"featured_media":85,"parent":0,"menu_order":0,"comment_status":"closed","ping_status":"closed","template":"","meta":[],"yoast_head":"<!-- This site is optimized with the Yoast SEO plugin v21.8.1 - https:\/\/yoast.com\/wordpress\/plugins\/seo\/ -->\n<title>Prise de rendez-vous et S\u00e9ances - Chromassonic<\/title>\n<meta name=\"robots\" content=\"index, follow, max-snippet:-1, max-image-preview:large, max-video-preview:-1\" \/>\n<link rel=\"canonical\" href=\"https:\/\/chromassonic.com\/index.php\/prise-de-rendez-vous-et-seances\/\" \/>\n<meta property=\"og:locale\" content=\"fr_FR\" \/>\n<meta property=\"og:type\" content=\"article\" \/>\n<meta property=\"og:title\" content=\"Prise de rendez-vous et S\u00e9ances - Chromassonic\" \/>\n<meta property=\"og:description\" content=\"Une s\u00e9ance CHROMASSONIC dure entre 30 et 40 minutes. Elle se d\u00e9roule dans une pi\u00e8ce sombre pour \u00e9viter les interf\u00e9rences lumineuses avec l&rsquo;appareil. Pour une prise de rendez-vous, vous pouvez nous contacter l&rsquo;un des centres mentionn\u00e9s en onglet \u00ab\u00a0les centres\u00a0\u00bb ou via notre formulaire. Pour une s\u00e9ance dans un centre [&hellip;]\" \/>\n<meta property=\"og:url\" content=\"https:\/\/chromassonic.com\/index.php\/prise-de-rendez-vous-et-seances\/\" \/>\n<meta property=\"og:site_name\" content=\"Chromassonic\" \/>\n<meta property=\"article:modified_time\" content=\"2025-09-13T08:38:04+00:00\" \/>\n<meta property=\"og:image\" content=\"https:\/\/chromassonic.com\/wp-content\/uploads\/2019\/04\/chromassonic_s\u00e9ance.jpg\" \/>\n\t<meta property=\"og:image:width\" content=\"2520\" \/>\n\t<meta property=\"og:image:height\" content=\"928\" \/>\n\t<meta property=\"og:image:type\" content=\"image\/jpeg\" \/>\n<meta name=\"twitter:card\" content=\"summary_large_image\" \/>\n<meta name=\"twitter:label1\" content=\"Dur\u00e9e de lecture estim\u00e9e\" \/>\n\t<meta name=\"twitter:data1\" content=\"2 minutes\" \/>\n<script type=\"application\/ld+json\" class=\"yoast-schema-graph\">{\"@context\":\"https:\/\/schema.org\",\"@graph\":[{\"@type\":\"WebPage\",\"@id\":\"https:\/\/chromassonic.com\/index.php\/prise-de-rendez-vous-et-seances\/\",\"url\":\"https:\/\/chromassonic.com\/index.php\/prise-de-rendez-vous-et-seances\/\",\"name\":\"Prise de rendez-vous et S\u00e9ances - Chromassonic\",\"isPartOf\":{\"@id\":\"https:\/\/chromassonic.com\/#website\"},\"datePublished\":\"2019-04-11T23:35:31+00:00\",\"dateModified\":\"2025-09-13T08:38:04+00:00\",\"breadcrumb\":{\"@id\":\"https:\/\/chromassonic.com\/index.php\/prise-de-rendez-vous-et-seances\/#breadcrumb\"},\"inLanguage\":\"fr-FR\",\"potentialAction\":[{\"@type\":\"ReadAction\",\"target\":[\"https:\/\/chromassonic.com\/index.php\/prise-de-rendez-vous-et-seances\/\"]}]},{\"@type\":\"BreadcrumbList\",\"@id\":\"https:\/\/chromassonic.com\/index.php\/prise-de-rendez-vous-et-seances\/#breadcrumb\",\"itemListElement\":[{\"@type\":\"ListItem\",\"position\":1,\"name\":\"Accueil\",\"item\":\"https:\/\/chromassonic.com\/\"},{\"@type\":\"ListItem\",\"position\":2,\"name\":\"Prise de rendez-vous et S\u00e9ances\"}]},{\"@type\":\"WebSite\",\"@id\":\"https:\/\/chromassonic.com\/#website\",\"url\":\"https:\/\/chromassonic.com\/\",\"name\":\"Chromassonic\",\"description\":\"Syst\u00e8me brevet\u00e9 de chromoth\u00e9rapie\",\"publisher\":{\"@id\":\"https:\/\/chromassonic.com\/#organization\"},\"potentialAction\":[{\"@type\":\"SearchAction\",\"target\":{\"@type\":\"EntryPoint\",\"urlTemplate\":\"https:\/\/chromassonic.com\/?s={search_term_string}\"},\"query-input\":\"required name=search_term_string\"}],\"inLanguage\":\"fr-FR\"},{\"@type\":\"Organization\",\"@id\":\"https:\/\/chromassonic.com\/#organization\",\"name\":\"Chromassonic\",\"url\":\"https:\/\/chromassonic.com\/\",\"logo\":{\"@type\":\"ImageObject\",\"inLanguage\":\"fr-FR\",\"@id\":\"https:\/\/chromassonic.com\/#\/schema\/logo\/image\/\",\"url\":\"https:\/\/chromassonic.com\/wp-content\/uploads\/2019\/04\/Chromassonic-systeme-logo-1.png\",\"contentUrl\":\"https:\/\/chromassonic.com\/wp-content\/uploads\/2019\/04\/Chromassonic-systeme-logo-1.png\",\"width\":1656,\"height\":327,\"caption\":\"Chromassonic\"},\"image\":{\"@id\":\"https:\/\/chromassonic.com\/#\/schema\/logo\/image\/\"}}]}<\/script>\n<!-- \/ Yoast SEO plugin. -->","yoast_head_json":{"title":"Prise de rendez-vous et S\u00e9ances - Chromassonic","robots":{"index":"index","follow":"follow","max-snippet":"max-snippet:-1","max-image-preview":"max-image-preview:large","max-video-preview":"max-video-preview:-1"},"canonical":"https:\/\/chromassonic.com\/index.php\/prise-de-rendez-vous-et-seances\/","og_locale":"fr_FR","og_type":"article","og_title":"Prise de rendez-vous et S\u00e9ances - Chromassonic","og_description":"Une s\u00e9ance CHROMASSONIC dure entre 30 et 40 minutes. Elle se d\u00e9roule dans une pi\u00e8ce sombre pour \u00e9viter les interf\u00e9rences lumineuses avec l&rsquo;appareil. Pour une prise de rendez-vous, vous pouvez nous contacter l&rsquo;un des centres mentionn\u00e9s en onglet \u00ab\u00a0les centres\u00a0\u00bb ou via notre formulaire. Pour une s\u00e9ance dans un centre [&hellip;]","og_url":"https:\/\/chromassonic.com\/index.php\/prise-de-rendez-vous-et-seances\/","og_site_name":"Chromassonic","article_modified_time":"2025-09-13T08:38:04+00:00","og_image":[{"width":2520,"height":928,"url":"https:\/\/chromassonic.com\/wp-content\/uploads\/2019\/04\/chromassonic_s\u00e9ance.jpg","type":"image\/jpeg"}],"twitter_card":"summary_large_image","twitter_misc":{"Dur\u00e9e de lecture estim\u00e9e":"2 minutes"},"schema":{"@context":"https:\/\/schema.org","@graph":[{"@type":"WebPage","@id":"https:\/\/chromassonic.com\/index.php\/prise-de-rendez-vous-et-seances\/","url":"https:\/\/chromassonic.com\/index.php\/prise-de-rendez-vous-et-seances\/","name":"Prise de rendez-vous et S\u00e9ances - Chromassonic","isPartOf":{"@id":"https:\/\/chromassonic.com\/#website"},"datePublished":"2019-04-11T23:35:31+00:00","dateModified":"2025-09-13T08:38:04+00:00","breadcrumb":{"@id":"https:\/\/chromassonic.com\/index.php\/prise-de-rendez-vous-et-seances\/#breadcrumb"},"inLanguage":"fr-FR","potentialAction":[{"@type":"ReadAction","target":["https:\/\/chromassonic.com\/index.php\/prise-de-rendez-vous-et-seances\/"]}]},{"@type":"BreadcrumbList","@id":"https:\/\/chromassonic.com\/index.php\/prise-de-rendez-vous-et-seances\/#breadcrumb","itemListElement":[{"@type":"ListItem","position":1,"name":"Accueil","item":"https:\/\/chromassonic.com\/"},{"@type":"ListItem","position":2,"name":"Prise de rendez-vous et S\u00e9ances"}]},{"@type":"WebSite","@id":"https:\/\/chromassonic.com\/#website","url":"https:\/\/chromassonic.com\/","name":"Chromassonic","description":"Syst\u00e8me brevet\u00e9 de chromoth\u00e9rapie","publisher":{"@id":"https:\/\/chromassonic.com\/#organization"},"potentialAction":[{"@type":"SearchAction","target":{"@type":"EntryPoint","urlTemplate":"https:\/\/chromassonic.com\/?s={search_term_string}"},"query-input":"required name=search_term_string"}],"inLanguage":"fr-FR"},{"@type":"Organization","@id":"https:\/\/chromassonic.com\/#organization","name":"Chromassonic","url":"https:\/\/chromassonic.com\/","logo":{"@type":"ImageObject","inLanguage":"fr-FR","@id":"https:\/\/chromassonic.com\/#\/schema\/logo\/image\/","url":"https:\/\/chromassonic.com\/wp-content\/uploads\/2019\/04\/Chromassonic-systeme-logo-1.png","contentUrl":"https:\/\/chromassonic.com\/wp-content\/uploads\/2019\/04\/Chromassonic-systeme-logo-1.png","width":1656,"height":327,"caption":"Chromassonic"},"image":{"@id":"https:\/\/chromassonic.com\/#\/schema\/logo\/image\/"}}]}},"_links":{"self":[{"href":"https:\/\/chromassonic.com\/index.php\/wp-json\/wp\/v2\/pages\/105"}],"collection":[{"href":"https:\/\/chromassonic.com\/index.php\/wp-json\/wp\/v2\/pages"}],"about":[{"href":"https:\/\/chromassonic.com\/index.php\/wp-json\/wp\/v2\/types\/page"}],"author":[{"embeddable":true,"href":"https:\/\/chromassonic.com\/index.php\/wp-json\/wp\/v2\/users\/2"}],"replies":[{"embeddable":true,"href":"https:\/\/chromassonic.com\/index.php\/wp-json\/wp\/v2\/comments?post=105"}],"version-history":[{"count":7,"href":"https:\/\/chromassonic.com\/index.php\/wp-json\/wp\/v2\/pages\/105\/revisions"}],"predecessor-version":[{"id":509,"href":"https:\/\/chromassonic.com\/index.php\/wp-json\/wp\/v2\/pages\/105\/revisions\/509"}],"wp:featuredmedia":[{"embeddable":true,"href":"https:\/\/chromassonic.com\/index.php\/wp-json\/wp\/v2\/media\/85"}],"wp:attachment":[{"href":"https:\/\/chromassonic.com\/index.php\/wp-json\/wp\/v2\/media?parent=105"}],"curies":[{"name":"wp","href":"https:\/\/api.w.org\/{rel}","templated":true}]}}