{"id":110,"date":"2019-04-11T23:47:06","date_gmt":"2019-04-11T23:47:06","guid":{"rendered":"https:\/\/chromassonic.com\/?page_id=110"},"modified":"2022-02-05T15:30:17","modified_gmt":"2022-02-05T15:30:17","slug":"gerer-son-stress-chromotherapie","status":"publish","type":"page","link":"https:\/\/chromassonic.com\/index.php\/gerer-son-stress-chromotherapie\/","title":{"rendered":"G\u00e9rer son stress avec la Chromoth\u00e9rapie"},"content":{"rendered":"\r\n<p>L&rsquo;\u00eatre humain a besoin de g\u00e9rer son stress, un d\u00e9fi de plus en plus important dans sa vie quotidienne, et surtout sur le plan professionnel.<\/p>\r\n\r\n\r\n\r\n<p>Il est soumis \u00e0 de nombreuses demandes et pressions : les exigeances de performances, de rapidit\u00e9 et de rentabilit\u00e9 ont un vrai impact sur le moral et ainsi sur le corps, qui g\u00e8re tant bien que mal les tensions multiples. Ces tensions auront un impact sur les diff\u00e9rents centres d&rsquo;\u00e9nergie, ce qui am\u00e8ne dysfonctionnement des organes, une baisse de la concentration et une plus grande vuln\u00e9rabilit\u00e9 face aux d\u00e9fis futurs.<\/p>\r\n\r\n\r\n\r\n<p>Un des signes les plus \u00e9vidents du stress est l&rsquo;impression de n&rsquo;\u00eatre jamais repos\u00e9 au r\u00e9veil. Ce d\u00e9r\u00e8glement a souvent des cons\u00e9quences n\u00e9gatives sur notre vie, telles que le traumatisme musculaire, la perte de m\u00e9moire et d&rsquo;attention,\u00a0 et un manque flagrant d&rsquo;\u00e9nergie.<\/p>\r\n\r\n\r\n\r\n<ul>\r\n<li>Plus de 72% des travailleurs affirment \u00eatre soumis \u00e0 des conditions de travail stressantes.<\/li>\r\n<li>Plus de 30% <a rel=\"noreferrer noopener\" href=\"https:\/\/www.santemagazine.fr\/sante\/maladies\/stress-fatigue-burn-out-eviter-lexplosion-171382\" target=\"_blank\"><strong>des arr\u00eats de travail<\/strong><\/a> associ\u00e9s \u00e0 un environnement propice \u00e0 l&rsquo;anxi\u00e9t\u00e9.<\/li>\r\n<\/ul>\r\n\r\n\r\n\r\n<p>D&rsquo;autres facteurs ne font qu&rsquo;acc\u00e9l\u00e9rer cette exposition au stress : les d\u00e9placements nombreux, le travail prolong\u00e9 sur \u00e9cran, les mauvaises postures au travail et les douleurs associ\u00e9es aux postes occup\u00e9s&#8230; les raisons peuvent \u00eatre multiples.<\/p>\r\n\r\n\r\n<hr class=\"wp-block-separator\" \/>\r\n\r\n\r\n<p style=\"text-align: center;\"><strong>Les agents stressants<\/strong><\/p>\r\n\r\n\r\n\r\n<div class=\"wp-block-image\">\r\n<figure class=\"aligncenter\"><img decoding=\"async\" loading=\"lazy\" width=\"676\" height=\"261\" src=\"https:\/\/chromassonic.com\/wp-content\/uploads\/2019\/04\/chromassonic_gerer_son_stress.png\" alt=\"\" class=\"wp-image-112\" srcset=\"https:\/\/chromassonic.com\/wp-content\/uploads\/2019\/04\/chromassonic_gerer_son_stress.png 676w, https:\/\/chromassonic.com\/wp-content\/uploads\/2019\/04\/chromassonic_gerer_son_stress-300x116.png 300w\" sizes=\"(max-width: 676px) 100vw, 676px\" \/><\/figure>\r\n<\/div>\r\n\r\n\r\n<hr class=\"wp-block-separator\" \/>\r\n\r\n\r\n<p><strong>G\u00e9rer son stress au travail et au quotidien : quelles cons\u00e9quences ?<\/strong><\/p>\r\n\r\n\r\n\r\n<p>Le stress peut \u00eatre la cause de d\u00e9pression, de maladie, et d&rsquo;addiction : la prise de calmants et d&rsquo;autres anabolisants n&rsquo;apporte qu&rsquo;un r\u00e9confort provisoire et ne fait que d\u00e9r\u00e9gler vos centres d&rsquo;\u00e9nergie, ce qui impacte l&rsquo;esp\u00e9rance de vie et affaiblit les d\u00e9fenses immunitaires. Que l&rsquo;on soit homme d\u2019affaires, m\u00e9nag\u00e8re ou sportif, nous sommes tous expos\u00e9s aux risques de l&rsquo;anxi\u00e9t\u00e9.<\/p>\r\n\r\n\r\n\r\n<ul>\r\n<li>Heureusement, la CHROMASSONIC apporte un r\u00e9\u00e9quilibre global et calme le syst\u00e8me nerveux, deux conditions n\u00e9cessaires pour mieux g\u00e9rer son stress.<\/li>\r\n<\/ul>\r\n\r\n\r\n\r\n<p>La m\u00e9thode CHROMASSONIC propose une remise en condition sans aucune contrainte. Elle permet de se placer dans un \u00e9tat r\u00e9parateur et de favoriser l&rsquo;harmonisation entre le corps et le mental. CHROMASSONIC est le r\u00e9sultat d&rsquo;une recherche moderne sur les proc\u00e9d\u00e9s biochimiques, et la d\u00e9couverte de la relation entre le syst\u00e8me nerveux et les <strong><a rel=\"noreferrer noopener\" href=\"https:\/\/www.futura-sciences.com\/sante\/definitions\/biologie-glande-endocrine-11282\/\" target=\"_blank\">s\u00e9cr\u00e9tions des glandes endocrines<\/a><\/strong>.<\/p>\r\n","protected":false},"excerpt":{"rendered":"<p>L&rsquo;\u00eatre humain a besoin de g\u00e9rer son stress, un d\u00e9fi de plus en plus important dans sa vie quotidienne, et surtout sur le plan professionnel. Il est soumis \u00e0 de nombreuses demandes et pressions : les exigeances de performances, de rapidit\u00e9 et de rentabilit\u00e9 ont un vrai impact sur le [&hellip;]<\/p>\n","protected":false},"author":2,"featured_media":114,"parent":0,"menu_order":0,"comment_status":"closed","ping_status":"closed","template":"","meta":[],"yoast_head":"<!-- This site is optimized with the Yoast SEO plugin v21.8.1 - https:\/\/yoast.com\/wordpress\/plugins\/seo\/ -->\n<title>G\u00e9rer son stress avec la Chromoth\u00e9rapie - Chromassonic<\/title>\n<meta name=\"robots\" content=\"index, follow, max-snippet:-1, max-image-preview:large, max-video-preview:-1\" \/>\n<link rel=\"canonical\" href=\"https:\/\/chromassonic.com\/index.php\/gerer-son-stress-chromotherapie\/\" \/>\n<meta property=\"og:locale\" content=\"fr_FR\" \/>\n<meta property=\"og:type\" content=\"article\" \/>\n<meta property=\"og:title\" content=\"G\u00e9rer son stress avec la Chromoth\u00e9rapie - Chromassonic\" \/>\n<meta property=\"og:description\" content=\"L&rsquo;\u00eatre humain a besoin de g\u00e9rer son stress, un d\u00e9fi de plus en plus important dans sa vie quotidienne, et surtout sur le plan professionnel. Il est soumis \u00e0 de nombreuses demandes et pressions : les exigeances de performances, de rapidit\u00e9 et de rentabilit\u00e9 ont un vrai impact sur le [&hellip;]\" \/>\n<meta property=\"og:url\" content=\"https:\/\/chromassonic.com\/index.php\/gerer-son-stress-chromotherapie\/\" \/>\n<meta property=\"og:site_name\" content=\"Chromassonic\" \/>\n<meta property=\"article:modified_time\" content=\"2022-02-05T15:30:17+00:00\" \/>\n<meta property=\"og:image\" content=\"https:\/\/chromassonic.com\/wp-content\/uploads\/2019\/04\/chromassonic_relaxation.jpg\" \/>\n\t<meta property=\"og:image:width\" content=\"1600\" \/>\n\t<meta property=\"og:image:height\" content=\"485\" \/>\n\t<meta property=\"og:image:type\" content=\"image\/jpeg\" \/>\n<meta name=\"twitter:card\" content=\"summary_large_image\" \/>\n<meta name=\"twitter:label1\" content=\"Dur\u00e9e de lecture estim\u00e9e\" \/>\n\t<meta name=\"twitter:data1\" content=\"2 minutes\" \/>\n<script type=\"application\/ld+json\" class=\"yoast-schema-graph\">{\"@context\":\"https:\/\/schema.org\",\"@graph\":[{\"@type\":\"WebPage\",\"@id\":\"https:\/\/chromassonic.com\/index.php\/gerer-son-stress-chromotherapie\/\",\"url\":\"https:\/\/chromassonic.com\/index.php\/gerer-son-stress-chromotherapie\/\",\"name\":\"G\u00e9rer son stress avec la Chromoth\u00e9rapie - Chromassonic\",\"isPartOf\":{\"@id\":\"https:\/\/chromassonic.com\/#website\"},\"datePublished\":\"2019-04-11T23:47:06+00:00\",\"dateModified\":\"2022-02-05T15:30:17+00:00\",\"breadcrumb\":{\"@id\":\"https:\/\/chromassonic.com\/index.php\/gerer-son-stress-chromotherapie\/#breadcrumb\"},\"inLanguage\":\"fr-FR\",\"potentialAction\":[{\"@type\":\"ReadAction\",\"target\":[\"https:\/\/chromassonic.com\/index.php\/gerer-son-stress-chromotherapie\/\"]}]},{\"@type\":\"BreadcrumbList\",\"@id\":\"https:\/\/chromassonic.com\/index.php\/gerer-son-stress-chromotherapie\/#breadcrumb\",\"itemListElement\":[{\"@type\":\"ListItem\",\"position\":1,\"name\":\"Accueil\",\"item\":\"https:\/\/chromassonic.com\/\"},{\"@type\":\"ListItem\",\"position\":2,\"name\":\"G\u00e9rer son stress avec la Chromoth\u00e9rapie\"}]},{\"@type\":\"WebSite\",\"@id\":\"https:\/\/chromassonic.com\/#website\",\"url\":\"https:\/\/chromassonic.com\/\",\"name\":\"Chromassonic\",\"description\":\"Syst\u00e8me brevet\u00e9 de chromoth\u00e9rapie\",\"publisher\":{\"@id\":\"https:\/\/chromassonic.com\/#organization\"},\"potentialAction\":[{\"@type\":\"SearchAction\",\"target\":{\"@type\":\"EntryPoint\",\"urlTemplate\":\"https:\/\/chromassonic.com\/?s={search_term_string}\"},\"query-input\":\"required name=search_term_string\"}],\"inLanguage\":\"fr-FR\"},{\"@type\":\"Organization\",\"@id\":\"https:\/\/chromassonic.com\/#organization\",\"name\":\"Chromassonic\",\"url\":\"https:\/\/chromassonic.com\/\",\"logo\":{\"@type\":\"ImageObject\",\"inLanguage\":\"fr-FR\",\"@id\":\"https:\/\/chromassonic.com\/#\/schema\/logo\/image\/\",\"url\":\"https:\/\/chromassonic.com\/wp-content\/uploads\/2019\/04\/Chromassonic-systeme-logo-1.png\",\"contentUrl\":\"https:\/\/chromassonic.com\/wp-content\/uploads\/2019\/04\/Chromassonic-systeme-logo-1.png\",\"width\":1656,\"height\":327,\"caption\":\"Chromassonic\"},\"image\":{\"@id\":\"https:\/\/chromassonic.com\/#\/schema\/logo\/image\/\"}}]}<\/script>\n<!-- \/ Yoast SEO plugin. -->","yoast_head_json":{"title":"G\u00e9rer son stress avec la Chromoth\u00e9rapie - Chromassonic","robots":{"index":"index","follow":"follow","max-snippet":"max-snippet:-1","max-image-preview":"max-image-preview:large","max-video-preview":"max-video-preview:-1"},"canonical":"https:\/\/chromassonic.com\/index.php\/gerer-son-stress-chromotherapie\/","og_locale":"fr_FR","og_type":"article","og_title":"G\u00e9rer son stress avec la Chromoth\u00e9rapie - Chromassonic","og_description":"L&rsquo;\u00eatre humain a besoin de g\u00e9rer son stress, un d\u00e9fi de plus en plus important dans sa vie quotidienne, et surtout sur le plan professionnel. Il est soumis \u00e0 de nombreuses demandes et pressions : les exigeances de performances, de rapidit\u00e9 et de rentabilit\u00e9 ont un vrai impact sur le [&hellip;]","og_url":"https:\/\/chromassonic.com\/index.php\/gerer-son-stress-chromotherapie\/","og_site_name":"Chromassonic","article_modified_time":"2022-02-05T15:30:17+00:00","og_image":[{"width":1600,"height":485,"url":"https:\/\/chromassonic.com\/wp-content\/uploads\/2019\/04\/chromassonic_relaxation.jpg","type":"image\/jpeg"}],"twitter_card":"summary_large_image","twitter_misc":{"Dur\u00e9e de lecture estim\u00e9e":"2 minutes"},"schema":{"@context":"https:\/\/schema.org","@graph":[{"@type":"WebPage","@id":"https:\/\/chromassonic.com\/index.php\/gerer-son-stress-chromotherapie\/","url":"https:\/\/chromassonic.com\/index.php\/gerer-son-stress-chromotherapie\/","name":"G\u00e9rer son stress avec la Chromoth\u00e9rapie - Chromassonic","isPartOf":{"@id":"https:\/\/chromassonic.com\/#website"},"datePublished":"2019-04-11T23:47:06+00:00","dateModified":"2022-02-05T15:30:17+00:00","breadcrumb":{"@id":"https:\/\/chromassonic.com\/index.php\/gerer-son-stress-chromotherapie\/#breadcrumb"},"inLanguage":"fr-FR","potentialAction":[{"@type":"ReadAction","target":["https:\/\/chromassonic.com\/index.php\/gerer-son-stress-chromotherapie\/"]}]},{"@type":"BreadcrumbList","@id":"https:\/\/chromassonic.com\/index.php\/gerer-son-stress-chromotherapie\/#breadcrumb","itemListElement":[{"@type":"ListItem","position":1,"name":"Accueil","item":"https:\/\/chromassonic.com\/"},{"@type":"ListItem","position":2,"name":"G\u00e9rer son stress avec la Chromoth\u00e9rapie"}]},{"@type":"WebSite","@id":"https:\/\/chromassonic.com\/#website","url":"https:\/\/chromassonic.com\/","name":"Chromassonic","description":"Syst\u00e8me brevet\u00e9 de chromoth\u00e9rapie","publisher":{"@id":"https:\/\/chromassonic.com\/#organization"},"potentialAction":[{"@type":"SearchAction","target":{"@type":"EntryPoint","urlTemplate":"https:\/\/chromassonic.com\/?s={search_term_string}"},"query-input":"required name=search_term_string"}],"inLanguage":"fr-FR"},{"@type":"Organization","@id":"https:\/\/chromassonic.com\/#organization","name":"Chromassonic","url":"https:\/\/chromassonic.com\/","logo":{"@type":"ImageObject","inLanguage":"fr-FR","@id":"https:\/\/chromassonic.com\/#\/schema\/logo\/image\/","url":"https:\/\/chromassonic.com\/wp-content\/uploads\/2019\/04\/Chromassonic-systeme-logo-1.png","contentUrl":"https:\/\/chromassonic.com\/wp-content\/uploads\/2019\/04\/Chromassonic-systeme-logo-1.png","width":1656,"height":327,"caption":"Chromassonic"},"image":{"@id":"https:\/\/chromassonic.com\/#\/schema\/logo\/image\/"}}]}},"_links":{"self":[{"href":"https:\/\/chromassonic.com\/index.php\/wp-json\/wp\/v2\/pages\/110"}],"collection":[{"href":"https:\/\/chromassonic.com\/index.php\/wp-json\/wp\/v2\/pages"}],"about":[{"href":"https:\/\/chromassonic.com\/index.php\/wp-json\/wp\/v2\/types\/page"}],"author":[{"embeddable":true,"href":"https:\/\/chromassonic.com\/index.php\/wp-json\/wp\/v2\/users\/2"}],"replies":[{"embeddable":true,"href":"https:\/\/chromassonic.com\/index.php\/wp-json\/wp\/v2\/comments?post=110"}],"version-history":[{"count":5,"href":"https:\/\/chromassonic.com\/index.php\/wp-json\/wp\/v2\/pages\/110\/revisions"}],"predecessor-version":[{"id":487,"href":"https:\/\/chromassonic.com\/index.php\/wp-json\/wp\/v2\/pages\/110\/revisions\/487"}],"wp:featuredmedia":[{"embeddable":true,"href":"https:\/\/chromassonic.com\/index.php\/wp-json\/wp\/v2\/media\/114"}],"wp:attachment":[{"href":"https:\/\/chromassonic.com\/index.php\/wp-json\/wp\/v2\/media?parent=110"}],"curies":[{"name":"wp","href":"https:\/\/api.w.org\/{rel}","templated":true}]}}