{"id":116,"date":"2019-04-11T23:58:27","date_gmt":"2019-04-11T23:58:27","guid":{"rendered":"https:\/\/chromassonic.com\/?page_id=116"},"modified":"2019-05-16T20:47:10","modified_gmt":"2019-05-16T20:47:10","slug":"soin-des-abeilles","status":"publish","type":"page","link":"https:\/\/chromassonic.com\/index.php\/soin-des-abeilles\/","title":{"rendered":"Soin des Abeilles"},"content":{"rendered":"\n<p>T\u00e9moignage de FRANCQ Jean-Philippe, ost\u00e9opathe et apiculteur<br> Tel\u00a0: 06 83 28 63 09<br> Mail\u00a0: <a href=\"mailto:fratete@aol.com\"><strong>fratete@aol.com<\/strong><\/a><\/p>\n\n\n\n<hr class=\"wp-block-separator\"\/>\n\n\n\n<p>Nous nous sommes pench\u00e9s avec beaucoup d\u2019int\u00e9r\u00eat sur\nnos amies les abeilles, qui meurent un peu plus chaque jour. Tout comme nous,\nsauvez les abeilles : elles assurent notre survie, garantissent l\u2019\u00e9quilibre de\nnotre plan\u00e8te et jouent un r\u00f4le essentiel pour les arbres, les fleurs, et les\nfruits.<\/p>\n\n\n\n<p>Avec nos connaissances, nous avons fabriqu\u00e9 un produit permettant de les immuniser contre les virus et les pesticides : <strong><a href=\"https:\/\/produits-naturels-kihome.com\/boutique\/eau-de-chene\/nourissement-des-abeilles\/\" target=\"_blank\" rel=\"noreferrer noopener\" aria-label=\" (opens in a new tab)\">l&rsquo;Eau de Ch\u00eane pour Abeilles<\/a><\/strong>.<\/p>\n\n\n\n<p>Ce produit naturel fut la source de longues ann\u00e9es recherches, car notre priorit\u00e9 \u00e9tait d&rsquo;\u00e9viter tout risque de mortalit\u00e9 pour le bien de la&nbsp; ruche. L&rsquo;Eau de Ch\u00eane est utilis\u00e9e pour fortifier et stimuler les abeilles, ce qui leur permet de produire plus de miel et de disposer de reines fertiles et r\u00e9sistantes.<\/p>\n\n\n\n<div class=\"wp-block-image\"><figure class=\"aligncenter\"><img decoding=\"async\" loading=\"lazy\" width=\"600\" height=\"600\" src=\"https:\/\/chromassonic.com\/wp-content\/uploads\/2019\/04\/Eau-de-chene-abeilles.png\" alt=\"\" class=\"wp-image-118\" srcset=\"https:\/\/chromassonic.com\/wp-content\/uploads\/2019\/04\/Eau-de-chene-abeilles.png 600w, https:\/\/chromassonic.com\/wp-content\/uploads\/2019\/04\/Eau-de-chene-abeilles-150x150.png 150w, https:\/\/chromassonic.com\/wp-content\/uploads\/2019\/04\/Eau-de-chene-abeilles-300x300.png 300w\" sizes=\"(max-width: 600px) 100vw, 600px\" \/><\/figure><\/div>\n\n\n\n<p>L&rsquo;Eau de Ch\u00eane <strong>ne contient pas de produit chimique<\/strong>,\net n&rsquo;a aucun r\u00e9sidu.<\/p>\n\n\n\n<ul><li>Ce produit est naturel \u00e0 cent pour cent dans sa forme. Aucun additionnel.<\/li><li>Un grand soin a \u00e9t\u00e9 fourni sur l\u2019emballage : il n&rsquo;est pas toxique.<\/li><li>L&rsquo;Eau de Ch\u00eane se donne \u00e0 boire aux abeilles : elles se servent toutes seules.<\/li><\/ul>\n\n\n\n<hr class=\"wp-block-separator\"\/>\n\n\n\n<p><strong>Sauvez les abeilles : une priorit\u00e9 en 2018<\/strong><\/p>\n\n\n\n<p>Les apiculteurs font face actuellement \u00e0 une trag\u00e9die terrible qui d\u00e9cime leurs ruches et leurs colonies. Celles ci sont fragilis\u00e9es par de nombreux pathog\u00e8nes (champignons, parasites, bact\u00e9ries, virus&#8230;) et de multiples <a rel=\"noreferrer noopener\" href=\"http:\/\/agriculture.gouv.fr\/maitrise-des-produits-phytosanitaires-pesticides\" target=\"_blank\"><strong>produits phytosanitaires<\/strong><\/a> comme les insecticides, les fongicides, les acaricides, les antifongiques, ou encore les antimicrobiens &#8230;<\/p>\n\n\n\n<p>Ces facteurs sont particuli\u00e8rement n\u00e9fastes et\ndestructeurs sur la sant\u00e9 de l&rsquo;abeille, car ils ont un impact sur la fa\u00e7on dont\nelles se nourrissent. Plus simplement, les abeilles s&#8217;empoissonnent en\nmangeant, ce qui fait souffrir leur croissance.<\/p>\n\n\n\n<p>Elles ne se d\u00e9veloppent pas suffisamment dans leur\nenvironnement et ne se reproduisent plus autant que leur pr\u00e9d\u00e9cesseuses. Leur\n\u00e9tat immunitaire, surtout, est affaibli.<\/p>\n\n\n\n<p>A long terme, ce sont les futures g\u00e9n\u00e9rations d\u2019abeilles qui seront affect\u00e9es par ces diff\u00e9rents pathog\u00e8nes. Actuellement, les apiculteurs sous-estiment cette situation et ne se concentrent pas assez sur <a rel=\"noreferrer noopener\" href=\"https:\/\/www.ruche-naturelle.fr\/l%C3%A9gislation\/\" target=\"_blank\"><strong>la question sanitaire de leurs ruches<\/strong><\/a>. Si vous fa\u00eetes partie de ces apiculteurs, nous vous encourageons \u00e0 agir d\u00e8s maintenant : sauvez les abeiles ! Vous profiterez d&rsquo;une meilleure r\u00e9colte et d&rsquo;un meilleur environnement pour vos ruches.<\/p>\n\n\n\n<p>Il est maintenant indispensable, dans nos pratiques quotidiennes d\u2019apiculture, de renforcer l&rsquo;immunit\u00e9 des abeilles.<\/p>\n\n\n\n<hr class=\"wp-block-separator\"\/>\n\n\n\n<p><strong>Sauvez les abeilles : comment s&rsquo;y prendre ?<\/strong><\/p>\n\n\n\n<figure class=\"wp-block-image\"><img decoding=\"async\" loading=\"lazy\" width=\"1000\" height=\"750\" src=\"https:\/\/chromassonic.com\/wp-content\/uploads\/2019\/04\/abeille-chromassonic-tham-sco.jpg\" alt=\"\" class=\"wp-image-67\" srcset=\"https:\/\/chromassonic.com\/wp-content\/uploads\/2019\/04\/abeille-chromassonic-tham-sco.jpg 1000w, https:\/\/chromassonic.com\/wp-content\/uploads\/2019\/04\/abeille-chromassonic-tham-sco-300x225.jpg 300w, https:\/\/chromassonic.com\/wp-content\/uploads\/2019\/04\/abeille-chromassonic-tham-sco-768x576.jpg 768w\" sizes=\"(max-width: 1000px) 100vw, 1000px\" \/><\/figure>\n\n\n\n<p>Il existe\nplusieurs d\u00e9marches, les plus classiques \u00e9tant :<\/p>\n\n\n\n<ul><li>Nourrir nos colonies uniquement a base de miel (propri\u00e9t\u00e9 anti-oxydante et antibact\u00e9rienne).<\/li><li>Pr\u00e9lever seulement la r\u00e9colte sur les hausses.<\/li><li>Augmenter la biodiversit\u00e9 et diminuer la monoculture dans leurs espaces de butinage.<\/li><li>Replanter des espaces diversifi\u00e9s riches en nectar et en pollen.<\/li><li>Travailler avec les acteurs agricoles sur la mise en place des traitements.<\/li><\/ul>\n\n\n\n<p><strong>Ces mesures, cependant, ne suffisent\nplus.<\/strong><\/p>\n\n\n\n<p>La pollution grandissante n\u00e9cessite des actions non aggressives, concentr\u00e9es et efficaces.<\/p>\n\n\n\n<p><strong>Nous devons agir directement sur le\nsyst\u00e8me immunitaire de l\u2019abeille.<\/strong><\/p>\n\n\n\n<p>Pour cela, et ce depuis 2 ans, notre soci\u00e9t\u00e9 THAM.SCO nourrit des colonies.<\/p>\n\n\n\n<p>Nous ajoutons l&rsquo;Eau de Ch\u00eane dans l&rsquo;alimentation des abeilles, sans perturber leur d\u00e9veloppement et leur croissance.<\/p>\n\n\n\n<hr class=\"wp-block-separator\"\/>\n\n\n\n<p><strong>Pour appliquer l&rsquo;Eau de Ch\u00eane&#8230;<\/strong><\/p>\n\n\n\n<p>Le mode d&#8217;emploi est simple :<\/p>\n\n\n\n<ul><li>Additionnez 1 cuill\u00e8re \u00e0 soupe\/litre d&rsquo;Eau de Ch\u00eane, avec un m\u00e9lange d&rsquo;eau et de miel.<\/li><li>Fa\u00eetes-le 2 fois par mois.<\/li><li>Versez l&rsquo;Eau soit directement dans le nourrisseur \u00e0 l\u2019int\u00e9rieur de la ruche, soit en d\u00e9posant 3 \u00e0 4 coupelles devant le rucher.<\/li><li><strong>Attention :<\/strong> positionnez des lamelles de bambous dans la coupelle pour que les abeilles puissent boire sans se      noyer !<\/li><\/ul>\n\n\n\n<p><strong>Nos conseils de quantit\u00e9: 1\/5 litre pour une petite ruche de 5 cadres. 1\/4L pour une ruche de 10 cadres. <\/strong><\/p>\n\n\n\n<p>Par communication de nourriture, les abeilles\ntransmettent cette eau dans tous les compartiments de la ruche\n(reine\/couvain\/larves\/jeunes abeilles). Cette diffusion permet de diminuer,\nvoire d\u2019\u00e9radiquer de nombreux \u00e9l\u00e9ments pathog\u00e8nes. <strong>La ruche peut ainsi, au\nfil des g\u00e9n\u00e9rations, retrouver un \u00e9tat sanitaire quasi normal<\/strong>.<\/p>\n\n\n\n<p>Depuis 2 ans, nous utilisons cette eau avec des\nr\u00e9sultats tout \u00e0 fait remarquables. Des apiculteurs t\u00e9moignent que leur\ncolonies se portent bien, et que les pertes avoisinent les 10\/100 par an. Les\nr\u00e9coltes sont, quant \u00e0 elles, meilleures.<\/p>\n\n\n\n<p><strong>Sauvez les abeilles : int\u00e9ress\u00e9 par\nl&rsquo;Eau de ch\u00eane, mais peu convaincu ?<\/strong><\/p>\n\n\n\n<p>Pas de probl\u00e8me, nous vous proposons de faire une\nexp\u00e9rience devant votre rucher. En mettant 2 coupelles, l\u2019une uniquement avec\nde l\u2019eau normale et l\u2019autre avec l&rsquo;Eau de Ch\u00eane additionn\u00e9e, nous avons pu\nobserver une forte majorit\u00e9 des abeilles s&rsquo;abreuver \u00e0 la coupe d&rsquo;Eau de Ch\u00eane.<\/p>\n\n\n\n<ul><li>L\u2019abeille ne se trompe pas. Elle ira toujours vers la ressource qui lui convient.<\/li><li>Les fleurs \u00e9mettent des signaux \u00e9lectriques li\u00e9s \u00e0 leurs teneurs en pollen.<\/li><li>Ces fr\u00e9quences sont capt\u00e9es par l\u2019abeille qui s\u2019en sert pour le butinage.<\/li><\/ul>\n\n\n\n<p>L\u2019eau THAM.SCO pr\u00e9sente une fr\u00e9quence particuli\u00e8re qui\nva agir sur le syst\u00e8me immunitaire de l\u2019abeille. Par d\u00e9toxification dans un\npremier temps, puis en \u00e9quilibrant et en renfor\u00e7ant ce syst\u00e8me.<\/p>\n\n\n\n<hr class=\"wp-block-separator\"\/>\n\n\n\n<p><strong>Les r\u00e9sultats de l&rsquo;Eau de Ch\u00eane ?<\/strong><\/p>\n\n\n\n<p>L\u2019abeille peut \u00e0 nouveau faire face aux diff\u00e9rents\n\u00e9l\u00e9ments pathog\u00e8nes de son environnement, mais <strong>avec un \u00e9tat sanitaire\nnettement relev\u00e9.<\/strong><\/p>\n\n\n\n<p>Vous aussi, sauvez les abeilles : vous pouvez en faire\nl\u2019exp\u00e9rience, avec de grosses satisfactions \u00e0 la cl\u00e9. Pour toute question,\ncontactez-moi :<\/p>\n\n\n\n<p><strong><em>FRANCQ Jean-Philippe<\/em><\/strong><br> <em>Tel\u00a0: 06 83 28 63 09<\/em><br> <em>Mail\u00a0: <a href=\"mailto:fratete@aol.com\"><strong>fratete@aol.com<\/strong><\/a><\/em><\/p>\n\n\n\n<hr class=\"wp-block-separator\"\/>\n","protected":false},"excerpt":{"rendered":"<p>T\u00e9moignage de FRANCQ Jean-Philippe, ost\u00e9opathe et apiculteur Tel\u00a0: 06 83 28 63 09 Mail\u00a0: fratete@aol.com Nous nous sommes pench\u00e9s avec beaucoup d\u2019int\u00e9r\u00eat sur nos amies les abeilles, qui meurent un peu plus chaque jour. Tout comme nous, sauvez les abeilles : elles assurent notre survie, garantissent l\u2019\u00e9quilibre de notre plan\u00e8te [&hellip;]<\/p>\n","protected":false},"author":2,"featured_media":119,"parent":0,"menu_order":0,"comment_status":"closed","ping_status":"closed","template":"","meta":[],"yoast_head":"<!-- This site is optimized with the Yoast SEO plugin v21.8.1 - https:\/\/yoast.com\/wordpress\/plugins\/seo\/ -->\n<title>Soin des Abeilles - Chromassonic<\/title>\n<meta name=\"robots\" content=\"index, follow, max-snippet:-1, max-image-preview:large, max-video-preview:-1\" \/>\n<link rel=\"canonical\" href=\"https:\/\/chromassonic.com\/index.php\/soin-des-abeilles\/\" \/>\n<meta property=\"og:locale\" content=\"fr_FR\" \/>\n<meta property=\"og:type\" content=\"article\" \/>\n<meta property=\"og:title\" content=\"Soin des Abeilles - Chromassonic\" \/>\n<meta property=\"og:description\" content=\"T\u00e9moignage de FRANCQ Jean-Philippe, ost\u00e9opathe et apiculteur Tel\u00a0: 06 83 28 63 09 Mail\u00a0: fratete@aol.com Nous nous sommes pench\u00e9s avec beaucoup d\u2019int\u00e9r\u00eat sur nos amies les abeilles, qui meurent un peu plus chaque jour. Tout comme nous, sauvez les abeilles : elles assurent notre survie, garantissent l\u2019\u00e9quilibre de notre plan\u00e8te [&hellip;]\" \/>\n<meta property=\"og:url\" content=\"https:\/\/chromassonic.com\/index.php\/soin-des-abeilles\/\" \/>\n<meta property=\"og:site_name\" content=\"Chromassonic\" \/>\n<meta property=\"article:modified_time\" content=\"2019-05-16T20:47:10+00:00\" \/>\n<meta property=\"og:image\" content=\"https:\/\/chromassonic.com\/wp-content\/uploads\/2019\/04\/eau_abeille_chromassonic_tham_sco.jpg\" \/>\n\t<meta property=\"og:image:width\" content=\"1000\" \/>\n\t<meta property=\"og:image:height\" content=\"351\" \/>\n\t<meta property=\"og:image:type\" content=\"image\/jpeg\" \/>\n<meta name=\"twitter:card\" content=\"summary_large_image\" \/>\n<meta name=\"twitter:label1\" content=\"Dur\u00e9e de lecture estim\u00e9e\" \/>\n\t<meta name=\"twitter:data1\" content=\"5 minutes\" \/>\n<script type=\"application\/ld+json\" class=\"yoast-schema-graph\">{\"@context\":\"https:\/\/schema.org\",\"@graph\":[{\"@type\":\"WebPage\",\"@id\":\"https:\/\/chromassonic.com\/index.php\/soin-des-abeilles\/\",\"url\":\"https:\/\/chromassonic.com\/index.php\/soin-des-abeilles\/\",\"name\":\"Soin des Abeilles - Chromassonic\",\"isPartOf\":{\"@id\":\"https:\/\/chromassonic.com\/#website\"},\"datePublished\":\"2019-04-11T23:58:27+00:00\",\"dateModified\":\"2019-05-16T20:47:10+00:00\",\"breadcrumb\":{\"@id\":\"https:\/\/chromassonic.com\/index.php\/soin-des-abeilles\/#breadcrumb\"},\"inLanguage\":\"fr-FR\",\"potentialAction\":[{\"@type\":\"ReadAction\",\"target\":[\"https:\/\/chromassonic.com\/index.php\/soin-des-abeilles\/\"]}]},{\"@type\":\"BreadcrumbList\",\"@id\":\"https:\/\/chromassonic.com\/index.php\/soin-des-abeilles\/#breadcrumb\",\"itemListElement\":[{\"@type\":\"ListItem\",\"position\":1,\"name\":\"Accueil\",\"item\":\"https:\/\/chromassonic.com\/\"},{\"@type\":\"ListItem\",\"position\":2,\"name\":\"Soin des Abeilles\"}]},{\"@type\":\"WebSite\",\"@id\":\"https:\/\/chromassonic.com\/#website\",\"url\":\"https:\/\/chromassonic.com\/\",\"name\":\"Chromassonic\",\"description\":\"Syst\u00e8me brevet\u00e9 de chromoth\u00e9rapie\",\"publisher\":{\"@id\":\"https:\/\/chromassonic.com\/#organization\"},\"potentialAction\":[{\"@type\":\"SearchAction\",\"target\":{\"@type\":\"EntryPoint\",\"urlTemplate\":\"https:\/\/chromassonic.com\/?s={search_term_string}\"},\"query-input\":\"required name=search_term_string\"}],\"inLanguage\":\"fr-FR\"},{\"@type\":\"Organization\",\"@id\":\"https:\/\/chromassonic.com\/#organization\",\"name\":\"Chromassonic\",\"url\":\"https:\/\/chromassonic.com\/\",\"logo\":{\"@type\":\"ImageObject\",\"inLanguage\":\"fr-FR\",\"@id\":\"https:\/\/chromassonic.com\/#\/schema\/logo\/image\/\",\"url\":\"https:\/\/chromassonic.com\/wp-content\/uploads\/2019\/04\/Chromassonic-systeme-logo-1.png\",\"contentUrl\":\"https:\/\/chromassonic.com\/wp-content\/uploads\/2019\/04\/Chromassonic-systeme-logo-1.png\",\"width\":1656,\"height\":327,\"caption\":\"Chromassonic\"},\"image\":{\"@id\":\"https:\/\/chromassonic.com\/#\/schema\/logo\/image\/\"}}]}<\/script>\n<!-- \/ Yoast SEO plugin. -->","yoast_head_json":{"title":"Soin des Abeilles - Chromassonic","robots":{"index":"index","follow":"follow","max-snippet":"max-snippet:-1","max-image-preview":"max-image-preview:large","max-video-preview":"max-video-preview:-1"},"canonical":"https:\/\/chromassonic.com\/index.php\/soin-des-abeilles\/","og_locale":"fr_FR","og_type":"article","og_title":"Soin des Abeilles - Chromassonic","og_description":"T\u00e9moignage de FRANCQ Jean-Philippe, ost\u00e9opathe et apiculteur Tel\u00a0: 06 83 28 63 09 Mail\u00a0: fratete@aol.com Nous nous sommes pench\u00e9s avec beaucoup d\u2019int\u00e9r\u00eat sur nos amies les abeilles, qui meurent un peu plus chaque jour. Tout comme nous, sauvez les abeilles : elles assurent notre survie, garantissent l\u2019\u00e9quilibre de notre plan\u00e8te [&hellip;]","og_url":"https:\/\/chromassonic.com\/index.php\/soin-des-abeilles\/","og_site_name":"Chromassonic","article_modified_time":"2019-05-16T20:47:10+00:00","og_image":[{"width":1000,"height":351,"url":"https:\/\/chromassonic.com\/wp-content\/uploads\/2019\/04\/eau_abeille_chromassonic_tham_sco.jpg","type":"image\/jpeg"}],"twitter_card":"summary_large_image","twitter_misc":{"Dur\u00e9e de lecture estim\u00e9e":"5 minutes"},"schema":{"@context":"https:\/\/schema.org","@graph":[{"@type":"WebPage","@id":"https:\/\/chromassonic.com\/index.php\/soin-des-abeilles\/","url":"https:\/\/chromassonic.com\/index.php\/soin-des-abeilles\/","name":"Soin des Abeilles - Chromassonic","isPartOf":{"@id":"https:\/\/chromassonic.com\/#website"},"datePublished":"2019-04-11T23:58:27+00:00","dateModified":"2019-05-16T20:47:10+00:00","breadcrumb":{"@id":"https:\/\/chromassonic.com\/index.php\/soin-des-abeilles\/#breadcrumb"},"inLanguage":"fr-FR","potentialAction":[{"@type":"ReadAction","target":["https:\/\/chromassonic.com\/index.php\/soin-des-abeilles\/"]}]},{"@type":"BreadcrumbList","@id":"https:\/\/chromassonic.com\/index.php\/soin-des-abeilles\/#breadcrumb","itemListElement":[{"@type":"ListItem","position":1,"name":"Accueil","item":"https:\/\/chromassonic.com\/"},{"@type":"ListItem","position":2,"name":"Soin des Abeilles"}]},{"@type":"WebSite","@id":"https:\/\/chromassonic.com\/#website","url":"https:\/\/chromassonic.com\/","name":"Chromassonic","description":"Syst\u00e8me brevet\u00e9 de chromoth\u00e9rapie","publisher":{"@id":"https:\/\/chromassonic.com\/#organization"},"potentialAction":[{"@type":"SearchAction","target":{"@type":"EntryPoint","urlTemplate":"https:\/\/chromassonic.com\/?s={search_term_string}"},"query-input":"required name=search_term_string"}],"inLanguage":"fr-FR"},{"@type":"Organization","@id":"https:\/\/chromassonic.com\/#organization","name":"Chromassonic","url":"https:\/\/chromassonic.com\/","logo":{"@type":"ImageObject","inLanguage":"fr-FR","@id":"https:\/\/chromassonic.com\/#\/schema\/logo\/image\/","url":"https:\/\/chromassonic.com\/wp-content\/uploads\/2019\/04\/Chromassonic-systeme-logo-1.png","contentUrl":"https:\/\/chromassonic.com\/wp-content\/uploads\/2019\/04\/Chromassonic-systeme-logo-1.png","width":1656,"height":327,"caption":"Chromassonic"},"image":{"@id":"https:\/\/chromassonic.com\/#\/schema\/logo\/image\/"}}]}},"_links":{"self":[{"href":"https:\/\/chromassonic.com\/index.php\/wp-json\/wp\/v2\/pages\/116"}],"collection":[{"href":"https:\/\/chromassonic.com\/index.php\/wp-json\/wp\/v2\/pages"}],"about":[{"href":"https:\/\/chromassonic.com\/index.php\/wp-json\/wp\/v2\/types\/page"}],"author":[{"embeddable":true,"href":"https:\/\/chromassonic.com\/index.php\/wp-json\/wp\/v2\/users\/2"}],"replies":[{"embeddable":true,"href":"https:\/\/chromassonic.com\/index.php\/wp-json\/wp\/v2\/comments?post=116"}],"version-history":[{"count":4,"href":"https:\/\/chromassonic.com\/index.php\/wp-json\/wp\/v2\/pages\/116\/revisions"}],"predecessor-version":[{"id":370,"href":"https:\/\/chromassonic.com\/index.php\/wp-json\/wp\/v2\/pages\/116\/revisions\/370"}],"wp:featuredmedia":[{"embeddable":true,"href":"https:\/\/chromassonic.com\/index.php\/wp-json\/wp\/v2\/media\/119"}],"wp:attachment":[{"href":"https:\/\/chromassonic.com\/index.php\/wp-json\/wp\/v2\/media?parent=116"}],"curies":[{"name":"wp","href":"https:\/\/api.w.org\/{rel}","templated":true}]}}