{"id":124,"date":"2019-04-12T00:11:37","date_gmt":"2019-04-12T00:11:37","guid":{"rendered":"https:\/\/chromassonic.com\/?page_id=124"},"modified":"2025-09-13T10:04:36","modified_gmt":"2025-09-13T10:04:36","slug":"contactons-nous","status":"publish","type":"page","link":"https:\/\/chromassonic.com\/index.php\/contactons-nous\/","title":{"rendered":"Contactons-nous"},"content":{"rendered":"\r\n<h5 class=\"wp-block-heading\">Nous sommes \u00e0 votre disposition :<\/h5>\r\n\r\n\r\n<div class=\"wpforms-container wpforms-container-full wpforms-block\" id=\"wpforms-46\"><form id=\"wpforms-form-46\" class=\"wpforms-validate wpforms-form\" data-formid=\"46\" method=\"post\" enctype=\"multipart\/form-data\" action=\"\/index.php\/wp-json\/wp\/v2\/pages\/124\" data-token=\"506fc6138fc65da4a7d1ebcb08c3c80c\" data-token-time=\"1776515328\"><noscript class=\"wpforms-error-noscript\">Veuillez activer JavaScript dans votre navigateur pour remplir ce formulaire.<\/noscript><div class=\"wpforms-field-container\"><div id=\"wpforms-46-field_0-container\" class=\"wpforms-field wpforms-field-name\" data-field-id=\"0\"><label class=\"wpforms-field-label\">Nom <span class=\"wpforms-required-label\">*<\/span><\/label><div class=\"wpforms-field-row wpforms-field-medium\"><div class=\"wpforms-field-row-block wpforms-first wpforms-one-half\"><input type=\"text\" id=\"wpforms-46-field_0\" class=\"wpforms-field-name-first wpforms-field-required\" name=\"wpforms[fields][0][first]\" required><label for=\"wpforms-46-field_0\" class=\"wpforms-field-sublabel after\">Pr\u00e9nom<\/label><\/div><div class=\"wpforms-field-row-block wpforms-one-half\"><input type=\"text\" id=\"wpforms-46-field_0-last\" class=\"wpforms-field-name-last wpforms-field-required\" name=\"wpforms[fields][0][last]\" required><label for=\"wpforms-46-field_0-last\" class=\"wpforms-field-sublabel after\">Nom<\/label><\/div><\/div><\/div><div id=\"wpforms-46-field_1-container\" class=\"wpforms-field wpforms-field-email\" data-field-id=\"1\"><label class=\"wpforms-field-label\" for=\"wpforms-46-field_1\">Adresse de contact <span class=\"wpforms-required-label\">*<\/span><\/label><input type=\"email\" id=\"wpforms-46-field_1\" class=\"wpforms-field-medium wpforms-field-required\" name=\"wpforms[fields][1]\" spellcheck=\"false\" required><\/div><div id=\"wpforms-46-field_2-container\" class=\"wpforms-field wpforms-field-textarea\" data-field-id=\"2\"><label class=\"wpforms-field-label\" for=\"wpforms-46-field_2\">Votre message <span class=\"wpforms-required-label\">*<\/span><\/label><textarea id=\"wpforms-46-field_2\" class=\"wpforms-field-medium wpforms-field-required\" name=\"wpforms[fields][2]\" required><\/textarea><\/div><div id=\"wpforms-46-field_3-container\" class=\"wpforms-field wpforms-field-gdpr-checkbox\" data-field-id=\"3\"><label class=\"wpforms-field-label wpforms-label-hide\">R\u00e9glement G\u00e9n\u00e9ral de la Protection des Donn\u00e9es <span class=\"wpforms-required-label\">*<\/span><\/label><ul id=\"wpforms-46-field_3\" class=\"wpforms-field-required\"><li class=\"choice-1\"><input type=\"checkbox\" id=\"wpforms-46-field_3_1\" name=\"wpforms[fields][3][]\" value=\"Je consens \u00e0 ce que site utilise mes informations dans ce message afin qu&#039;il puisse r\u00e9pondre \u00e0 ma demande\" required ><label class=\"wpforms-field-label-inline\" for=\"wpforms-46-field_3_1\">Je consens \u00e0 ce que site utilise mes informations dans ce message afin qu&rsquo;il puisse r\u00e9pondre \u00e0 ma demande <span class=\"wpforms-required-label\">*<\/span><\/label><\/li><\/ul><\/div><\/div><!-- .wpforms-field-container --><div class=\"wpforms-field wpforms-field-hp\"><label for=\"wpforms-46-field-hp\" class=\"wpforms-field-label\">Name<\/label><input type=\"text\" name=\"wpforms[hp]\" id=\"wpforms-46-field-hp\" class=\"wpforms-field-medium\"><\/div><div class=\"wpforms-submit-container\" ><input type=\"hidden\" name=\"wpforms[id]\" value=\"46\"><input type=\"hidden\" name=\"page_title\" value=\"\"><input type=\"hidden\" name=\"page_url\" value=\"https:\/\/chromassonic.com\/index.php\/wp-json\/wp\/v2\/pages\/124\"><input type=\"hidden\" name=\"url_referer\" value=\"\"><button type=\"submit\" name=\"wpforms[submit]\" id=\"wpforms-submit-46\" class=\"wpforms-submit\" data-alt-text=\"Sending...\" data-submit-text=\"Envoyer\" aria-live=\"assertive\" value=\"wpforms-submit\">Envoyer<\/button><\/div><\/form><\/div>  <!-- .wpforms-container -->\r\n\r\n\r\n<h4 class=\"wp-block-heading\"><strong>Soci\u00e9t\u00e9 Tham Sco<\/strong><\/h4>\r\n\r\n\r\n\r\n\r\n\r\n<ul>\r\n<li>T\u00e9l. 06 70 56 35 45<\/li>\r\n<li>Mail :\u00a0<strong><a href=\"mailto:tham.sco66@gmail.com\" rel=\"nofollow\">tham.sco66@gmail.com<\/a><\/strong><\/li>\r\n<li>52 avenue de Toulouse &#8211; 31250 Revel<\/li>\r\n<\/ul>\r\n\r\n\r\n\r\n<ul><\/ul>\r\n\r\n\r\n\r\n\r\n\r\n\r\n<hr class=\"wp-block-separator\" \/>","protected":false},"excerpt":{"rendered":"<p>Nous sommes \u00e0 votre disposition : Soci\u00e9t\u00e9 Tham Sco T\u00e9l. 06 70 56 35 45 Mail :\u00a0tham.sco66@gmail.com 52 avenue de Toulouse &#8211; 31250 Revel<\/p>\n","protected":false},"author":2,"featured_media":126,"parent":0,"menu_order":0,"comment_status":"closed","ping_status":"closed","template":"","meta":[],"yoast_head":"<!-- This site is optimized with the Yoast SEO plugin v21.8.1 - https:\/\/yoast.com\/wordpress\/plugins\/seo\/ -->\n<title>Contactons-nous - Chromassonic<\/title>\n<meta name=\"robots\" content=\"index, follow, max-snippet:-1, max-image-preview:large, max-video-preview:-1\" \/>\n<link rel=\"canonical\" href=\"https:\/\/chromassonic.com\/index.php\/contactons-nous\/\" \/>\n<meta property=\"og:locale\" content=\"fr_FR\" \/>\n<meta property=\"og:type\" content=\"article\" \/>\n<meta property=\"og:title\" content=\"Contactons-nous - Chromassonic\" \/>\n<meta property=\"og:description\" content=\"Nous sommes \u00e0 votre disposition : Soci\u00e9t\u00e9 Tham Sco T\u00e9l. 06 70 56 35 45 Mail :\u00a0tham.sco66@gmail.com 52 avenue de Toulouse &#8211; 31250 Revel\" \/>\n<meta property=\"og:url\" content=\"https:\/\/chromassonic.com\/index.php\/contactons-nous\/\" \/>\n<meta property=\"og:site_name\" content=\"Chromassonic\" \/>\n<meta property=\"article:modified_time\" content=\"2025-09-13T10:04:36+00:00\" \/>\n<meta property=\"og:image\" content=\"https:\/\/chromassonic.com\/wp-content\/uploads\/2019\/04\/chromassonic_contact.jpg\" \/>\n\t<meta property=\"og:image:width\" content=\"1000\" \/>\n\t<meta property=\"og:image:height\" content=\"667\" \/>\n\t<meta property=\"og:image:type\" content=\"image\/jpeg\" \/>\n<meta name=\"twitter:card\" content=\"summary_large_image\" \/>\n<script type=\"application\/ld+json\" class=\"yoast-schema-graph\">{\"@context\":\"https:\/\/schema.org\",\"@graph\":[{\"@type\":\"WebPage\",\"@id\":\"https:\/\/chromassonic.com\/index.php\/contactons-nous\/\",\"url\":\"https:\/\/chromassonic.com\/index.php\/contactons-nous\/\",\"name\":\"Contactons-nous - Chromassonic\",\"isPartOf\":{\"@id\":\"https:\/\/chromassonic.com\/#website\"},\"datePublished\":\"2019-04-12T00:11:37+00:00\",\"dateModified\":\"2025-09-13T10:04:36+00:00\",\"breadcrumb\":{\"@id\":\"https:\/\/chromassonic.com\/index.php\/contactons-nous\/#breadcrumb\"},\"inLanguage\":\"fr-FR\",\"potentialAction\":[{\"@type\":\"ReadAction\",\"target\":[\"https:\/\/chromassonic.com\/index.php\/contactons-nous\/\"]}]},{\"@type\":\"BreadcrumbList\",\"@id\":\"https:\/\/chromassonic.com\/index.php\/contactons-nous\/#breadcrumb\",\"itemListElement\":[{\"@type\":\"ListItem\",\"position\":1,\"name\":\"Accueil\",\"item\":\"https:\/\/chromassonic.com\/\"},{\"@type\":\"ListItem\",\"position\":2,\"name\":\"Contactons-nous\"}]},{\"@type\":\"WebSite\",\"@id\":\"https:\/\/chromassonic.com\/#website\",\"url\":\"https:\/\/chromassonic.com\/\",\"name\":\"Chromassonic\",\"description\":\"Syst\u00e8me brevet\u00e9 de chromoth\u00e9rapie\",\"publisher\":{\"@id\":\"https:\/\/chromassonic.com\/#organization\"},\"potentialAction\":[{\"@type\":\"SearchAction\",\"target\":{\"@type\":\"EntryPoint\",\"urlTemplate\":\"https:\/\/chromassonic.com\/?s={search_term_string}\"},\"query-input\":\"required name=search_term_string\"}],\"inLanguage\":\"fr-FR\"},{\"@type\":\"Organization\",\"@id\":\"https:\/\/chromassonic.com\/#organization\",\"name\":\"Chromassonic\",\"url\":\"https:\/\/chromassonic.com\/\",\"logo\":{\"@type\":\"ImageObject\",\"inLanguage\":\"fr-FR\",\"@id\":\"https:\/\/chromassonic.com\/#\/schema\/logo\/image\/\",\"url\":\"https:\/\/chromassonic.com\/wp-content\/uploads\/2019\/04\/Chromassonic-systeme-logo-1.png\",\"contentUrl\":\"https:\/\/chromassonic.com\/wp-content\/uploads\/2019\/04\/Chromassonic-systeme-logo-1.png\",\"width\":1656,\"height\":327,\"caption\":\"Chromassonic\"},\"image\":{\"@id\":\"https:\/\/chromassonic.com\/#\/schema\/logo\/image\/\"}}]}<\/script>\n<!-- \/ Yoast SEO plugin. -->","yoast_head_json":{"title":"Contactons-nous - Chromassonic","robots":{"index":"index","follow":"follow","max-snippet":"max-snippet:-1","max-image-preview":"max-image-preview:large","max-video-preview":"max-video-preview:-1"},"canonical":"https:\/\/chromassonic.com\/index.php\/contactons-nous\/","og_locale":"fr_FR","og_type":"article","og_title":"Contactons-nous - Chromassonic","og_description":"Nous sommes \u00e0 votre disposition : Soci\u00e9t\u00e9 Tham Sco T\u00e9l. 06 70 56 35 45 Mail :\u00a0tham.sco66@gmail.com 52 avenue de Toulouse &#8211; 31250 Revel","og_url":"https:\/\/chromassonic.com\/index.php\/contactons-nous\/","og_site_name":"Chromassonic","article_modified_time":"2025-09-13T10:04:36+00:00","og_image":[{"width":1000,"height":667,"url":"https:\/\/chromassonic.com\/wp-content\/uploads\/2019\/04\/chromassonic_contact.jpg","type":"image\/jpeg"}],"twitter_card":"summary_large_image","schema":{"@context":"https:\/\/schema.org","@graph":[{"@type":"WebPage","@id":"https:\/\/chromassonic.com\/index.php\/contactons-nous\/","url":"https:\/\/chromassonic.com\/index.php\/contactons-nous\/","name":"Contactons-nous - Chromassonic","isPartOf":{"@id":"https:\/\/chromassonic.com\/#website"},"datePublished":"2019-04-12T00:11:37+00:00","dateModified":"2025-09-13T10:04:36+00:00","breadcrumb":{"@id":"https:\/\/chromassonic.com\/index.php\/contactons-nous\/#breadcrumb"},"inLanguage":"fr-FR","potentialAction":[{"@type":"ReadAction","target":["https:\/\/chromassonic.com\/index.php\/contactons-nous\/"]}]},{"@type":"BreadcrumbList","@id":"https:\/\/chromassonic.com\/index.php\/contactons-nous\/#breadcrumb","itemListElement":[{"@type":"ListItem","position":1,"name":"Accueil","item":"https:\/\/chromassonic.com\/"},{"@type":"ListItem","position":2,"name":"Contactons-nous"}]},{"@type":"WebSite","@id":"https:\/\/chromassonic.com\/#website","url":"https:\/\/chromassonic.com\/","name":"Chromassonic","description":"Syst\u00e8me brevet\u00e9 de chromoth\u00e9rapie","publisher":{"@id":"https:\/\/chromassonic.com\/#organization"},"potentialAction":[{"@type":"SearchAction","target":{"@type":"EntryPoint","urlTemplate":"https:\/\/chromassonic.com\/?s={search_term_string}"},"query-input":"required name=search_term_string"}],"inLanguage":"fr-FR"},{"@type":"Organization","@id":"https:\/\/chromassonic.com\/#organization","name":"Chromassonic","url":"https:\/\/chromassonic.com\/","logo":{"@type":"ImageObject","inLanguage":"fr-FR","@id":"https:\/\/chromassonic.com\/#\/schema\/logo\/image\/","url":"https:\/\/chromassonic.com\/wp-content\/uploads\/2019\/04\/Chromassonic-systeme-logo-1.png","contentUrl":"https:\/\/chromassonic.com\/wp-content\/uploads\/2019\/04\/Chromassonic-systeme-logo-1.png","width":1656,"height":327,"caption":"Chromassonic"},"image":{"@id":"https:\/\/chromassonic.com\/#\/schema\/logo\/image\/"}}]}},"_links":{"self":[{"href":"https:\/\/chromassonic.com\/index.php\/wp-json\/wp\/v2\/pages\/124"}],"collection":[{"href":"https:\/\/chromassonic.com\/index.php\/wp-json\/wp\/v2\/pages"}],"about":[{"href":"https:\/\/chromassonic.com\/index.php\/wp-json\/wp\/v2\/types\/page"}],"author":[{"embeddable":true,"href":"https:\/\/chromassonic.com\/index.php\/wp-json\/wp\/v2\/users\/2"}],"replies":[{"embeddable":true,"href":"https:\/\/chromassonic.com\/index.php\/wp-json\/wp\/v2\/comments?post=124"}],"version-history":[{"count":5,"href":"https:\/\/chromassonic.com\/index.php\/wp-json\/wp\/v2\/pages\/124\/revisions"}],"predecessor-version":[{"id":512,"href":"https:\/\/chromassonic.com\/index.php\/wp-json\/wp\/v2\/pages\/124\/revisions\/512"}],"wp:featuredmedia":[{"embeddable":true,"href":"https:\/\/chromassonic.com\/index.php\/wp-json\/wp\/v2\/media\/126"}],"wp:attachment":[{"href":"https:\/\/chromassonic.com\/index.php\/wp-json\/wp\/v2\/media?parent=124"}],"curies":[{"name":"wp","href":"https:\/\/api.w.org\/{rel}","templated":true}]}}