{"id":129,"date":"2019-04-12T00:22:23","date_gmt":"2019-04-12T00:22:23","guid":{"rendered":"https:\/\/chromassonic.com\/?page_id=129"},"modified":"2019-05-16T20:46:36","modified_gmt":"2019-05-16T20:46:36","slug":"gymnastique-des-yeux","status":"publish","type":"page","link":"https:\/\/chromassonic.com\/index.php\/gymnastique-des-yeux\/","title":{"rendered":"Gymnastique des Yeux"},"content":{"rendered":"\n<p style=\"text-align:center\"><strong>Profitez d&rsquo;une meilleure vision avec la gymnastique oculaire de Tham.Sco<\/strong><\/p>\n\n\n\n<div class=\"wp-block-image\"><figure class=\"aligncenter\"><img decoding=\"async\" loading=\"lazy\" width=\"500\" height=\"376\" src=\"https:\/\/chromassonic.com\/wp-content\/uploads\/2019\/04\/soins-yeux.png\" alt=\"\" class=\"wp-image-58\" srcset=\"https:\/\/chromassonic.com\/wp-content\/uploads\/2019\/04\/soins-yeux.png 500w, https:\/\/chromassonic.com\/wp-content\/uploads\/2019\/04\/soins-yeux-300x226.png 300w\" sizes=\"(max-width: 500px) 100vw, 500px\" \/><\/figure><\/div>\n\n\n\n<p style=\"text-align:center\">Toutes les informations du soin des yeux sont disponibles sur notre nouveau site, <a rel=\"noreferrer noopener\" aria-label=\"produits-naturels-kihome.com (opens in a new tab)\" href=\"https:\/\/produits-naturels-kihome.com\/\" target=\"_blank\"><strong>produits-naturels-kihome.com<\/strong><\/a> !<\/p>\n\n\n\n<div class=\"wp-block-button aligncenter\"><a class=\"wp-block-button__link has-text-color has-header-gradient-color has-background\" href=\"https:\/\/produits-naturels-kihome.com\/soins-oculaires-chromotherapie\/\" style=\"background-color:#d9dd03\">Commandez votre s\u00e9ance de gymnastique des yeux <\/a><\/div>\n\n\n\n<hr class=\"wp-block-separator\"\/>\n","protected":false},"excerpt":{"rendered":"<p>Profitez d&rsquo;une meilleure vision avec la gymnastique oculaire de Tham.Sco Toutes les informations du soin des yeux sont disponibles sur notre nouveau site, produits-naturels-kihome.com !<\/p>\n","protected":false},"author":2,"featured_media":130,"parent":0,"menu_order":0,"comment_status":"closed","ping_status":"closed","template":"","meta":[],"yoast_head":"<!-- This site is optimized with the Yoast SEO plugin v21.8.1 - https:\/\/yoast.com\/wordpress\/plugins\/seo\/ -->\n<title>Gymnastique des Yeux - Chromassonic<\/title>\n<meta name=\"robots\" content=\"index, follow, max-snippet:-1, max-image-preview:large, max-video-preview:-1\" \/>\n<link rel=\"canonical\" href=\"https:\/\/chromassonic.com\/index.php\/gymnastique-des-yeux\/\" \/>\n<meta property=\"og:locale\" content=\"fr_FR\" \/>\n<meta property=\"og:type\" content=\"article\" \/>\n<meta property=\"og:title\" content=\"Gymnastique des Yeux - Chromassonic\" \/>\n<meta property=\"og:description\" content=\"Profitez d&rsquo;une meilleure vision avec la gymnastique oculaire de Tham.Sco Toutes les informations du soin des yeux sont disponibles sur notre nouveau site, produits-naturels-kihome.com !\" \/>\n<meta property=\"og:url\" content=\"https:\/\/chromassonic.com\/index.php\/gymnastique-des-yeux\/\" \/>\n<meta property=\"og:site_name\" content=\"Chromassonic\" \/>\n<meta property=\"article:modified_time\" content=\"2019-05-16T20:46:36+00:00\" \/>\n<meta property=\"og:image\" content=\"https:\/\/chromassonic.com\/wp-content\/uploads\/2019\/04\/chromassonic_soin_des_yeyx.jpg\" \/>\n\t<meta property=\"og:image:width\" content=\"1200\" \/>\n\t<meta property=\"og:image:height\" content=\"800\" \/>\n\t<meta property=\"og:image:type\" content=\"image\/jpeg\" \/>\n<meta name=\"twitter:card\" content=\"summary_large_image\" \/>\n<script type=\"application\/ld+json\" class=\"yoast-schema-graph\">{\"@context\":\"https:\/\/schema.org\",\"@graph\":[{\"@type\":\"WebPage\",\"@id\":\"https:\/\/chromassonic.com\/index.php\/gymnastique-des-yeux\/\",\"url\":\"https:\/\/chromassonic.com\/index.php\/gymnastique-des-yeux\/\",\"name\":\"Gymnastique des Yeux - Chromassonic\",\"isPartOf\":{\"@id\":\"https:\/\/chromassonic.com\/#website\"},\"datePublished\":\"2019-04-12T00:22:23+00:00\",\"dateModified\":\"2019-05-16T20:46:36+00:00\",\"breadcrumb\":{\"@id\":\"https:\/\/chromassonic.com\/index.php\/gymnastique-des-yeux\/#breadcrumb\"},\"inLanguage\":\"fr-FR\",\"potentialAction\":[{\"@type\":\"ReadAction\",\"target\":[\"https:\/\/chromassonic.com\/index.php\/gymnastique-des-yeux\/\"]}]},{\"@type\":\"BreadcrumbList\",\"@id\":\"https:\/\/chromassonic.com\/index.php\/gymnastique-des-yeux\/#breadcrumb\",\"itemListElement\":[{\"@type\":\"ListItem\",\"position\":1,\"name\":\"Accueil\",\"item\":\"https:\/\/chromassonic.com\/\"},{\"@type\":\"ListItem\",\"position\":2,\"name\":\"Gymnastique des Yeux\"}]},{\"@type\":\"WebSite\",\"@id\":\"https:\/\/chromassonic.com\/#website\",\"url\":\"https:\/\/chromassonic.com\/\",\"name\":\"Chromassonic\",\"description\":\"Syst\u00e8me brevet\u00e9 de chromoth\u00e9rapie\",\"publisher\":{\"@id\":\"https:\/\/chromassonic.com\/#organization\"},\"potentialAction\":[{\"@type\":\"SearchAction\",\"target\":{\"@type\":\"EntryPoint\",\"urlTemplate\":\"https:\/\/chromassonic.com\/?s={search_term_string}\"},\"query-input\":\"required name=search_term_string\"}],\"inLanguage\":\"fr-FR\"},{\"@type\":\"Organization\",\"@id\":\"https:\/\/chromassonic.com\/#organization\",\"name\":\"Chromassonic\",\"url\":\"https:\/\/chromassonic.com\/\",\"logo\":{\"@type\":\"ImageObject\",\"inLanguage\":\"fr-FR\",\"@id\":\"https:\/\/chromassonic.com\/#\/schema\/logo\/image\/\",\"url\":\"https:\/\/chromassonic.com\/wp-content\/uploads\/2019\/04\/Chromassonic-systeme-logo-1.png\",\"contentUrl\":\"https:\/\/chromassonic.com\/wp-content\/uploads\/2019\/04\/Chromassonic-systeme-logo-1.png\",\"width\":1656,\"height\":327,\"caption\":\"Chromassonic\"},\"image\":{\"@id\":\"https:\/\/chromassonic.com\/#\/schema\/logo\/image\/\"}}]}<\/script>\n<!-- \/ Yoast SEO plugin. -->","yoast_head_json":{"title":"Gymnastique des Yeux - Chromassonic","robots":{"index":"index","follow":"follow","max-snippet":"max-snippet:-1","max-image-preview":"max-image-preview:large","max-video-preview":"max-video-preview:-1"},"canonical":"https:\/\/chromassonic.com\/index.php\/gymnastique-des-yeux\/","og_locale":"fr_FR","og_type":"article","og_title":"Gymnastique des Yeux - Chromassonic","og_description":"Profitez d&rsquo;une meilleure vision avec la gymnastique oculaire de Tham.Sco Toutes les informations du soin des yeux sont disponibles sur notre nouveau site, produits-naturels-kihome.com !","og_url":"https:\/\/chromassonic.com\/index.php\/gymnastique-des-yeux\/","og_site_name":"Chromassonic","article_modified_time":"2019-05-16T20:46:36+00:00","og_image":[{"width":1200,"height":800,"url":"https:\/\/chromassonic.com\/wp-content\/uploads\/2019\/04\/chromassonic_soin_des_yeyx.jpg","type":"image\/jpeg"}],"twitter_card":"summary_large_image","schema":{"@context":"https:\/\/schema.org","@graph":[{"@type":"WebPage","@id":"https:\/\/chromassonic.com\/index.php\/gymnastique-des-yeux\/","url":"https:\/\/chromassonic.com\/index.php\/gymnastique-des-yeux\/","name":"Gymnastique des Yeux - Chromassonic","isPartOf":{"@id":"https:\/\/chromassonic.com\/#website"},"datePublished":"2019-04-12T00:22:23+00:00","dateModified":"2019-05-16T20:46:36+00:00","breadcrumb":{"@id":"https:\/\/chromassonic.com\/index.php\/gymnastique-des-yeux\/#breadcrumb"},"inLanguage":"fr-FR","potentialAction":[{"@type":"ReadAction","target":["https:\/\/chromassonic.com\/index.php\/gymnastique-des-yeux\/"]}]},{"@type":"BreadcrumbList","@id":"https:\/\/chromassonic.com\/index.php\/gymnastique-des-yeux\/#breadcrumb","itemListElement":[{"@type":"ListItem","position":1,"name":"Accueil","item":"https:\/\/chromassonic.com\/"},{"@type":"ListItem","position":2,"name":"Gymnastique des Yeux"}]},{"@type":"WebSite","@id":"https:\/\/chromassonic.com\/#website","url":"https:\/\/chromassonic.com\/","name":"Chromassonic","description":"Syst\u00e8me brevet\u00e9 de chromoth\u00e9rapie","publisher":{"@id":"https:\/\/chromassonic.com\/#organization"},"potentialAction":[{"@type":"SearchAction","target":{"@type":"EntryPoint","urlTemplate":"https:\/\/chromassonic.com\/?s={search_term_string}"},"query-input":"required name=search_term_string"}],"inLanguage":"fr-FR"},{"@type":"Organization","@id":"https:\/\/chromassonic.com\/#organization","name":"Chromassonic","url":"https:\/\/chromassonic.com\/","logo":{"@type":"ImageObject","inLanguage":"fr-FR","@id":"https:\/\/chromassonic.com\/#\/schema\/logo\/image\/","url":"https:\/\/chromassonic.com\/wp-content\/uploads\/2019\/04\/Chromassonic-systeme-logo-1.png","contentUrl":"https:\/\/chromassonic.com\/wp-content\/uploads\/2019\/04\/Chromassonic-systeme-logo-1.png","width":1656,"height":327,"caption":"Chromassonic"},"image":{"@id":"https:\/\/chromassonic.com\/#\/schema\/logo\/image\/"}}]}},"_links":{"self":[{"href":"https:\/\/chromassonic.com\/index.php\/wp-json\/wp\/v2\/pages\/129"}],"collection":[{"href":"https:\/\/chromassonic.com\/index.php\/wp-json\/wp\/v2\/pages"}],"about":[{"href":"https:\/\/chromassonic.com\/index.php\/wp-json\/wp\/v2\/types\/page"}],"author":[{"embeddable":true,"href":"https:\/\/chromassonic.com\/index.php\/wp-json\/wp\/v2\/users\/2"}],"replies":[{"embeddable":true,"href":"https:\/\/chromassonic.com\/index.php\/wp-json\/wp\/v2\/comments?post=129"}],"version-history":[{"count":2,"href":"https:\/\/chromassonic.com\/index.php\/wp-json\/wp\/v2\/pages\/129\/revisions"}],"predecessor-version":[{"id":369,"href":"https:\/\/chromassonic.com\/index.php\/wp-json\/wp\/v2\/pages\/129\/revisions\/369"}],"wp:featuredmedia":[{"embeddable":true,"href":"https:\/\/chromassonic.com\/index.php\/wp-json\/wp\/v2\/media\/130"}],"wp:attachment":[{"href":"https:\/\/chromassonic.com\/index.php\/wp-json\/wp\/v2\/media?parent=129"}],"curies":[{"name":"wp","href":"https:\/\/api.w.org\/{rel}","templated":true}]}}