{"id":184,"date":"2019-04-12T09:44:38","date_gmt":"2019-04-12T09:44:38","guid":{"rendered":"https:\/\/chromassonic.com\/?page_id=184"},"modified":"2022-02-09T21:21:01","modified_gmt":"2022-02-09T21:21:01","slug":"perpignan","status":"publish","type":"page","link":"https:\/\/chromassonic.com\/index.php\/perpignan\/","title":{"rendered":"Perpignan (66000)"},"content":{"rendered":"\r\n<p><strong>Chromoth\u00e9rapie Perpignan<\/strong><\/p>\r\n\r\n\r\n\r\n<p><strong>Th\u00e9rapie \u00e9nerg\u00e9tique &#8211; relaxation<\/strong><br \/>Re-centrage<br \/>3 Avenue des palmiers<br \/>66000\u00a0 Perpignan<\/p>\r\n\r\n\r\n\r\n<p>T\u00e9l. 06 74 63 91 77<\/p>\r\n\r\n\r\n\r\n<div class=\"wp-block-button is-style-default\"><a class=\"wp-block-button__link has-text-color has-background has-white-background-color\" href=\"https:\/\/www.google.com\/maps\/place\/3+Avenue+des+Palmiers,+66000+Perpignan\/data=!4m2!3m1!1s0x12b06e455c45a7c1:0xe47c39193d805b71?sa=X&amp;ved=2ahUKEwjgntnk7KDiAhVZBGMBHeraC-EQ8gEwAHoECAoQAQ\" style=\"color: #191919;\">Plan du centre<\/a><\/div>\r\n\r\n\r\n\r\n<div class=\"wp-block-image\">\r\n<figure class=\"alignleft\"><img decoding=\"async\" loading=\"lazy\" width=\"600\" height=\"450\" src=\"https:\/\/chromassonic.com\/wp-content\/uploads\/2019\/04\/chromassonic_perpignan.jpg\" alt=\"\" class=\"wp-image-185\" srcset=\"https:\/\/chromassonic.com\/wp-content\/uploads\/2019\/04\/chromassonic_perpignan.jpg 600w, https:\/\/chromassonic.com\/wp-content\/uploads\/2019\/04\/chromassonic_perpignan-300x225.jpg 300w\" sizes=\"(max-width: 600px) 100vw, 600px\" \/><\/figure>\r\n<\/div>\r\n","protected":false},"excerpt":{"rendered":"<p>Chromoth\u00e9rapie Perpignan Th\u00e9rapie \u00e9nerg\u00e9tique &#8211; relaxationRe-centrage3 Avenue des palmiers66000\u00a0 Perpignan T\u00e9l. 06 74 63 91 77<\/p>\n","protected":false},"author":2,"featured_media":79,"parent":0,"menu_order":0,"comment_status":"closed","ping_status":"closed","template":"","meta":[],"yoast_head":"<!-- This site is optimized with the Yoast SEO plugin v21.8.1 - https:\/\/yoast.com\/wordpress\/plugins\/seo\/ -->\n<title>Perpignan (66000) - Chromassonic<\/title>\n<meta name=\"robots\" content=\"index, follow, max-snippet:-1, max-image-preview:large, max-video-preview:-1\" \/>\n<link rel=\"canonical\" href=\"https:\/\/chromassonic.com\/index.php\/perpignan\/\" \/>\n<meta property=\"og:locale\" content=\"fr_FR\" \/>\n<meta property=\"og:type\" content=\"article\" \/>\n<meta property=\"og:title\" content=\"Perpignan (66000) - Chromassonic\" \/>\n<meta property=\"og:description\" content=\"Chromoth\u00e9rapie Perpignan Th\u00e9rapie \u00e9nerg\u00e9tique &#8211; relaxationRe-centrage3 Avenue des palmiers66000\u00a0 Perpignan T\u00e9l. 06 74 63 91 77\" \/>\n<meta property=\"og:url\" content=\"https:\/\/chromassonic.com\/index.php\/perpignan\/\" \/>\n<meta property=\"og:site_name\" content=\"Chromassonic\" \/>\n<meta property=\"article:modified_time\" content=\"2022-02-09T21:21:01+00:00\" \/>\n<meta property=\"og:image\" content=\"https:\/\/chromassonic.com\/wp-content\/uploads\/2019\/04\/appareil_chromassonic.jpg\" \/>\n\t<meta property=\"og:image:width\" content=\"2520\" \/>\n\t<meta property=\"og:image:height\" content=\"1392\" \/>\n\t<meta property=\"og:image:type\" content=\"image\/jpeg\" \/>\n<meta name=\"twitter:card\" content=\"summary_large_image\" \/>\n<script type=\"application\/ld+json\" class=\"yoast-schema-graph\">{\"@context\":\"https:\/\/schema.org\",\"@graph\":[{\"@type\":\"WebPage\",\"@id\":\"https:\/\/chromassonic.com\/index.php\/perpignan\/\",\"url\":\"https:\/\/chromassonic.com\/index.php\/perpignan\/\",\"name\":\"Perpignan (66000) - Chromassonic\",\"isPartOf\":{\"@id\":\"https:\/\/chromassonic.com\/#website\"},\"datePublished\":\"2019-04-12T09:44:38+00:00\",\"dateModified\":\"2022-02-09T21:21:01+00:00\",\"breadcrumb\":{\"@id\":\"https:\/\/chromassonic.com\/index.php\/perpignan\/#breadcrumb\"},\"inLanguage\":\"fr-FR\",\"potentialAction\":[{\"@type\":\"ReadAction\",\"target\":[\"https:\/\/chromassonic.com\/index.php\/perpignan\/\"]}]},{\"@type\":\"BreadcrumbList\",\"@id\":\"https:\/\/chromassonic.com\/index.php\/perpignan\/#breadcrumb\",\"itemListElement\":[{\"@type\":\"ListItem\",\"position\":1,\"name\":\"Accueil\",\"item\":\"https:\/\/chromassonic.com\/\"},{\"@type\":\"ListItem\",\"position\":2,\"name\":\"Perpignan (66000)\"}]},{\"@type\":\"WebSite\",\"@id\":\"https:\/\/chromassonic.com\/#website\",\"url\":\"https:\/\/chromassonic.com\/\",\"name\":\"Chromassonic\",\"description\":\"Syst\u00e8me brevet\u00e9 de chromoth\u00e9rapie\",\"publisher\":{\"@id\":\"https:\/\/chromassonic.com\/#organization\"},\"potentialAction\":[{\"@type\":\"SearchAction\",\"target\":{\"@type\":\"EntryPoint\",\"urlTemplate\":\"https:\/\/chromassonic.com\/?s={search_term_string}\"},\"query-input\":\"required name=search_term_string\"}],\"inLanguage\":\"fr-FR\"},{\"@type\":\"Organization\",\"@id\":\"https:\/\/chromassonic.com\/#organization\",\"name\":\"Chromassonic\",\"url\":\"https:\/\/chromassonic.com\/\",\"logo\":{\"@type\":\"ImageObject\",\"inLanguage\":\"fr-FR\",\"@id\":\"https:\/\/chromassonic.com\/#\/schema\/logo\/image\/\",\"url\":\"https:\/\/chromassonic.com\/wp-content\/uploads\/2019\/04\/Chromassonic-systeme-logo-1.png\",\"contentUrl\":\"https:\/\/chromassonic.com\/wp-content\/uploads\/2019\/04\/Chromassonic-systeme-logo-1.png\",\"width\":1656,\"height\":327,\"caption\":\"Chromassonic\"},\"image\":{\"@id\":\"https:\/\/chromassonic.com\/#\/schema\/logo\/image\/\"}}]}<\/script>\n<!-- \/ Yoast SEO plugin. -->","yoast_head_json":{"title":"Perpignan (66000) - Chromassonic","robots":{"index":"index","follow":"follow","max-snippet":"max-snippet:-1","max-image-preview":"max-image-preview:large","max-video-preview":"max-video-preview:-1"},"canonical":"https:\/\/chromassonic.com\/index.php\/perpignan\/","og_locale":"fr_FR","og_type":"article","og_title":"Perpignan (66000) - Chromassonic","og_description":"Chromoth\u00e9rapie Perpignan Th\u00e9rapie \u00e9nerg\u00e9tique &#8211; relaxationRe-centrage3 Avenue des palmiers66000\u00a0 Perpignan T\u00e9l. 06 74 63 91 77","og_url":"https:\/\/chromassonic.com\/index.php\/perpignan\/","og_site_name":"Chromassonic","article_modified_time":"2022-02-09T21:21:01+00:00","og_image":[{"width":2520,"height":1392,"url":"https:\/\/chromassonic.com\/wp-content\/uploads\/2019\/04\/appareil_chromassonic.jpg","type":"image\/jpeg"}],"twitter_card":"summary_large_image","schema":{"@context":"https:\/\/schema.org","@graph":[{"@type":"WebPage","@id":"https:\/\/chromassonic.com\/index.php\/perpignan\/","url":"https:\/\/chromassonic.com\/index.php\/perpignan\/","name":"Perpignan (66000) - Chromassonic","isPartOf":{"@id":"https:\/\/chromassonic.com\/#website"},"datePublished":"2019-04-12T09:44:38+00:00","dateModified":"2022-02-09T21:21:01+00:00","breadcrumb":{"@id":"https:\/\/chromassonic.com\/index.php\/perpignan\/#breadcrumb"},"inLanguage":"fr-FR","potentialAction":[{"@type":"ReadAction","target":["https:\/\/chromassonic.com\/index.php\/perpignan\/"]}]},{"@type":"BreadcrumbList","@id":"https:\/\/chromassonic.com\/index.php\/perpignan\/#breadcrumb","itemListElement":[{"@type":"ListItem","position":1,"name":"Accueil","item":"https:\/\/chromassonic.com\/"},{"@type":"ListItem","position":2,"name":"Perpignan (66000)"}]},{"@type":"WebSite","@id":"https:\/\/chromassonic.com\/#website","url":"https:\/\/chromassonic.com\/","name":"Chromassonic","description":"Syst\u00e8me brevet\u00e9 de chromoth\u00e9rapie","publisher":{"@id":"https:\/\/chromassonic.com\/#organization"},"potentialAction":[{"@type":"SearchAction","target":{"@type":"EntryPoint","urlTemplate":"https:\/\/chromassonic.com\/?s={search_term_string}"},"query-input":"required name=search_term_string"}],"inLanguage":"fr-FR"},{"@type":"Organization","@id":"https:\/\/chromassonic.com\/#organization","name":"Chromassonic","url":"https:\/\/chromassonic.com\/","logo":{"@type":"ImageObject","inLanguage":"fr-FR","@id":"https:\/\/chromassonic.com\/#\/schema\/logo\/image\/","url":"https:\/\/chromassonic.com\/wp-content\/uploads\/2019\/04\/Chromassonic-systeme-logo-1.png","contentUrl":"https:\/\/chromassonic.com\/wp-content\/uploads\/2019\/04\/Chromassonic-systeme-logo-1.png","width":1656,"height":327,"caption":"Chromassonic"},"image":{"@id":"https:\/\/chromassonic.com\/#\/schema\/logo\/image\/"}}]}},"_links":{"self":[{"href":"https:\/\/chromassonic.com\/index.php\/wp-json\/wp\/v2\/pages\/184"}],"collection":[{"href":"https:\/\/chromassonic.com\/index.php\/wp-json\/wp\/v2\/pages"}],"about":[{"href":"https:\/\/chromassonic.com\/index.php\/wp-json\/wp\/v2\/types\/page"}],"author":[{"embeddable":true,"href":"https:\/\/chromassonic.com\/index.php\/wp-json\/wp\/v2\/users\/2"}],"replies":[{"embeddable":true,"href":"https:\/\/chromassonic.com\/index.php\/wp-json\/wp\/v2\/comments?post=184"}],"version-history":[{"count":10,"href":"https:\/\/chromassonic.com\/index.php\/wp-json\/wp\/v2\/pages\/184\/revisions"}],"predecessor-version":[{"id":493,"href":"https:\/\/chromassonic.com\/index.php\/wp-json\/wp\/v2\/pages\/184\/revisions\/493"}],"wp:featuredmedia":[{"embeddable":true,"href":"https:\/\/chromassonic.com\/index.php\/wp-json\/wp\/v2\/media\/79"}],"wp:attachment":[{"href":"https:\/\/chromassonic.com\/index.php\/wp-json\/wp\/v2\/media?parent=184"}],"curies":[{"name":"wp","href":"https:\/\/api.w.org\/{rel}","templated":true}]}}