{"id":188,"date":"2019-04-12T09:53:35","date_gmt":"2019-04-12T09:53:35","guid":{"rendered":"https:\/\/chromassonic.com\/?page_id=188"},"modified":"2019-05-16T20:55:48","modified_gmt":"2019-05-16T20:55:48","slug":"saleilles","status":"publish","type":"page","link":"https:\/\/chromassonic.com\/index.php\/saleilles\/","title":{"rendered":"Saleilles (66280)"},"content":{"rendered":"\n<p><strong>FRANCQ Jean-Philippe<\/strong><br>\n<strong>OSTEOPATHE&nbsp; D.O<\/strong><\/p>\n\n\n\n<p>4 Rue ferdinand de lesseps<br> 66280 SALEILLES T\u00e9l.\u00a0\u00a0 0468221631<br> Mail : <a href=\"mailto:fratete@aol.com\"><strong>fratete@aol.com<\/strong><\/a><\/p>\n\n\n\n<div class=\"wp-block-button\"><a class=\"wp-block-button__link has-text-color has-background has-white-background-color\" href=\"https:\/\/www.google.com\/maps\/place\/4+Rue+Ferdinand+de+Lesseps,+66280+Saleilles\/data=!4m2!3m1!1s0x12b07aa19fc86427:0xd746cdae32e085fb?sa=X&amp;ved=2ahUKEwjgobCH7qDiAhWyxIUKHUUOCpwQ8gEwAHoECAoQAQ\" style=\"color:#222222\">Plan du centre<\/a><\/div>\n\n\n\n<figure class=\"wp-block-image\"><img decoding=\"async\" loading=\"lazy\" width=\"338\" height=\"450\" src=\"https:\/\/chromassonic.com\/wp-content\/uploads\/2019\/04\/chromassonic_ost\u00e9opathe.jpg\" alt=\"\" class=\"wp-image-138\" srcset=\"https:\/\/chromassonic.com\/wp-content\/uploads\/2019\/04\/chromassonic_ost\u00e9opathe.jpg 338w, https:\/\/chromassonic.com\/wp-content\/uploads\/2019\/04\/chromassonic_ost\u00e9opathe-225x300.jpg 225w\" sizes=\"(max-width: 338px) 100vw, 338px\" \/><\/figure>\n\n\n\n<figure class=\"wp-block-image is-resized\"><img decoding=\"async\" loading=\"lazy\" src=\"https:\/\/chromassonic.com\/wp-content\/uploads\/2019\/04\/chromassonic_saleilles.jpg\" alt=\"\" class=\"wp-image-189\" width=\"337\" height=\"253\" srcset=\"https:\/\/chromassonic.com\/wp-content\/uploads\/2019\/04\/chromassonic_saleilles.jpg 600w, https:\/\/chromassonic.com\/wp-content\/uploads\/2019\/04\/chromassonic_saleilles-300x225.jpg 300w\" sizes=\"(max-width: 337px) 100vw, 337px\" \/><\/figure>\n","protected":false},"excerpt":{"rendered":"<p>FRANCQ Jean-Philippe OSTEOPATHE&nbsp; D.O 4 Rue ferdinand de lesseps 66280 SALEILLES T\u00e9l.\u00a0\u00a0 0468221631 Mail : fratete@aol.com<\/p>\n","protected":false},"author":2,"featured_media":79,"parent":0,"menu_order":0,"comment_status":"closed","ping_status":"closed","template":"","meta":[],"yoast_head":"<!-- This site is optimized with the Yoast SEO plugin v21.8.1 - https:\/\/yoast.com\/wordpress\/plugins\/seo\/ -->\n<title>Saleilles (66280) - Chromassonic<\/title>\n<meta name=\"robots\" content=\"index, follow, max-snippet:-1, max-image-preview:large, max-video-preview:-1\" \/>\n<link rel=\"canonical\" href=\"https:\/\/chromassonic.com\/index.php\/saleilles\/\" \/>\n<meta property=\"og:locale\" content=\"fr_FR\" \/>\n<meta property=\"og:type\" content=\"article\" \/>\n<meta property=\"og:title\" content=\"Saleilles (66280) - Chromassonic\" \/>\n<meta property=\"og:description\" content=\"FRANCQ Jean-Philippe OSTEOPATHE&nbsp; D.O 4 Rue ferdinand de lesseps 66280 SALEILLES T\u00e9l.\u00a0\u00a0 0468221631 Mail : fratete@aol.com\" \/>\n<meta property=\"og:url\" content=\"https:\/\/chromassonic.com\/index.php\/saleilles\/\" \/>\n<meta property=\"og:site_name\" content=\"Chromassonic\" \/>\n<meta property=\"article:modified_time\" content=\"2019-05-16T20:55:48+00:00\" \/>\n<meta property=\"og:image\" content=\"https:\/\/chromassonic.com\/wp-content\/uploads\/2019\/04\/appareil_chromassonic.jpg\" \/>\n\t<meta property=\"og:image:width\" content=\"2520\" \/>\n\t<meta property=\"og:image:height\" content=\"1392\" \/>\n\t<meta property=\"og:image:type\" content=\"image\/jpeg\" \/>\n<meta name=\"twitter:card\" content=\"summary_large_image\" \/>\n<script type=\"application\/ld+json\" class=\"yoast-schema-graph\">{\"@context\":\"https:\/\/schema.org\",\"@graph\":[{\"@type\":\"WebPage\",\"@id\":\"https:\/\/chromassonic.com\/index.php\/saleilles\/\",\"url\":\"https:\/\/chromassonic.com\/index.php\/saleilles\/\",\"name\":\"Saleilles (66280) - Chromassonic\",\"isPartOf\":{\"@id\":\"https:\/\/chromassonic.com\/#website\"},\"datePublished\":\"2019-04-12T09:53:35+00:00\",\"dateModified\":\"2019-05-16T20:55:48+00:00\",\"breadcrumb\":{\"@id\":\"https:\/\/chromassonic.com\/index.php\/saleilles\/#breadcrumb\"},\"inLanguage\":\"fr-FR\",\"potentialAction\":[{\"@type\":\"ReadAction\",\"target\":[\"https:\/\/chromassonic.com\/index.php\/saleilles\/\"]}]},{\"@type\":\"BreadcrumbList\",\"@id\":\"https:\/\/chromassonic.com\/index.php\/saleilles\/#breadcrumb\",\"itemListElement\":[{\"@type\":\"ListItem\",\"position\":1,\"name\":\"Accueil\",\"item\":\"https:\/\/chromassonic.com\/\"},{\"@type\":\"ListItem\",\"position\":2,\"name\":\"Saleilles (66280)\"}]},{\"@type\":\"WebSite\",\"@id\":\"https:\/\/chromassonic.com\/#website\",\"url\":\"https:\/\/chromassonic.com\/\",\"name\":\"Chromassonic\",\"description\":\"Syst\u00e8me brevet\u00e9 de chromoth\u00e9rapie\",\"publisher\":{\"@id\":\"https:\/\/chromassonic.com\/#organization\"},\"potentialAction\":[{\"@type\":\"SearchAction\",\"target\":{\"@type\":\"EntryPoint\",\"urlTemplate\":\"https:\/\/chromassonic.com\/?s={search_term_string}\"},\"query-input\":\"required name=search_term_string\"}],\"inLanguage\":\"fr-FR\"},{\"@type\":\"Organization\",\"@id\":\"https:\/\/chromassonic.com\/#organization\",\"name\":\"Chromassonic\",\"url\":\"https:\/\/chromassonic.com\/\",\"logo\":{\"@type\":\"ImageObject\",\"inLanguage\":\"fr-FR\",\"@id\":\"https:\/\/chromassonic.com\/#\/schema\/logo\/image\/\",\"url\":\"https:\/\/chromassonic.com\/wp-content\/uploads\/2019\/04\/Chromassonic-systeme-logo-1.png\",\"contentUrl\":\"https:\/\/chromassonic.com\/wp-content\/uploads\/2019\/04\/Chromassonic-systeme-logo-1.png\",\"width\":1656,\"height\":327,\"caption\":\"Chromassonic\"},\"image\":{\"@id\":\"https:\/\/chromassonic.com\/#\/schema\/logo\/image\/\"}}]}<\/script>\n<!-- \/ Yoast SEO plugin. -->","yoast_head_json":{"title":"Saleilles (66280) - Chromassonic","robots":{"index":"index","follow":"follow","max-snippet":"max-snippet:-1","max-image-preview":"max-image-preview:large","max-video-preview":"max-video-preview:-1"},"canonical":"https:\/\/chromassonic.com\/index.php\/saleilles\/","og_locale":"fr_FR","og_type":"article","og_title":"Saleilles (66280) - Chromassonic","og_description":"FRANCQ Jean-Philippe OSTEOPATHE&nbsp; D.O 4 Rue ferdinand de lesseps 66280 SALEILLES T\u00e9l.\u00a0\u00a0 0468221631 Mail : fratete@aol.com","og_url":"https:\/\/chromassonic.com\/index.php\/saleilles\/","og_site_name":"Chromassonic","article_modified_time":"2019-05-16T20:55:48+00:00","og_image":[{"width":2520,"height":1392,"url":"https:\/\/chromassonic.com\/wp-content\/uploads\/2019\/04\/appareil_chromassonic.jpg","type":"image\/jpeg"}],"twitter_card":"summary_large_image","schema":{"@context":"https:\/\/schema.org","@graph":[{"@type":"WebPage","@id":"https:\/\/chromassonic.com\/index.php\/saleilles\/","url":"https:\/\/chromassonic.com\/index.php\/saleilles\/","name":"Saleilles (66280) - Chromassonic","isPartOf":{"@id":"https:\/\/chromassonic.com\/#website"},"datePublished":"2019-04-12T09:53:35+00:00","dateModified":"2019-05-16T20:55:48+00:00","breadcrumb":{"@id":"https:\/\/chromassonic.com\/index.php\/saleilles\/#breadcrumb"},"inLanguage":"fr-FR","potentialAction":[{"@type":"ReadAction","target":["https:\/\/chromassonic.com\/index.php\/saleilles\/"]}]},{"@type":"BreadcrumbList","@id":"https:\/\/chromassonic.com\/index.php\/saleilles\/#breadcrumb","itemListElement":[{"@type":"ListItem","position":1,"name":"Accueil","item":"https:\/\/chromassonic.com\/"},{"@type":"ListItem","position":2,"name":"Saleilles (66280)"}]},{"@type":"WebSite","@id":"https:\/\/chromassonic.com\/#website","url":"https:\/\/chromassonic.com\/","name":"Chromassonic","description":"Syst\u00e8me brevet\u00e9 de chromoth\u00e9rapie","publisher":{"@id":"https:\/\/chromassonic.com\/#organization"},"potentialAction":[{"@type":"SearchAction","target":{"@type":"EntryPoint","urlTemplate":"https:\/\/chromassonic.com\/?s={search_term_string}"},"query-input":"required name=search_term_string"}],"inLanguage":"fr-FR"},{"@type":"Organization","@id":"https:\/\/chromassonic.com\/#organization","name":"Chromassonic","url":"https:\/\/chromassonic.com\/","logo":{"@type":"ImageObject","inLanguage":"fr-FR","@id":"https:\/\/chromassonic.com\/#\/schema\/logo\/image\/","url":"https:\/\/chromassonic.com\/wp-content\/uploads\/2019\/04\/Chromassonic-systeme-logo-1.png","contentUrl":"https:\/\/chromassonic.com\/wp-content\/uploads\/2019\/04\/Chromassonic-systeme-logo-1.png","width":1656,"height":327,"caption":"Chromassonic"},"image":{"@id":"https:\/\/chromassonic.com\/#\/schema\/logo\/image\/"}}]}},"_links":{"self":[{"href":"https:\/\/chromassonic.com\/index.php\/wp-json\/wp\/v2\/pages\/188"}],"collection":[{"href":"https:\/\/chromassonic.com\/index.php\/wp-json\/wp\/v2\/pages"}],"about":[{"href":"https:\/\/chromassonic.com\/index.php\/wp-json\/wp\/v2\/types\/page"}],"author":[{"embeddable":true,"href":"https:\/\/chromassonic.com\/index.php\/wp-json\/wp\/v2\/users\/2"}],"replies":[{"embeddable":true,"href":"https:\/\/chromassonic.com\/index.php\/wp-json\/wp\/v2\/comments?post=188"}],"version-history":[{"count":10,"href":"https:\/\/chromassonic.com\/index.php\/wp-json\/wp\/v2\/pages\/188\/revisions"}],"predecessor-version":[{"id":393,"href":"https:\/\/chromassonic.com\/index.php\/wp-json\/wp\/v2\/pages\/188\/revisions\/393"}],"wp:featuredmedia":[{"embeddable":true,"href":"https:\/\/chromassonic.com\/index.php\/wp-json\/wp\/v2\/media\/79"}],"wp:attachment":[{"href":"https:\/\/chromassonic.com\/index.php\/wp-json\/wp\/v2\/media?parent=188"}],"curies":[{"name":"wp","href":"https:\/\/api.w.org\/{rel}","templated":true}]}}