{"id":195,"date":"2019-04-12T09:56:50","date_gmt":"2019-04-12T09:56:50","guid":{"rendered":"https:\/\/chromassonic.com\/?page_id=195"},"modified":"2019-05-16T20:48:21","modified_gmt":"2019-05-16T20:48:21","slug":"vernet-les-bains","status":"publish","type":"page","link":"https:\/\/chromassonic.com\/index.php\/vernet-les-bains\/","title":{"rendered":"Vernet les Bains (66820)"},"content":{"rendered":"\n<p><strong>CENTRE DE REMISE EN FORME<\/strong><\/p>\n\n\n\n<p>\u00c9tablissement thermal<br>\nB.P. 31 &#8211; 66820 Vernet les Bains<\/p>\n\n\n\n<p>T\u00e9l. 04 68 05 52 84<br> Fax. 04 68 05 55 01<\/p>\n\n\n\n<div class=\"wp-block-button\"><a class=\"wp-block-button__link has-text-color has-background has-white-background-color\" href=\"https:\/\/www.google.com\/maps\/place\/Espace+bien-%C3%AAtre+Vernet-les-bains\/@42.544069,2.390266,15z\/data=!4m2!3m1!1s0x0:0x7d719821b62e241c?sa=X&amp;ved=2ahUKEwi3k9Th7qDiAhUFNhoKHZFkAJ4Q_BIwCnoECA8QCA\" style=\"color:#222222\">Plan du centre<\/a><\/div>\n\n\n\n<div class=\"wp-block-image\"><figure class=\"aligncenter\"><img decoding=\"async\" loading=\"lazy\" width=\"700\" height=\"450\" src=\"https:\/\/chromassonic.com\/wp-content\/uploads\/2019\/04\/Chromassonic_vernet_les_bains.jpg\" alt=\"\" class=\"wp-image-196\" srcset=\"https:\/\/chromassonic.com\/wp-content\/uploads\/2019\/04\/Chromassonic_vernet_les_bains.jpg 700w, https:\/\/chromassonic.com\/wp-content\/uploads\/2019\/04\/Chromassonic_vernet_les_bains-300x193.jpg 300w\" sizes=\"(max-width: 700px) 100vw, 700px\" \/><\/figure><\/div>\n\n\n\n<div class=\"wp-block-image\"><figure class=\"aligncenter\"><img decoding=\"async\" loading=\"lazy\" width=\"320\" height=\"480\" src=\"https:\/\/chromassonic.com\/wp-content\/uploads\/2019\/04\/Chromassonic_vernet_les_bains_centre.jpg\" alt=\"\" class=\"wp-image-243\" srcset=\"https:\/\/chromassonic.com\/wp-content\/uploads\/2019\/04\/Chromassonic_vernet_les_bains_centre.jpg 320w, https:\/\/chromassonic.com\/wp-content\/uploads\/2019\/04\/Chromassonic_vernet_les_bains_centre-200x300.jpg 200w\" sizes=\"(max-width: 320px) 100vw, 320px\" \/><\/figure><\/div>\n","protected":false},"excerpt":{"rendered":"<p>CENTRE DE REMISE EN FORME \u00c9tablissement thermal B.P. 31 &#8211; 66820 Vernet les Bains T\u00e9l. 04 68 05 52 84 Fax. 04 68 05 55 01<\/p>\n","protected":false},"author":2,"featured_media":79,"parent":0,"menu_order":0,"comment_status":"closed","ping_status":"closed","template":"","meta":[],"yoast_head":"<!-- This site is optimized with the Yoast SEO plugin v21.8.1 - https:\/\/yoast.com\/wordpress\/plugins\/seo\/ -->\n<title>Vernet les Bains (66820) - Chromassonic<\/title>\n<meta name=\"robots\" content=\"index, follow, max-snippet:-1, max-image-preview:large, max-video-preview:-1\" \/>\n<link rel=\"canonical\" href=\"https:\/\/chromassonic.com\/index.php\/vernet-les-bains\/\" \/>\n<meta property=\"og:locale\" content=\"fr_FR\" \/>\n<meta property=\"og:type\" content=\"article\" \/>\n<meta property=\"og:title\" content=\"Vernet les Bains (66820) - Chromassonic\" \/>\n<meta property=\"og:description\" content=\"CENTRE DE REMISE EN FORME \u00c9tablissement thermal B.P. 31 &#8211; 66820 Vernet les Bains T\u00e9l. 04 68 05 52 84 Fax. 04 68 05 55 01\" \/>\n<meta property=\"og:url\" content=\"https:\/\/chromassonic.com\/index.php\/vernet-les-bains\/\" \/>\n<meta property=\"og:site_name\" content=\"Chromassonic\" \/>\n<meta property=\"article:modified_time\" content=\"2019-05-16T20:48:21+00:00\" \/>\n<meta property=\"og:image\" content=\"https:\/\/chromassonic.com\/wp-content\/uploads\/2019\/04\/appareil_chromassonic.jpg\" \/>\n\t<meta property=\"og:image:width\" content=\"2520\" \/>\n\t<meta property=\"og:image:height\" content=\"1392\" \/>\n\t<meta property=\"og:image:type\" content=\"image\/jpeg\" \/>\n<meta name=\"twitter:card\" content=\"summary_large_image\" \/>\n<script type=\"application\/ld+json\" class=\"yoast-schema-graph\">{\"@context\":\"https:\/\/schema.org\",\"@graph\":[{\"@type\":\"WebPage\",\"@id\":\"https:\/\/chromassonic.com\/index.php\/vernet-les-bains\/\",\"url\":\"https:\/\/chromassonic.com\/index.php\/vernet-les-bains\/\",\"name\":\"Vernet les Bains (66820) - Chromassonic\",\"isPartOf\":{\"@id\":\"https:\/\/chromassonic.com\/#website\"},\"datePublished\":\"2019-04-12T09:56:50+00:00\",\"dateModified\":\"2019-05-16T20:48:21+00:00\",\"breadcrumb\":{\"@id\":\"https:\/\/chromassonic.com\/index.php\/vernet-les-bains\/#breadcrumb\"},\"inLanguage\":\"fr-FR\",\"potentialAction\":[{\"@type\":\"ReadAction\",\"target\":[\"https:\/\/chromassonic.com\/index.php\/vernet-les-bains\/\"]}]},{\"@type\":\"BreadcrumbList\",\"@id\":\"https:\/\/chromassonic.com\/index.php\/vernet-les-bains\/#breadcrumb\",\"itemListElement\":[{\"@type\":\"ListItem\",\"position\":1,\"name\":\"Accueil\",\"item\":\"https:\/\/chromassonic.com\/\"},{\"@type\":\"ListItem\",\"position\":2,\"name\":\"Vernet les Bains (66820)\"}]},{\"@type\":\"WebSite\",\"@id\":\"https:\/\/chromassonic.com\/#website\",\"url\":\"https:\/\/chromassonic.com\/\",\"name\":\"Chromassonic\",\"description\":\"Syst\u00e8me brevet\u00e9 de chromoth\u00e9rapie\",\"publisher\":{\"@id\":\"https:\/\/chromassonic.com\/#organization\"},\"potentialAction\":[{\"@type\":\"SearchAction\",\"target\":{\"@type\":\"EntryPoint\",\"urlTemplate\":\"https:\/\/chromassonic.com\/?s={search_term_string}\"},\"query-input\":\"required name=search_term_string\"}],\"inLanguage\":\"fr-FR\"},{\"@type\":\"Organization\",\"@id\":\"https:\/\/chromassonic.com\/#organization\",\"name\":\"Chromassonic\",\"url\":\"https:\/\/chromassonic.com\/\",\"logo\":{\"@type\":\"ImageObject\",\"inLanguage\":\"fr-FR\",\"@id\":\"https:\/\/chromassonic.com\/#\/schema\/logo\/image\/\",\"url\":\"https:\/\/chromassonic.com\/wp-content\/uploads\/2019\/04\/Chromassonic-systeme-logo-1.png\",\"contentUrl\":\"https:\/\/chromassonic.com\/wp-content\/uploads\/2019\/04\/Chromassonic-systeme-logo-1.png\",\"width\":1656,\"height\":327,\"caption\":\"Chromassonic\"},\"image\":{\"@id\":\"https:\/\/chromassonic.com\/#\/schema\/logo\/image\/\"}}]}<\/script>\n<!-- \/ Yoast SEO plugin. -->","yoast_head_json":{"title":"Vernet les Bains (66820) - Chromassonic","robots":{"index":"index","follow":"follow","max-snippet":"max-snippet:-1","max-image-preview":"max-image-preview:large","max-video-preview":"max-video-preview:-1"},"canonical":"https:\/\/chromassonic.com\/index.php\/vernet-les-bains\/","og_locale":"fr_FR","og_type":"article","og_title":"Vernet les Bains (66820) - Chromassonic","og_description":"CENTRE DE REMISE EN FORME \u00c9tablissement thermal B.P. 31 &#8211; 66820 Vernet les Bains T\u00e9l. 04 68 05 52 84 Fax. 04 68 05 55 01","og_url":"https:\/\/chromassonic.com\/index.php\/vernet-les-bains\/","og_site_name":"Chromassonic","article_modified_time":"2019-05-16T20:48:21+00:00","og_image":[{"width":2520,"height":1392,"url":"https:\/\/chromassonic.com\/wp-content\/uploads\/2019\/04\/appareil_chromassonic.jpg","type":"image\/jpeg"}],"twitter_card":"summary_large_image","schema":{"@context":"https:\/\/schema.org","@graph":[{"@type":"WebPage","@id":"https:\/\/chromassonic.com\/index.php\/vernet-les-bains\/","url":"https:\/\/chromassonic.com\/index.php\/vernet-les-bains\/","name":"Vernet les Bains (66820) - Chromassonic","isPartOf":{"@id":"https:\/\/chromassonic.com\/#website"},"datePublished":"2019-04-12T09:56:50+00:00","dateModified":"2019-05-16T20:48:21+00:00","breadcrumb":{"@id":"https:\/\/chromassonic.com\/index.php\/vernet-les-bains\/#breadcrumb"},"inLanguage":"fr-FR","potentialAction":[{"@type":"ReadAction","target":["https:\/\/chromassonic.com\/index.php\/vernet-les-bains\/"]}]},{"@type":"BreadcrumbList","@id":"https:\/\/chromassonic.com\/index.php\/vernet-les-bains\/#breadcrumb","itemListElement":[{"@type":"ListItem","position":1,"name":"Accueil","item":"https:\/\/chromassonic.com\/"},{"@type":"ListItem","position":2,"name":"Vernet les Bains (66820)"}]},{"@type":"WebSite","@id":"https:\/\/chromassonic.com\/#website","url":"https:\/\/chromassonic.com\/","name":"Chromassonic","description":"Syst\u00e8me brevet\u00e9 de chromoth\u00e9rapie","publisher":{"@id":"https:\/\/chromassonic.com\/#organization"},"potentialAction":[{"@type":"SearchAction","target":{"@type":"EntryPoint","urlTemplate":"https:\/\/chromassonic.com\/?s={search_term_string}"},"query-input":"required name=search_term_string"}],"inLanguage":"fr-FR"},{"@type":"Organization","@id":"https:\/\/chromassonic.com\/#organization","name":"Chromassonic","url":"https:\/\/chromassonic.com\/","logo":{"@type":"ImageObject","inLanguage":"fr-FR","@id":"https:\/\/chromassonic.com\/#\/schema\/logo\/image\/","url":"https:\/\/chromassonic.com\/wp-content\/uploads\/2019\/04\/Chromassonic-systeme-logo-1.png","contentUrl":"https:\/\/chromassonic.com\/wp-content\/uploads\/2019\/04\/Chromassonic-systeme-logo-1.png","width":1656,"height":327,"caption":"Chromassonic"},"image":{"@id":"https:\/\/chromassonic.com\/#\/schema\/logo\/image\/"}}]}},"_links":{"self":[{"href":"https:\/\/chromassonic.com\/index.php\/wp-json\/wp\/v2\/pages\/195"}],"collection":[{"href":"https:\/\/chromassonic.com\/index.php\/wp-json\/wp\/v2\/pages"}],"about":[{"href":"https:\/\/chromassonic.com\/index.php\/wp-json\/wp\/v2\/types\/page"}],"author":[{"embeddable":true,"href":"https:\/\/chromassonic.com\/index.php\/wp-json\/wp\/v2\/users\/2"}],"replies":[{"embeddable":true,"href":"https:\/\/chromassonic.com\/index.php\/wp-json\/wp\/v2\/comments?post=195"}],"version-history":[{"count":5,"href":"https:\/\/chromassonic.com\/index.php\/wp-json\/wp\/v2\/pages\/195\/revisions"}],"predecessor-version":[{"id":375,"href":"https:\/\/chromassonic.com\/index.php\/wp-json\/wp\/v2\/pages\/195\/revisions\/375"}],"wp:featuredmedia":[{"embeddable":true,"href":"https:\/\/chromassonic.com\/index.php\/wp-json\/wp\/v2\/media\/79"}],"wp:attachment":[{"href":"https:\/\/chromassonic.com\/index.php\/wp-json\/wp\/v2\/media?parent=195"}],"curies":[{"name":"wp","href":"https:\/\/api.w.org\/{rel}","templated":true}]}}