{"id":201,"date":"2019-04-12T10:04:44","date_gmt":"2019-04-12T10:04:44","guid":{"rendered":"https:\/\/chromassonic.com\/?page_id=201"},"modified":"2022-02-09T21:28:29","modified_gmt":"2022-02-09T21:28:29","slug":"sainte-colombe-sur-lhers-11230","status":"publish","type":"page","link":"https:\/\/chromassonic.com\/index.php\/sainte-colombe-sur-lhers-11230\/","title":{"rendered":"Sainte-Colombe-sur-l&rsquo;Hers (11230)"},"content":{"rendered":"\r\n<p><strong>Sainte-Colombe-sur-l&rsquo;Hers<\/strong><\/p>\r\n\r\n\r\n\r\n<p><strong>Chantal BOILOT<\/strong><\/p>\r\n\r\n\r\n\r\n<p>CHROMASSONIC Syst\u00e8me<br \/>2 Lotissement La Can\u00e9lo<br \/>11230 Puivert<\/p>\r\n\r\n\r\n\r\n<p>Mobile 06 11 23 87 83<br \/>Mail : <a href=\"mailto:chantboi@orange.fr\"><strong>chantboi@orange.fr<\/strong><\/a><br \/>Site : <a rel=\"noreferrer noopener\" href=\"http:\/\/www.ducorpsaucoeurarkenciel.com\" target=\"_blank\"><strong>www.ducorpsaucoeurarkenciel.com<\/strong><\/a><br \/>Facebook : <a rel=\"noreferrer noopener\" href=\"https:\/\/www.facebook.com\/pages\/Chromassonic17\/595109020577205\" target=\"_blank\"><strong>chromassonic17<\/strong><\/a><\/p>\r\n\r\n\r\n\r\n<div class=\"wp-block-button\">Plan du centre<\/div>\r\n\r\n\r\n\r\n<figure class=\"wp-block-image\"><img decoding=\"async\" loading=\"lazy\" width=\"600\" height=\"450\" src=\"https:\/\/chromassonic.com\/wp-content\/uploads\/2019\/04\/Chromassonic_la_rochelle.jpg\" alt=\"\" class=\"wp-image-202\" srcset=\"https:\/\/chromassonic.com\/wp-content\/uploads\/2019\/04\/Chromassonic_la_rochelle.jpg 600w, https:\/\/chromassonic.com\/wp-content\/uploads\/2019\/04\/Chromassonic_la_rochelle-300x225.jpg 300w\" sizes=\"(max-width: 600px) 100vw, 600px\" \/><\/figure>\r\n","protected":false},"excerpt":{"rendered":"<p>Sainte-Colombe-sur-l&rsquo;Hers Chantal BOILOT CHROMASSONIC Syst\u00e8me2 Lotissement La Can\u00e9lo11230 Puivert Mobile 06 11 23 87 83Mail : chantboi@orange.frSite : www.ducorpsaucoeurarkenciel.comFacebook : chromassonic17<\/p>\n","protected":false},"author":2,"featured_media":79,"parent":0,"menu_order":0,"comment_status":"closed","ping_status":"closed","template":"","meta":[],"yoast_head":"<!-- This site is optimized with the Yoast SEO plugin v21.8.1 - https:\/\/yoast.com\/wordpress\/plugins\/seo\/ -->\n<title>Sainte-Colombe-sur-l&#039;Hers (11230) - Chromassonic<\/title>\n<meta name=\"robots\" content=\"index, follow, max-snippet:-1, max-image-preview:large, max-video-preview:-1\" \/>\n<link rel=\"canonical\" href=\"https:\/\/chromassonic.com\/index.php\/sainte-colombe-sur-lhers-11230\/\" \/>\n<meta property=\"og:locale\" content=\"fr_FR\" \/>\n<meta property=\"og:type\" content=\"article\" \/>\n<meta property=\"og:title\" content=\"Sainte-Colombe-sur-l&#039;Hers (11230) - Chromassonic\" \/>\n<meta property=\"og:description\" content=\"Sainte-Colombe-sur-l&rsquo;Hers Chantal BOILOT CHROMASSONIC Syst\u00e8me2 Lotissement La Can\u00e9lo11230 Puivert Mobile 06 11 23 87 83Mail : chantboi@orange.frSite : www.ducorpsaucoeurarkenciel.comFacebook : chromassonic17\" \/>\n<meta property=\"og:url\" content=\"https:\/\/chromassonic.com\/index.php\/sainte-colombe-sur-lhers-11230\/\" \/>\n<meta property=\"og:site_name\" content=\"Chromassonic\" \/>\n<meta property=\"article:modified_time\" content=\"2022-02-09T21:28:29+00:00\" \/>\n<meta property=\"og:image\" content=\"https:\/\/chromassonic.com\/wp-content\/uploads\/2019\/04\/appareil_chromassonic.jpg\" \/>\n\t<meta property=\"og:image:width\" content=\"2520\" \/>\n\t<meta property=\"og:image:height\" content=\"1392\" \/>\n\t<meta property=\"og:image:type\" content=\"image\/jpeg\" \/>\n<meta name=\"twitter:card\" content=\"summary_large_image\" \/>\n<script type=\"application\/ld+json\" class=\"yoast-schema-graph\">{\"@context\":\"https:\/\/schema.org\",\"@graph\":[{\"@type\":\"WebPage\",\"@id\":\"https:\/\/chromassonic.com\/index.php\/sainte-colombe-sur-lhers-11230\/\",\"url\":\"https:\/\/chromassonic.com\/index.php\/sainte-colombe-sur-lhers-11230\/\",\"name\":\"Sainte-Colombe-sur-l'Hers (11230) - Chromassonic\",\"isPartOf\":{\"@id\":\"https:\/\/chromassonic.com\/#website\"},\"datePublished\":\"2019-04-12T10:04:44+00:00\",\"dateModified\":\"2022-02-09T21:28:29+00:00\",\"breadcrumb\":{\"@id\":\"https:\/\/chromassonic.com\/index.php\/sainte-colombe-sur-lhers-11230\/#breadcrumb\"},\"inLanguage\":\"fr-FR\",\"potentialAction\":[{\"@type\":\"ReadAction\",\"target\":[\"https:\/\/chromassonic.com\/index.php\/sainte-colombe-sur-lhers-11230\/\"]}]},{\"@type\":\"BreadcrumbList\",\"@id\":\"https:\/\/chromassonic.com\/index.php\/sainte-colombe-sur-lhers-11230\/#breadcrumb\",\"itemListElement\":[{\"@type\":\"ListItem\",\"position\":1,\"name\":\"Accueil\",\"item\":\"https:\/\/chromassonic.com\/\"},{\"@type\":\"ListItem\",\"position\":2,\"name\":\"Sainte-Colombe-sur-l&rsquo;Hers (11230)\"}]},{\"@type\":\"WebSite\",\"@id\":\"https:\/\/chromassonic.com\/#website\",\"url\":\"https:\/\/chromassonic.com\/\",\"name\":\"Chromassonic\",\"description\":\"Syst\u00e8me brevet\u00e9 de chromoth\u00e9rapie\",\"publisher\":{\"@id\":\"https:\/\/chromassonic.com\/#organization\"},\"potentialAction\":[{\"@type\":\"SearchAction\",\"target\":{\"@type\":\"EntryPoint\",\"urlTemplate\":\"https:\/\/chromassonic.com\/?s={search_term_string}\"},\"query-input\":\"required name=search_term_string\"}],\"inLanguage\":\"fr-FR\"},{\"@type\":\"Organization\",\"@id\":\"https:\/\/chromassonic.com\/#organization\",\"name\":\"Chromassonic\",\"url\":\"https:\/\/chromassonic.com\/\",\"logo\":{\"@type\":\"ImageObject\",\"inLanguage\":\"fr-FR\",\"@id\":\"https:\/\/chromassonic.com\/#\/schema\/logo\/image\/\",\"url\":\"https:\/\/chromassonic.com\/wp-content\/uploads\/2019\/04\/Chromassonic-systeme-logo-1.png\",\"contentUrl\":\"https:\/\/chromassonic.com\/wp-content\/uploads\/2019\/04\/Chromassonic-systeme-logo-1.png\",\"width\":1656,\"height\":327,\"caption\":\"Chromassonic\"},\"image\":{\"@id\":\"https:\/\/chromassonic.com\/#\/schema\/logo\/image\/\"}}]}<\/script>\n<!-- \/ Yoast SEO plugin. -->","yoast_head_json":{"title":"Sainte-Colombe-sur-l'Hers (11230) - Chromassonic","robots":{"index":"index","follow":"follow","max-snippet":"max-snippet:-1","max-image-preview":"max-image-preview:large","max-video-preview":"max-video-preview:-1"},"canonical":"https:\/\/chromassonic.com\/index.php\/sainte-colombe-sur-lhers-11230\/","og_locale":"fr_FR","og_type":"article","og_title":"Sainte-Colombe-sur-l'Hers (11230) - Chromassonic","og_description":"Sainte-Colombe-sur-l&rsquo;Hers Chantal BOILOT CHROMASSONIC Syst\u00e8me2 Lotissement La Can\u00e9lo11230 Puivert Mobile 06 11 23 87 83Mail : chantboi@orange.frSite : www.ducorpsaucoeurarkenciel.comFacebook : chromassonic17","og_url":"https:\/\/chromassonic.com\/index.php\/sainte-colombe-sur-lhers-11230\/","og_site_name":"Chromassonic","article_modified_time":"2022-02-09T21:28:29+00:00","og_image":[{"width":2520,"height":1392,"url":"https:\/\/chromassonic.com\/wp-content\/uploads\/2019\/04\/appareil_chromassonic.jpg","type":"image\/jpeg"}],"twitter_card":"summary_large_image","schema":{"@context":"https:\/\/schema.org","@graph":[{"@type":"WebPage","@id":"https:\/\/chromassonic.com\/index.php\/sainte-colombe-sur-lhers-11230\/","url":"https:\/\/chromassonic.com\/index.php\/sainte-colombe-sur-lhers-11230\/","name":"Sainte-Colombe-sur-l'Hers (11230) - Chromassonic","isPartOf":{"@id":"https:\/\/chromassonic.com\/#website"},"datePublished":"2019-04-12T10:04:44+00:00","dateModified":"2022-02-09T21:28:29+00:00","breadcrumb":{"@id":"https:\/\/chromassonic.com\/index.php\/sainte-colombe-sur-lhers-11230\/#breadcrumb"},"inLanguage":"fr-FR","potentialAction":[{"@type":"ReadAction","target":["https:\/\/chromassonic.com\/index.php\/sainte-colombe-sur-lhers-11230\/"]}]},{"@type":"BreadcrumbList","@id":"https:\/\/chromassonic.com\/index.php\/sainte-colombe-sur-lhers-11230\/#breadcrumb","itemListElement":[{"@type":"ListItem","position":1,"name":"Accueil","item":"https:\/\/chromassonic.com\/"},{"@type":"ListItem","position":2,"name":"Sainte-Colombe-sur-l&rsquo;Hers (11230)"}]},{"@type":"WebSite","@id":"https:\/\/chromassonic.com\/#website","url":"https:\/\/chromassonic.com\/","name":"Chromassonic","description":"Syst\u00e8me brevet\u00e9 de chromoth\u00e9rapie","publisher":{"@id":"https:\/\/chromassonic.com\/#organization"},"potentialAction":[{"@type":"SearchAction","target":{"@type":"EntryPoint","urlTemplate":"https:\/\/chromassonic.com\/?s={search_term_string}"},"query-input":"required name=search_term_string"}],"inLanguage":"fr-FR"},{"@type":"Organization","@id":"https:\/\/chromassonic.com\/#organization","name":"Chromassonic","url":"https:\/\/chromassonic.com\/","logo":{"@type":"ImageObject","inLanguage":"fr-FR","@id":"https:\/\/chromassonic.com\/#\/schema\/logo\/image\/","url":"https:\/\/chromassonic.com\/wp-content\/uploads\/2019\/04\/Chromassonic-systeme-logo-1.png","contentUrl":"https:\/\/chromassonic.com\/wp-content\/uploads\/2019\/04\/Chromassonic-systeme-logo-1.png","width":1656,"height":327,"caption":"Chromassonic"},"image":{"@id":"https:\/\/chromassonic.com\/#\/schema\/logo\/image\/"}}]}},"_links":{"self":[{"href":"https:\/\/chromassonic.com\/index.php\/wp-json\/wp\/v2\/pages\/201"}],"collection":[{"href":"https:\/\/chromassonic.com\/index.php\/wp-json\/wp\/v2\/pages"}],"about":[{"href":"https:\/\/chromassonic.com\/index.php\/wp-json\/wp\/v2\/types\/page"}],"author":[{"embeddable":true,"href":"https:\/\/chromassonic.com\/index.php\/wp-json\/wp\/v2\/users\/2"}],"replies":[{"embeddable":true,"href":"https:\/\/chromassonic.com\/index.php\/wp-json\/wp\/v2\/comments?post=201"}],"version-history":[{"count":9,"href":"https:\/\/chromassonic.com\/index.php\/wp-json\/wp\/v2\/pages\/201\/revisions"}],"predecessor-version":[{"id":494,"href":"https:\/\/chromassonic.com\/index.php\/wp-json\/wp\/v2\/pages\/201\/revisions\/494"}],"wp:featuredmedia":[{"embeddable":true,"href":"https:\/\/chromassonic.com\/index.php\/wp-json\/wp\/v2\/media\/79"}],"wp:attachment":[{"href":"https:\/\/chromassonic.com\/index.php\/wp-json\/wp\/v2\/media?parent=201"}],"curies":[{"name":"wp","href":"https:\/\/api.w.org\/{rel}","templated":true}]}}