{"id":230,"date":"2019-04-12T11:38:01","date_gmt":"2019-04-12T11:38:01","guid":{"rendered":"https:\/\/chromassonic.com\/?page_id=230"},"modified":"2019-05-16T20:50:57","modified_gmt":"2019-05-16T20:50:57","slug":"cluses","status":"publish","type":"page","link":"https:\/\/chromassonic.com\/index.php\/cluses\/","title":{"rendered":"Cluses (74300)"},"content":{"rendered":"\n<p><strong>Marie-France et Erick HENRIET<\/strong><\/p>\n\n\n\n<p><strong>INSTITUT JENAYBELLE<\/strong><\/p>\n\n\n\n<p>21 Grande Rue<br> 74300 CLUSES<\/p>\n\n\n\n<p>T\u00e9l.\u00a004.50.98.06.01<br> 06.20.38.73.42<br> Mail\u00a0:\u00a0<a href=\"mailto:institut.jenaybelle@gmail.com\"><strong>institut.jenaybelle@gmail.com<\/strong><\/a><\/p>\n\n\n\n<div class=\"wp-block-button\"><a class=\"wp-block-button__link has-text-color has-background has-white-background-color\" href=\"https:\/\/www.google.com\/maps\/place\/21+Grande+Rue,+74300+Cluses\/data=!4m2!3m1!1s0x478c06de2af71b83:0x69db46a22e3d30db?sa=X&amp;ved=2ahUKEwiI-rKA8aDiAhVDXhoKHRm2D6IQ8gEwAHoECAoQAQ\" style=\"color:#222222\">Plan du centre<\/a><\/div>\n\n\n\n<figure class=\"wp-block-image\"><img decoding=\"async\" loading=\"lazy\" width=\"640\" height=\"427\" src=\"https:\/\/chromassonic.com\/wp-content\/uploads\/2019\/04\/chromassonic_cluses.jpg\" alt=\"\" class=\"wp-image-231\" srcset=\"https:\/\/chromassonic.com\/wp-content\/uploads\/2019\/04\/chromassonic_cluses.jpg 640w, https:\/\/chromassonic.com\/wp-content\/uploads\/2019\/04\/chromassonic_cluses-300x200.jpg 300w, https:\/\/chromassonic.com\/wp-content\/uploads\/2019\/04\/chromassonic_cluses-360x240.jpg 360w\" sizes=\"(max-width: 640px) 100vw, 640px\" \/><\/figure>\n","protected":false},"excerpt":{"rendered":"<p>Marie-France et Erick HENRIET INSTITUT JENAYBELLE 21 Grande Rue 74300 CLUSES T\u00e9l.\u00a004.50.98.06.01 06.20.38.73.42 Mail\u00a0:\u00a0institut.jenaybelle@gmail.com<\/p>\n","protected":false},"author":2,"featured_media":79,"parent":0,"menu_order":0,"comment_status":"closed","ping_status":"closed","template":"","meta":[],"yoast_head":"<!-- This site is optimized with the Yoast SEO plugin v21.8.1 - https:\/\/yoast.com\/wordpress\/plugins\/seo\/ -->\n<title>Cluses (74300) - Chromassonic<\/title>\n<meta name=\"robots\" content=\"index, follow, max-snippet:-1, max-image-preview:large, max-video-preview:-1\" \/>\n<link rel=\"canonical\" href=\"https:\/\/chromassonic.com\/index.php\/cluses\/\" \/>\n<meta property=\"og:locale\" content=\"fr_FR\" \/>\n<meta property=\"og:type\" content=\"article\" \/>\n<meta property=\"og:title\" content=\"Cluses (74300) - Chromassonic\" \/>\n<meta property=\"og:description\" content=\"Marie-France et Erick HENRIET INSTITUT JENAYBELLE 21 Grande Rue 74300 CLUSES T\u00e9l.\u00a004.50.98.06.01 06.20.38.73.42 Mail\u00a0:\u00a0institut.jenaybelle@gmail.com\" \/>\n<meta property=\"og:url\" content=\"https:\/\/chromassonic.com\/index.php\/cluses\/\" \/>\n<meta property=\"og:site_name\" content=\"Chromassonic\" \/>\n<meta property=\"article:modified_time\" content=\"2019-05-16T20:50:57+00:00\" \/>\n<meta property=\"og:image\" content=\"https:\/\/chromassonic.com\/wp-content\/uploads\/2019\/04\/appareil_chromassonic.jpg\" \/>\n\t<meta property=\"og:image:width\" content=\"2520\" \/>\n\t<meta property=\"og:image:height\" content=\"1392\" \/>\n\t<meta property=\"og:image:type\" content=\"image\/jpeg\" \/>\n<meta name=\"twitter:card\" content=\"summary_large_image\" \/>\n<script type=\"application\/ld+json\" class=\"yoast-schema-graph\">{\"@context\":\"https:\/\/schema.org\",\"@graph\":[{\"@type\":\"WebPage\",\"@id\":\"https:\/\/chromassonic.com\/index.php\/cluses\/\",\"url\":\"https:\/\/chromassonic.com\/index.php\/cluses\/\",\"name\":\"Cluses (74300) - Chromassonic\",\"isPartOf\":{\"@id\":\"https:\/\/chromassonic.com\/#website\"},\"datePublished\":\"2019-04-12T11:38:01+00:00\",\"dateModified\":\"2019-05-16T20:50:57+00:00\",\"breadcrumb\":{\"@id\":\"https:\/\/chromassonic.com\/index.php\/cluses\/#breadcrumb\"},\"inLanguage\":\"fr-FR\",\"potentialAction\":[{\"@type\":\"ReadAction\",\"target\":[\"https:\/\/chromassonic.com\/index.php\/cluses\/\"]}]},{\"@type\":\"BreadcrumbList\",\"@id\":\"https:\/\/chromassonic.com\/index.php\/cluses\/#breadcrumb\",\"itemListElement\":[{\"@type\":\"ListItem\",\"position\":1,\"name\":\"Accueil\",\"item\":\"https:\/\/chromassonic.com\/\"},{\"@type\":\"ListItem\",\"position\":2,\"name\":\"Cluses (74300)\"}]},{\"@type\":\"WebSite\",\"@id\":\"https:\/\/chromassonic.com\/#website\",\"url\":\"https:\/\/chromassonic.com\/\",\"name\":\"Chromassonic\",\"description\":\"Syst\u00e8me brevet\u00e9 de chromoth\u00e9rapie\",\"publisher\":{\"@id\":\"https:\/\/chromassonic.com\/#organization\"},\"potentialAction\":[{\"@type\":\"SearchAction\",\"target\":{\"@type\":\"EntryPoint\",\"urlTemplate\":\"https:\/\/chromassonic.com\/?s={search_term_string}\"},\"query-input\":\"required name=search_term_string\"}],\"inLanguage\":\"fr-FR\"},{\"@type\":\"Organization\",\"@id\":\"https:\/\/chromassonic.com\/#organization\",\"name\":\"Chromassonic\",\"url\":\"https:\/\/chromassonic.com\/\",\"logo\":{\"@type\":\"ImageObject\",\"inLanguage\":\"fr-FR\",\"@id\":\"https:\/\/chromassonic.com\/#\/schema\/logo\/image\/\",\"url\":\"https:\/\/chromassonic.com\/wp-content\/uploads\/2019\/04\/Chromassonic-systeme-logo-1.png\",\"contentUrl\":\"https:\/\/chromassonic.com\/wp-content\/uploads\/2019\/04\/Chromassonic-systeme-logo-1.png\",\"width\":1656,\"height\":327,\"caption\":\"Chromassonic\"},\"image\":{\"@id\":\"https:\/\/chromassonic.com\/#\/schema\/logo\/image\/\"}}]}<\/script>\n<!-- \/ Yoast SEO plugin. -->","yoast_head_json":{"title":"Cluses (74300) - Chromassonic","robots":{"index":"index","follow":"follow","max-snippet":"max-snippet:-1","max-image-preview":"max-image-preview:large","max-video-preview":"max-video-preview:-1"},"canonical":"https:\/\/chromassonic.com\/index.php\/cluses\/","og_locale":"fr_FR","og_type":"article","og_title":"Cluses (74300) - Chromassonic","og_description":"Marie-France et Erick HENRIET INSTITUT JENAYBELLE 21 Grande Rue 74300 CLUSES T\u00e9l.\u00a004.50.98.06.01 06.20.38.73.42 Mail\u00a0:\u00a0institut.jenaybelle@gmail.com","og_url":"https:\/\/chromassonic.com\/index.php\/cluses\/","og_site_name":"Chromassonic","article_modified_time":"2019-05-16T20:50:57+00:00","og_image":[{"width":2520,"height":1392,"url":"https:\/\/chromassonic.com\/wp-content\/uploads\/2019\/04\/appareil_chromassonic.jpg","type":"image\/jpeg"}],"twitter_card":"summary_large_image","schema":{"@context":"https:\/\/schema.org","@graph":[{"@type":"WebPage","@id":"https:\/\/chromassonic.com\/index.php\/cluses\/","url":"https:\/\/chromassonic.com\/index.php\/cluses\/","name":"Cluses (74300) - Chromassonic","isPartOf":{"@id":"https:\/\/chromassonic.com\/#website"},"datePublished":"2019-04-12T11:38:01+00:00","dateModified":"2019-05-16T20:50:57+00:00","breadcrumb":{"@id":"https:\/\/chromassonic.com\/index.php\/cluses\/#breadcrumb"},"inLanguage":"fr-FR","potentialAction":[{"@type":"ReadAction","target":["https:\/\/chromassonic.com\/index.php\/cluses\/"]}]},{"@type":"BreadcrumbList","@id":"https:\/\/chromassonic.com\/index.php\/cluses\/#breadcrumb","itemListElement":[{"@type":"ListItem","position":1,"name":"Accueil","item":"https:\/\/chromassonic.com\/"},{"@type":"ListItem","position":2,"name":"Cluses (74300)"}]},{"@type":"WebSite","@id":"https:\/\/chromassonic.com\/#website","url":"https:\/\/chromassonic.com\/","name":"Chromassonic","description":"Syst\u00e8me brevet\u00e9 de chromoth\u00e9rapie","publisher":{"@id":"https:\/\/chromassonic.com\/#organization"},"potentialAction":[{"@type":"SearchAction","target":{"@type":"EntryPoint","urlTemplate":"https:\/\/chromassonic.com\/?s={search_term_string}"},"query-input":"required name=search_term_string"}],"inLanguage":"fr-FR"},{"@type":"Organization","@id":"https:\/\/chromassonic.com\/#organization","name":"Chromassonic","url":"https:\/\/chromassonic.com\/","logo":{"@type":"ImageObject","inLanguage":"fr-FR","@id":"https:\/\/chromassonic.com\/#\/schema\/logo\/image\/","url":"https:\/\/chromassonic.com\/wp-content\/uploads\/2019\/04\/Chromassonic-systeme-logo-1.png","contentUrl":"https:\/\/chromassonic.com\/wp-content\/uploads\/2019\/04\/Chromassonic-systeme-logo-1.png","width":1656,"height":327,"caption":"Chromassonic"},"image":{"@id":"https:\/\/chromassonic.com\/#\/schema\/logo\/image\/"}}]}},"_links":{"self":[{"href":"https:\/\/chromassonic.com\/index.php\/wp-json\/wp\/v2\/pages\/230"}],"collection":[{"href":"https:\/\/chromassonic.com\/index.php\/wp-json\/wp\/v2\/pages"}],"about":[{"href":"https:\/\/chromassonic.com\/index.php\/wp-json\/wp\/v2\/types\/page"}],"author":[{"embeddable":true,"href":"https:\/\/chromassonic.com\/index.php\/wp-json\/wp\/v2\/users\/2"}],"replies":[{"embeddable":true,"href":"https:\/\/chromassonic.com\/index.php\/wp-json\/wp\/v2\/comments?post=230"}],"version-history":[{"count":4,"href":"https:\/\/chromassonic.com\/index.php\/wp-json\/wp\/v2\/pages\/230\/revisions"}],"predecessor-version":[{"id":387,"href":"https:\/\/chromassonic.com\/index.php\/wp-json\/wp\/v2\/pages\/230\/revisions\/387"}],"wp:featuredmedia":[{"embeddable":true,"href":"https:\/\/chromassonic.com\/index.php\/wp-json\/wp\/v2\/media\/79"}],"wp:attachment":[{"href":"https:\/\/chromassonic.com\/index.php\/wp-json\/wp\/v2\/media?parent=230"}],"curies":[{"name":"wp","href":"https:\/\/api.w.org\/{rel}","templated":true}]}}