{"id":233,"date":"2019-04-12T11:43:24","date_gmt":"2019-04-12T11:43:24","guid":{"rendered":"https:\/\/chromassonic.com\/?page_id=233"},"modified":"2019-05-16T20:55:33","modified_gmt":"2019-05-16T20:55:33","slug":"dom-tom","status":"publish","type":"page","link":"https:\/\/chromassonic.com\/index.php\/dom-tom\/","title":{"rendered":"DOM-TOM"},"content":{"rendered":"\n<p><strong>Chromassonic Syst\u00e8me (MARTINIQUE)<\/strong><\/p>\n\n\n\n<p>16&nbsp; rue Delgres<br> 97215 RIVIERE-SALEE<br> T\u00e9l. 06 96 84 75 66<\/p>\n\n\n\n<div class=\"wp-block-button\"><a class=\"wp-block-button__link has-text-color has-background has-white-background-color\" href=\"https:\/\/www.google.com\/maps\/place\/Bernadine+Stephane\/@14.5618165,-60.9363186,15z\/data=!4m2!3m1!1s0x0:0x1e6b42c00ba8b0e3?sa=X&amp;ved=2ahUKEwjrne-R8aDiAhUFUhoKHSVqCp4Q_BIwCnoECA0QBw\" style=\"color:#222222\">Plan du centre<\/a><\/div>\n\n\n\n<figure class=\"wp-block-image\"><img decoding=\"async\" loading=\"lazy\" width=\"320\" height=\"240\" src=\"https:\/\/chromassonic.com\/wp-content\/uploads\/2019\/04\/Chromassonic_DOM_TOM.jpg\" alt=\"\" class=\"wp-image-234\" srcset=\"https:\/\/chromassonic.com\/wp-content\/uploads\/2019\/04\/Chromassonic_DOM_TOM.jpg 320w, https:\/\/chromassonic.com\/wp-content\/uploads\/2019\/04\/Chromassonic_DOM_TOM-300x225.jpg 300w\" sizes=\"(max-width: 320px) 100vw, 320px\" \/><\/figure>\n\n\n\n<figure class=\"wp-block-image\"><img decoding=\"async\" loading=\"lazy\" width=\"320\" height=\"240\" src=\"https:\/\/chromassonic.com\/wp-content\/uploads\/2019\/04\/Chromassonic_DOM_TOM_chromoth\u00e9rapie.jpg\" alt=\"\" class=\"wp-image-235\" srcset=\"https:\/\/chromassonic.com\/wp-content\/uploads\/2019\/04\/Chromassonic_DOM_TOM_chromoth\u00e9rapie.jpg 320w, https:\/\/chromassonic.com\/wp-content\/uploads\/2019\/04\/Chromassonic_DOM_TOM_chromoth\u00e9rapie-300x225.jpg 300w\" sizes=\"(max-width: 320px) 100vw, 320px\" \/><\/figure>\n\n\n\n<hr class=\"wp-block-separator\"\/>\n\n\n\n<p><strong>Pr\u00e9vention &#8211; Gestion du Stress<\/strong><br><strong>Risques Psycho-Sociaux<\/strong><\/p>\n\n\n\n<p>249, rue du\nG\u00e9n\u00e9ral Lambert<br>\n97436 Saint-Leu<\/p>\n\n\n\n<p>T\u00e9l. 06 92 77 30 93<br> Email :<a href=\"mailto:%20contact-therapie@amiel.oi.com\"> <strong>contact-therapie@amiel.oi.com<\/strong><\/a><\/p>\n\n\n\n<figure class=\"wp-block-image\"><img decoding=\"async\" loading=\"lazy\" width=\"320\" height=\"70\" src=\"https:\/\/chromassonic.com\/wp-content\/uploads\/2019\/04\/Chromassonic_dom_tom_saint_leu.jpg\" alt=\"\" class=\"wp-image-236\" srcset=\"https:\/\/chromassonic.com\/wp-content\/uploads\/2019\/04\/Chromassonic_dom_tom_saint_leu.jpg 320w, https:\/\/chromassonic.com\/wp-content\/uploads\/2019\/04\/Chromassonic_dom_tom_saint_leu-300x66.jpg 300w\" sizes=\"(max-width: 320px) 100vw, 320px\" \/><\/figure>\n","protected":false},"excerpt":{"rendered":"<p>Chromassonic Syst\u00e8me (MARTINIQUE) 16&nbsp; rue Delgres 97215 RIVIERE-SALEE T\u00e9l. 06 96 84 75 66 Pr\u00e9vention &#8211; Gestion du StressRisques Psycho-Sociaux 249, rue du G\u00e9n\u00e9ral Lambert 97436 Saint-Leu T\u00e9l. 06 92 77 30 93 Email : contact-therapie@amiel.oi.com<\/p>\n","protected":false},"author":2,"featured_media":79,"parent":0,"menu_order":0,"comment_status":"closed","ping_status":"closed","template":"","meta":[],"yoast_head":"<!-- This site is optimized with the Yoast SEO plugin v21.8.1 - https:\/\/yoast.com\/wordpress\/plugins\/seo\/ -->\n<title>DOM-TOM - Chromassonic<\/title>\n<meta name=\"robots\" content=\"index, follow, max-snippet:-1, max-image-preview:large, max-video-preview:-1\" \/>\n<link rel=\"canonical\" href=\"https:\/\/chromassonic.com\/index.php\/dom-tom\/\" \/>\n<meta property=\"og:locale\" content=\"fr_FR\" \/>\n<meta property=\"og:type\" content=\"article\" \/>\n<meta property=\"og:title\" content=\"DOM-TOM - Chromassonic\" \/>\n<meta property=\"og:description\" content=\"Chromassonic Syst\u00e8me (MARTINIQUE) 16&nbsp; rue Delgres 97215 RIVIERE-SALEE T\u00e9l. 06 96 84 75 66 Pr\u00e9vention &#8211; Gestion du StressRisques Psycho-Sociaux 249, rue du G\u00e9n\u00e9ral Lambert 97436 Saint-Leu T\u00e9l. 06 92 77 30 93 Email : contact-therapie@amiel.oi.com\" \/>\n<meta property=\"og:url\" content=\"https:\/\/chromassonic.com\/index.php\/dom-tom\/\" \/>\n<meta property=\"og:site_name\" content=\"Chromassonic\" \/>\n<meta property=\"article:modified_time\" content=\"2019-05-16T20:55:33+00:00\" \/>\n<meta property=\"og:image\" content=\"https:\/\/chromassonic.com\/wp-content\/uploads\/2019\/04\/appareil_chromassonic.jpg\" \/>\n\t<meta property=\"og:image:width\" content=\"2520\" \/>\n\t<meta property=\"og:image:height\" content=\"1392\" \/>\n\t<meta property=\"og:image:type\" content=\"image\/jpeg\" \/>\n<meta name=\"twitter:card\" content=\"summary_large_image\" \/>\n<script type=\"application\/ld+json\" class=\"yoast-schema-graph\">{\"@context\":\"https:\/\/schema.org\",\"@graph\":[{\"@type\":\"WebPage\",\"@id\":\"https:\/\/chromassonic.com\/index.php\/dom-tom\/\",\"url\":\"https:\/\/chromassonic.com\/index.php\/dom-tom\/\",\"name\":\"DOM-TOM - Chromassonic\",\"isPartOf\":{\"@id\":\"https:\/\/chromassonic.com\/#website\"},\"datePublished\":\"2019-04-12T11:43:24+00:00\",\"dateModified\":\"2019-05-16T20:55:33+00:00\",\"breadcrumb\":{\"@id\":\"https:\/\/chromassonic.com\/index.php\/dom-tom\/#breadcrumb\"},\"inLanguage\":\"fr-FR\",\"potentialAction\":[{\"@type\":\"ReadAction\",\"target\":[\"https:\/\/chromassonic.com\/index.php\/dom-tom\/\"]}]},{\"@type\":\"BreadcrumbList\",\"@id\":\"https:\/\/chromassonic.com\/index.php\/dom-tom\/#breadcrumb\",\"itemListElement\":[{\"@type\":\"ListItem\",\"position\":1,\"name\":\"Accueil\",\"item\":\"https:\/\/chromassonic.com\/\"},{\"@type\":\"ListItem\",\"position\":2,\"name\":\"DOM-TOM\"}]},{\"@type\":\"WebSite\",\"@id\":\"https:\/\/chromassonic.com\/#website\",\"url\":\"https:\/\/chromassonic.com\/\",\"name\":\"Chromassonic\",\"description\":\"Syst\u00e8me brevet\u00e9 de chromoth\u00e9rapie\",\"publisher\":{\"@id\":\"https:\/\/chromassonic.com\/#organization\"},\"potentialAction\":[{\"@type\":\"SearchAction\",\"target\":{\"@type\":\"EntryPoint\",\"urlTemplate\":\"https:\/\/chromassonic.com\/?s={search_term_string}\"},\"query-input\":\"required name=search_term_string\"}],\"inLanguage\":\"fr-FR\"},{\"@type\":\"Organization\",\"@id\":\"https:\/\/chromassonic.com\/#organization\",\"name\":\"Chromassonic\",\"url\":\"https:\/\/chromassonic.com\/\",\"logo\":{\"@type\":\"ImageObject\",\"inLanguage\":\"fr-FR\",\"@id\":\"https:\/\/chromassonic.com\/#\/schema\/logo\/image\/\",\"url\":\"https:\/\/chromassonic.com\/wp-content\/uploads\/2019\/04\/Chromassonic-systeme-logo-1.png\",\"contentUrl\":\"https:\/\/chromassonic.com\/wp-content\/uploads\/2019\/04\/Chromassonic-systeme-logo-1.png\",\"width\":1656,\"height\":327,\"caption\":\"Chromassonic\"},\"image\":{\"@id\":\"https:\/\/chromassonic.com\/#\/schema\/logo\/image\/\"}}]}<\/script>\n<!-- \/ Yoast SEO plugin. -->","yoast_head_json":{"title":"DOM-TOM - Chromassonic","robots":{"index":"index","follow":"follow","max-snippet":"max-snippet:-1","max-image-preview":"max-image-preview:large","max-video-preview":"max-video-preview:-1"},"canonical":"https:\/\/chromassonic.com\/index.php\/dom-tom\/","og_locale":"fr_FR","og_type":"article","og_title":"DOM-TOM - Chromassonic","og_description":"Chromassonic Syst\u00e8me (MARTINIQUE) 16&nbsp; rue Delgres 97215 RIVIERE-SALEE T\u00e9l. 06 96 84 75 66 Pr\u00e9vention &#8211; Gestion du StressRisques Psycho-Sociaux 249, rue du G\u00e9n\u00e9ral Lambert 97436 Saint-Leu T\u00e9l. 06 92 77 30 93 Email : contact-therapie@amiel.oi.com","og_url":"https:\/\/chromassonic.com\/index.php\/dom-tom\/","og_site_name":"Chromassonic","article_modified_time":"2019-05-16T20:55:33+00:00","og_image":[{"width":2520,"height":1392,"url":"https:\/\/chromassonic.com\/wp-content\/uploads\/2019\/04\/appareil_chromassonic.jpg","type":"image\/jpeg"}],"twitter_card":"summary_large_image","schema":{"@context":"https:\/\/schema.org","@graph":[{"@type":"WebPage","@id":"https:\/\/chromassonic.com\/index.php\/dom-tom\/","url":"https:\/\/chromassonic.com\/index.php\/dom-tom\/","name":"DOM-TOM - Chromassonic","isPartOf":{"@id":"https:\/\/chromassonic.com\/#website"},"datePublished":"2019-04-12T11:43:24+00:00","dateModified":"2019-05-16T20:55:33+00:00","breadcrumb":{"@id":"https:\/\/chromassonic.com\/index.php\/dom-tom\/#breadcrumb"},"inLanguage":"fr-FR","potentialAction":[{"@type":"ReadAction","target":["https:\/\/chromassonic.com\/index.php\/dom-tom\/"]}]},{"@type":"BreadcrumbList","@id":"https:\/\/chromassonic.com\/index.php\/dom-tom\/#breadcrumb","itemListElement":[{"@type":"ListItem","position":1,"name":"Accueil","item":"https:\/\/chromassonic.com\/"},{"@type":"ListItem","position":2,"name":"DOM-TOM"}]},{"@type":"WebSite","@id":"https:\/\/chromassonic.com\/#website","url":"https:\/\/chromassonic.com\/","name":"Chromassonic","description":"Syst\u00e8me brevet\u00e9 de chromoth\u00e9rapie","publisher":{"@id":"https:\/\/chromassonic.com\/#organization"},"potentialAction":[{"@type":"SearchAction","target":{"@type":"EntryPoint","urlTemplate":"https:\/\/chromassonic.com\/?s={search_term_string}"},"query-input":"required name=search_term_string"}],"inLanguage":"fr-FR"},{"@type":"Organization","@id":"https:\/\/chromassonic.com\/#organization","name":"Chromassonic","url":"https:\/\/chromassonic.com\/","logo":{"@type":"ImageObject","inLanguage":"fr-FR","@id":"https:\/\/chromassonic.com\/#\/schema\/logo\/image\/","url":"https:\/\/chromassonic.com\/wp-content\/uploads\/2019\/04\/Chromassonic-systeme-logo-1.png","contentUrl":"https:\/\/chromassonic.com\/wp-content\/uploads\/2019\/04\/Chromassonic-systeme-logo-1.png","width":1656,"height":327,"caption":"Chromassonic"},"image":{"@id":"https:\/\/chromassonic.com\/#\/schema\/logo\/image\/"}}]}},"_links":{"self":[{"href":"https:\/\/chromassonic.com\/index.php\/wp-json\/wp\/v2\/pages\/233"}],"collection":[{"href":"https:\/\/chromassonic.com\/index.php\/wp-json\/wp\/v2\/pages"}],"about":[{"href":"https:\/\/chromassonic.com\/index.php\/wp-json\/wp\/v2\/types\/page"}],"author":[{"embeddable":true,"href":"https:\/\/chromassonic.com\/index.php\/wp-json\/wp\/v2\/users\/2"}],"replies":[{"embeddable":true,"href":"https:\/\/chromassonic.com\/index.php\/wp-json\/wp\/v2\/comments?post=233"}],"version-history":[{"count":5,"href":"https:\/\/chromassonic.com\/index.php\/wp-json\/wp\/v2\/pages\/233\/revisions"}],"predecessor-version":[{"id":391,"href":"https:\/\/chromassonic.com\/index.php\/wp-json\/wp\/v2\/pages\/233\/revisions\/391"}],"wp:featuredmedia":[{"embeddable":true,"href":"https:\/\/chromassonic.com\/index.php\/wp-json\/wp\/v2\/media\/79"}],"wp:attachment":[{"href":"https:\/\/chromassonic.com\/index.php\/wp-json\/wp\/v2\/media?parent=233"}],"curies":[{"name":"wp","href":"https:\/\/api.w.org\/{rel}","templated":true}]}}