{"id":397,"date":"2019-05-23T17:09:21","date_gmt":"2019-05-23T17:09:21","guid":{"rendered":"https:\/\/chromassonic.com\/?page_id=397"},"modified":"2019-05-24T10:30:34","modified_gmt":"2019-05-24T10:30:34","slug":"valais-suisse","status":"publish","type":"page","link":"https:\/\/chromassonic.com\/index.php\/valais-suisse\/","title":{"rendered":"Valais &#8211; Suisse (1920)"},"content":{"rendered":"\n<h2 class=\"wp-block-heading\">Centre de Sant\u00e9 Int\u00e9gratif<\/h2>\n\n\n\n<h3 class=\"wp-block-heading\">VITALTEC <\/h3>\n\n\n\n<p>Rue du Rh\u00f4ne 5<\/p>\n\n\n\n<p>1920 Martigny<\/p>\n\n\n\n<p>Valais \u2013 SUISSE <\/p>\n\n\n\n<p>T\u00e9l&nbsp;:&nbsp;<a rel=\"noreferrer noopener\" href=\"tel:(00%2041)%2027%C2%A056%2059%C2%A0008\" target=\"_blank\"><strong>(00 41) 27&nbsp;565&nbsp;90&nbsp;08<\/strong><\/a><\/p>\n\n\n\n<p>Mail&nbsp;:&nbsp;<a rel=\"noreferrer noopener\" href=\"mailto:vitaltec@netplus.ch\" target=\"_blank\"><strong>vitaltec@netplus.ch<\/strong><\/a><\/p>\n\n\n\n<p><a rel=\"noreferrer noopener\" href=\"http:\/\/www.vitaltec.ch\/\" target=\"_blank\"><strong>www.vitaltec.ch<\/strong><\/a>&nbsp;(en construction) <\/p>\n\n\n\n<div class=\"wp-block-button\"><a class=\"wp-block-button__link has-text-color has-background has-white-background-color\" href=\"https:\/\/www.google.com\/maps\/place\/Rue+du+Rh%C3%B4ne+5,+1920+Martigny,+Suisse\/data=!4m2!3m1!1s0x478ec9d2f932309b:0x50d773e2870f143?sa=X&amp;ved=2ahUKEwjg8r_2kbLiAhX_BGMBHamPC-MQ8gEwAHoECAkQAQ\" style=\"color:#222222\"> Plan du centre<\/a><\/div>\n\n\n\n<figure class=\"wp-block-image\"><img decoding=\"async\" loading=\"lazy\" width=\"480\" height=\"640\" src=\"https:\/\/chromassonic.com\/wp-content\/uploads\/2019\/05\/JP-bureau-p-e1558631348888.jpeg\" alt=\"\" class=\"wp-image-403\" srcset=\"https:\/\/chromassonic.com\/wp-content\/uploads\/2019\/05\/JP-bureau-p-e1558631348888.jpeg 480w, https:\/\/chromassonic.com\/wp-content\/uploads\/2019\/05\/JP-bureau-p-e1558631348888-225x300.jpeg 225w\" sizes=\"(max-width: 480px) 100vw, 480px\" \/><\/figure>\n\n\n\n<figure class=\"wp-block-image\"><img decoding=\"async\" loading=\"lazy\" width=\"640\" height=\"480\" src=\"https:\/\/chromassonic.com\/wp-content\/uploads\/2019\/05\/Chromo-photo-p.jpeg\" alt=\"\" class=\"wp-image-406\" srcset=\"https:\/\/chromassonic.com\/wp-content\/uploads\/2019\/05\/Chromo-photo-p.jpeg 640w, https:\/\/chromassonic.com\/wp-content\/uploads\/2019\/05\/Chromo-photo-p-300x225.jpeg 300w\" sizes=\"(max-width: 640px) 100vw, 640px\" \/><\/figure>\n\n\n\n<div class=\"wp-block-themeisle-blocks-advanced-columns has-1-columns has-desktop-equal-layout has-tablet-equal-layout has-mobile-equal-layout has-default-gap has-vertical-unset\" id=\"wp-block-themeisle-blocks-advanced-columns-bd5d7a3a\" style=\"border-width:0px;border-style:solid;border-color:#000000;border-radius:0px;justify-content:unset\"><div class=\"wp-themeisle-block-overlay\" style=\"opacity:0.5;mix-blend-mode:normal\"><\/div><div class=\"innerblocks-wrap\">\n<div class=\"wp-block-themeisle-blocks-advanced-column\" id=\"wp-block-themeisle-blocks-advanced-column-808aac6c\" style=\"border-width:0px;border-style:solid;border-color:#000000;border-radius:0px\"><\/div>\n<\/div><\/div>\n","protected":false},"excerpt":{"rendered":"<p>Centre de Sant\u00e9 Int\u00e9gratif VITALTEC Rue du Rh\u00f4ne 5 1920 Martigny Valais \u2013 SUISSE T\u00e9l&nbsp;:&nbsp;(00 41) 27&nbsp;565&nbsp;90&nbsp;08 Mail&nbsp;:&nbsp;vitaltec@netplus.ch www.vitaltec.ch&nbsp;(en construction)<\/p>\n","protected":false},"author":2,"featured_media":146,"parent":0,"menu_order":0,"comment_status":"closed","ping_status":"closed","template":"","meta":[],"yoast_head":"<!-- This site is optimized with the Yoast SEO plugin v21.8.1 - https:\/\/yoast.com\/wordpress\/plugins\/seo\/ -->\n<title>Valais - Suisse (1920) - Chromassonic<\/title>\n<meta name=\"robots\" content=\"index, follow, max-snippet:-1, max-image-preview:large, max-video-preview:-1\" \/>\n<link rel=\"canonical\" href=\"https:\/\/chromassonic.com\/index.php\/valais-suisse\/\" \/>\n<meta property=\"og:locale\" content=\"fr_FR\" \/>\n<meta property=\"og:type\" content=\"article\" \/>\n<meta property=\"og:title\" content=\"Valais - Suisse (1920) - Chromassonic\" \/>\n<meta property=\"og:description\" content=\"Centre de Sant\u00e9 Int\u00e9gratif VITALTEC Rue du Rh\u00f4ne 5 1920 Martigny Valais \u2013 SUISSE T\u00e9l&nbsp;:&nbsp;(00 41) 27&nbsp;565&nbsp;90&nbsp;08 Mail&nbsp;:&nbsp;vitaltec@netplus.ch www.vitaltec.ch&nbsp;(en construction)\" \/>\n<meta property=\"og:url\" content=\"https:\/\/chromassonic.com\/index.php\/valais-suisse\/\" \/>\n<meta property=\"og:site_name\" content=\"Chromassonic\" \/>\n<meta property=\"article:modified_time\" content=\"2019-05-24T10:30:34+00:00\" \/>\n<meta property=\"og:image\" content=\"https:\/\/chromassonic.com\/wp-content\/uploads\/2019\/04\/appareil_chromassonic_s\u00e9ance.jpg\" \/>\n\t<meta property=\"og:image:width\" content=\"2520\" \/>\n\t<meta property=\"og:image:height\" content=\"684\" \/>\n\t<meta property=\"og:image:type\" content=\"image\/jpeg\" \/>\n<meta name=\"twitter:card\" content=\"summary_large_image\" \/>\n<script type=\"application\/ld+json\" class=\"yoast-schema-graph\">{\"@context\":\"https:\/\/schema.org\",\"@graph\":[{\"@type\":\"WebPage\",\"@id\":\"https:\/\/chromassonic.com\/index.php\/valais-suisse\/\",\"url\":\"https:\/\/chromassonic.com\/index.php\/valais-suisse\/\",\"name\":\"Valais - Suisse (1920) - Chromassonic\",\"isPartOf\":{\"@id\":\"https:\/\/chromassonic.com\/#website\"},\"datePublished\":\"2019-05-23T17:09:21+00:00\",\"dateModified\":\"2019-05-24T10:30:34+00:00\",\"breadcrumb\":{\"@id\":\"https:\/\/chromassonic.com\/index.php\/valais-suisse\/#breadcrumb\"},\"inLanguage\":\"fr-FR\",\"potentialAction\":[{\"@type\":\"ReadAction\",\"target\":[\"https:\/\/chromassonic.com\/index.php\/valais-suisse\/\"]}]},{\"@type\":\"BreadcrumbList\",\"@id\":\"https:\/\/chromassonic.com\/index.php\/valais-suisse\/#breadcrumb\",\"itemListElement\":[{\"@type\":\"ListItem\",\"position\":1,\"name\":\"Accueil\",\"item\":\"https:\/\/chromassonic.com\/\"},{\"@type\":\"ListItem\",\"position\":2,\"name\":\"Valais &#8211; Suisse (1920)\"}]},{\"@type\":\"WebSite\",\"@id\":\"https:\/\/chromassonic.com\/#website\",\"url\":\"https:\/\/chromassonic.com\/\",\"name\":\"Chromassonic\",\"description\":\"Syst\u00e8me brevet\u00e9 de chromoth\u00e9rapie\",\"publisher\":{\"@id\":\"https:\/\/chromassonic.com\/#organization\"},\"potentialAction\":[{\"@type\":\"SearchAction\",\"target\":{\"@type\":\"EntryPoint\",\"urlTemplate\":\"https:\/\/chromassonic.com\/?s={search_term_string}\"},\"query-input\":\"required name=search_term_string\"}],\"inLanguage\":\"fr-FR\"},{\"@type\":\"Organization\",\"@id\":\"https:\/\/chromassonic.com\/#organization\",\"name\":\"Chromassonic\",\"url\":\"https:\/\/chromassonic.com\/\",\"logo\":{\"@type\":\"ImageObject\",\"inLanguage\":\"fr-FR\",\"@id\":\"https:\/\/chromassonic.com\/#\/schema\/logo\/image\/\",\"url\":\"https:\/\/chromassonic.com\/wp-content\/uploads\/2019\/04\/Chromassonic-systeme-logo-1.png\",\"contentUrl\":\"https:\/\/chromassonic.com\/wp-content\/uploads\/2019\/04\/Chromassonic-systeme-logo-1.png\",\"width\":1656,\"height\":327,\"caption\":\"Chromassonic\"},\"image\":{\"@id\":\"https:\/\/chromassonic.com\/#\/schema\/logo\/image\/\"}}]}<\/script>\n<!-- \/ Yoast SEO plugin. -->","yoast_head_json":{"title":"Valais - Suisse (1920) - Chromassonic","robots":{"index":"index","follow":"follow","max-snippet":"max-snippet:-1","max-image-preview":"max-image-preview:large","max-video-preview":"max-video-preview:-1"},"canonical":"https:\/\/chromassonic.com\/index.php\/valais-suisse\/","og_locale":"fr_FR","og_type":"article","og_title":"Valais - Suisse (1920) - Chromassonic","og_description":"Centre de Sant\u00e9 Int\u00e9gratif VITALTEC Rue du Rh\u00f4ne 5 1920 Martigny Valais \u2013 SUISSE T\u00e9l&nbsp;:&nbsp;(00 41) 27&nbsp;565&nbsp;90&nbsp;08 Mail&nbsp;:&nbsp;vitaltec@netplus.ch www.vitaltec.ch&nbsp;(en construction)","og_url":"https:\/\/chromassonic.com\/index.php\/valais-suisse\/","og_site_name":"Chromassonic","article_modified_time":"2019-05-24T10:30:34+00:00","og_image":[{"width":2520,"height":684,"url":"https:\/\/chromassonic.com\/wp-content\/uploads\/2019\/04\/appareil_chromassonic_s\u00e9ance.jpg","type":"image\/jpeg"}],"twitter_card":"summary_large_image","schema":{"@context":"https:\/\/schema.org","@graph":[{"@type":"WebPage","@id":"https:\/\/chromassonic.com\/index.php\/valais-suisse\/","url":"https:\/\/chromassonic.com\/index.php\/valais-suisse\/","name":"Valais - Suisse (1920) - Chromassonic","isPartOf":{"@id":"https:\/\/chromassonic.com\/#website"},"datePublished":"2019-05-23T17:09:21+00:00","dateModified":"2019-05-24T10:30:34+00:00","breadcrumb":{"@id":"https:\/\/chromassonic.com\/index.php\/valais-suisse\/#breadcrumb"},"inLanguage":"fr-FR","potentialAction":[{"@type":"ReadAction","target":["https:\/\/chromassonic.com\/index.php\/valais-suisse\/"]}]},{"@type":"BreadcrumbList","@id":"https:\/\/chromassonic.com\/index.php\/valais-suisse\/#breadcrumb","itemListElement":[{"@type":"ListItem","position":1,"name":"Accueil","item":"https:\/\/chromassonic.com\/"},{"@type":"ListItem","position":2,"name":"Valais &#8211; Suisse (1920)"}]},{"@type":"WebSite","@id":"https:\/\/chromassonic.com\/#website","url":"https:\/\/chromassonic.com\/","name":"Chromassonic","description":"Syst\u00e8me brevet\u00e9 de chromoth\u00e9rapie","publisher":{"@id":"https:\/\/chromassonic.com\/#organization"},"potentialAction":[{"@type":"SearchAction","target":{"@type":"EntryPoint","urlTemplate":"https:\/\/chromassonic.com\/?s={search_term_string}"},"query-input":"required name=search_term_string"}],"inLanguage":"fr-FR"},{"@type":"Organization","@id":"https:\/\/chromassonic.com\/#organization","name":"Chromassonic","url":"https:\/\/chromassonic.com\/","logo":{"@type":"ImageObject","inLanguage":"fr-FR","@id":"https:\/\/chromassonic.com\/#\/schema\/logo\/image\/","url":"https:\/\/chromassonic.com\/wp-content\/uploads\/2019\/04\/Chromassonic-systeme-logo-1.png","contentUrl":"https:\/\/chromassonic.com\/wp-content\/uploads\/2019\/04\/Chromassonic-systeme-logo-1.png","width":1656,"height":327,"caption":"Chromassonic"},"image":{"@id":"https:\/\/chromassonic.com\/#\/schema\/logo\/image\/"}}]}},"_links":{"self":[{"href":"https:\/\/chromassonic.com\/index.php\/wp-json\/wp\/v2\/pages\/397"}],"collection":[{"href":"https:\/\/chromassonic.com\/index.php\/wp-json\/wp\/v2\/pages"}],"about":[{"href":"https:\/\/chromassonic.com\/index.php\/wp-json\/wp\/v2\/types\/page"}],"author":[{"embeddable":true,"href":"https:\/\/chromassonic.com\/index.php\/wp-json\/wp\/v2\/users\/2"}],"replies":[{"embeddable":true,"href":"https:\/\/chromassonic.com\/index.php\/wp-json\/wp\/v2\/comments?post=397"}],"version-history":[{"count":11,"href":"https:\/\/chromassonic.com\/index.php\/wp-json\/wp\/v2\/pages\/397\/revisions"}],"predecessor-version":[{"id":416,"href":"https:\/\/chromassonic.com\/index.php\/wp-json\/wp\/v2\/pages\/397\/revisions\/416"}],"wp:featuredmedia":[{"embeddable":true,"href":"https:\/\/chromassonic.com\/index.php\/wp-json\/wp\/v2\/media\/146"}],"wp:attachment":[{"href":"https:\/\/chromassonic.com\/index.php\/wp-json\/wp\/v2\/media?parent=397"}],"curies":[{"name":"wp","href":"https:\/\/api.w.org\/{rel}","templated":true}]}}