{"id":418,"date":"2019-07-05T23:16:14","date_gmt":"2019-07-05T23:16:14","guid":{"rendered":"https:\/\/chromassonic.com\/?page_id=418"},"modified":"2019-07-05T23:28:50","modified_gmt":"2019-07-05T23:28:50","slug":"meauzac","status":"publish","type":"page","link":"https:\/\/chromassonic.com\/index.php\/meauzac\/","title":{"rendered":"MEAUZAC (82290)"},"content":{"rendered":"\n<div class=\"wp-block-themeisle-blocks-advanced-columns has-1-columns has-desktop-equal-layout has-tablet-equal-layout has-mobile-equal-layout has-default-gap has-vertical-unset\" id=\"wp-block-themeisle-blocks-advanced-columns-fb704e31\" style=\"border-width:0px;border-style:solid;border-color:#000000;border-radius:0px;justify-content:unset\"><div class=\"wp-themeisle-block-overlay\" style=\"opacity:0.5;mix-blend-mode:normal\"><\/div><div class=\"innerblocks-wrap\">\n<div class=\"wp-block-themeisle-blocks-advanced-column\" id=\"wp-block-themeisle-blocks-advanced-column-94d18f31\" style=\"border-width:0px;border-style:solid;border-color:#000000;border-radius:0px\">\n<p><strong>Lilly &nbsp;LEFEBVRE<\/strong><\/p>\n\n\n\n<p>Chromoth\u00e9rapeute et infirmi\u00e8re dipl\u00f4m\u00e9e d\u2019\u00e9tat <\/p>\n\n\n\n<p>Tel\/ 0675418296<\/p>\n\n\n\n<p> Email : <a rel=\"noreferrer noopener\" style=\"font-weight: bold;\" href=\"mailto:chromassonic82@gmail.com\" target=\"_blank\">chromassonic82@gmail.com<\/a><\/p>\n\n\n\n<p><\/p>\n\n\n\n<p> 1411 Chemin de las graves<\/p>\n\n\n\n<p>82290 MEAUZAC<\/p>\n\n\n\n<div class=\"wp-block-button\"><a class=\"wp-block-button__link has-text-color has-background has-white-background-color\" href=\"https:\/\/www.google.com\/maps\/place\/1411+Chemin+de+las+Graves,+82290+Meauzac\/data=!4m2!3m1!1s0x12ac0aa644d0201d:0x28d34cf7573df3df?sa=X&amp;ved=2ahUKEwjH--Ds8p7jAhUa5uAKHedUBCIQ8gEwAHoECAoQAQ\" style=\"color:#222222\">Plan du centre<\/a><\/div>\n\n\n\n<hr class=\"wp-block-separator\"\/>\n\n\n\n<p>388 Avenue de toulouse<\/p>\n\n\n\n<p>31620 &nbsp;CEPET&nbsp; <\/p>\n\n\n\n<div class=\"wp-block-button\"><a class=\"wp-block-button__link has-text-color has-background has-white-background-color\" href=\"https:\/\/www.google.com\/maps\/place\/388+Avenue+de+Toulouse,+31790+Cepet\/data=!4m2!3m1!1s0x12aea7264c362909:0x8b17dead1f6eb550?sa=X&amp;ved=2ahUKEwjS2eag857jAhXAA2MBHbbmATIQ8gEwAHoECAoQAQ\" style=\"color:#222222\">Plan du centre<\/a><\/div>\n\n\n\n<figure class=\"wp-block-image\"><img decoding=\"async\" loading=\"lazy\" width=\"640\" height=\"480\" src=\"https:\/\/chromassonic.com\/wp-content\/uploads\/2019\/07\/image4.jpeg\" alt=\"\" class=\"wp-image-420\" srcset=\"https:\/\/chromassonic.com\/wp-content\/uploads\/2019\/07\/image4.jpeg 640w, https:\/\/chromassonic.com\/wp-content\/uploads\/2019\/07\/image4-300x225.jpeg 300w\" sizes=\"(max-width: 640px) 100vw, 640px\" \/><\/figure>\n\n\n\n<figure class=\"wp-block-image\"><img decoding=\"async\" loading=\"lazy\" width=\"640\" height=\"480\" src=\"https:\/\/chromassonic.com\/wp-content\/uploads\/2019\/07\/image1.jpeg\" alt=\"\" class=\"wp-image-419\" srcset=\"https:\/\/chromassonic.com\/wp-content\/uploads\/2019\/07\/image1.jpeg 640w, https:\/\/chromassonic.com\/wp-content\/uploads\/2019\/07\/image1-300x225.jpeg 300w\" sizes=\"(max-width: 640px) 100vw, 640px\" \/><\/figure>\n<\/div>\n<\/div><\/div>\n","protected":false},"excerpt":{"rendered":"","protected":false},"author":2,"featured_media":0,"parent":0,"menu_order":0,"comment_status":"closed","ping_status":"closed","template":"","meta":[],"yoast_head":"<!-- This site is optimized with the Yoast SEO plugin v21.8.1 - https:\/\/yoast.com\/wordpress\/plugins\/seo\/ -->\n<title>MEAUZAC (82290) - Chromassonic<\/title>\n<meta name=\"robots\" content=\"index, follow, max-snippet:-1, max-image-preview:large, max-video-preview:-1\" \/>\n<link rel=\"canonical\" href=\"https:\/\/chromassonic.com\/index.php\/meauzac\/\" \/>\n<meta property=\"og:locale\" content=\"fr_FR\" \/>\n<meta property=\"og:type\" content=\"article\" \/>\n<meta property=\"og:title\" content=\"MEAUZAC (82290) - Chromassonic\" \/>\n<meta property=\"og:url\" content=\"https:\/\/chromassonic.com\/index.php\/meauzac\/\" \/>\n<meta property=\"og:site_name\" content=\"Chromassonic\" \/>\n<meta property=\"article:modified_time\" content=\"2019-07-05T23:28:50+00:00\" \/>\n<meta property=\"og:image\" content=\"https:\/\/chromassonic.com\/wp-content\/uploads\/2019\/07\/image4.jpeg\" \/>\n<meta name=\"twitter:card\" content=\"summary_large_image\" \/>\n<script type=\"application\/ld+json\" class=\"yoast-schema-graph\">{\"@context\":\"https:\/\/schema.org\",\"@graph\":[{\"@type\":\"WebPage\",\"@id\":\"https:\/\/chromassonic.com\/index.php\/meauzac\/\",\"url\":\"https:\/\/chromassonic.com\/index.php\/meauzac\/\",\"name\":\"MEAUZAC (82290) - Chromassonic\",\"isPartOf\":{\"@id\":\"https:\/\/chromassonic.com\/#website\"},\"datePublished\":\"2019-07-05T23:16:14+00:00\",\"dateModified\":\"2019-07-05T23:28:50+00:00\",\"breadcrumb\":{\"@id\":\"https:\/\/chromassonic.com\/index.php\/meauzac\/#breadcrumb\"},\"inLanguage\":\"fr-FR\",\"potentialAction\":[{\"@type\":\"ReadAction\",\"target\":[\"https:\/\/chromassonic.com\/index.php\/meauzac\/\"]}]},{\"@type\":\"BreadcrumbList\",\"@id\":\"https:\/\/chromassonic.com\/index.php\/meauzac\/#breadcrumb\",\"itemListElement\":[{\"@type\":\"ListItem\",\"position\":1,\"name\":\"Accueil\",\"item\":\"https:\/\/chromassonic.com\/\"},{\"@type\":\"ListItem\",\"position\":2,\"name\":\"MEAUZAC (82290)\"}]},{\"@type\":\"WebSite\",\"@id\":\"https:\/\/chromassonic.com\/#website\",\"url\":\"https:\/\/chromassonic.com\/\",\"name\":\"Chromassonic\",\"description\":\"Syst\u00e8me brevet\u00e9 de chromoth\u00e9rapie\",\"publisher\":{\"@id\":\"https:\/\/chromassonic.com\/#organization\"},\"potentialAction\":[{\"@type\":\"SearchAction\",\"target\":{\"@type\":\"EntryPoint\",\"urlTemplate\":\"https:\/\/chromassonic.com\/?s={search_term_string}\"},\"query-input\":\"required name=search_term_string\"}],\"inLanguage\":\"fr-FR\"},{\"@type\":\"Organization\",\"@id\":\"https:\/\/chromassonic.com\/#organization\",\"name\":\"Chromassonic\",\"url\":\"https:\/\/chromassonic.com\/\",\"logo\":{\"@type\":\"ImageObject\",\"inLanguage\":\"fr-FR\",\"@id\":\"https:\/\/chromassonic.com\/#\/schema\/logo\/image\/\",\"url\":\"https:\/\/chromassonic.com\/wp-content\/uploads\/2019\/04\/Chromassonic-systeme-logo-1.png\",\"contentUrl\":\"https:\/\/chromassonic.com\/wp-content\/uploads\/2019\/04\/Chromassonic-systeme-logo-1.png\",\"width\":1656,\"height\":327,\"caption\":\"Chromassonic\"},\"image\":{\"@id\":\"https:\/\/chromassonic.com\/#\/schema\/logo\/image\/\"}}]}<\/script>\n<!-- \/ Yoast SEO plugin. -->","yoast_head_json":{"title":"MEAUZAC (82290) - Chromassonic","robots":{"index":"index","follow":"follow","max-snippet":"max-snippet:-1","max-image-preview":"max-image-preview:large","max-video-preview":"max-video-preview:-1"},"canonical":"https:\/\/chromassonic.com\/index.php\/meauzac\/","og_locale":"fr_FR","og_type":"article","og_title":"MEAUZAC (82290) - Chromassonic","og_url":"https:\/\/chromassonic.com\/index.php\/meauzac\/","og_site_name":"Chromassonic","article_modified_time":"2019-07-05T23:28:50+00:00","og_image":[{"url":"https:\/\/chromassonic.com\/wp-content\/uploads\/2019\/07\/image4.jpeg"}],"twitter_card":"summary_large_image","schema":{"@context":"https:\/\/schema.org","@graph":[{"@type":"WebPage","@id":"https:\/\/chromassonic.com\/index.php\/meauzac\/","url":"https:\/\/chromassonic.com\/index.php\/meauzac\/","name":"MEAUZAC (82290) - Chromassonic","isPartOf":{"@id":"https:\/\/chromassonic.com\/#website"},"datePublished":"2019-07-05T23:16:14+00:00","dateModified":"2019-07-05T23:28:50+00:00","breadcrumb":{"@id":"https:\/\/chromassonic.com\/index.php\/meauzac\/#breadcrumb"},"inLanguage":"fr-FR","potentialAction":[{"@type":"ReadAction","target":["https:\/\/chromassonic.com\/index.php\/meauzac\/"]}]},{"@type":"BreadcrumbList","@id":"https:\/\/chromassonic.com\/index.php\/meauzac\/#breadcrumb","itemListElement":[{"@type":"ListItem","position":1,"name":"Accueil","item":"https:\/\/chromassonic.com\/"},{"@type":"ListItem","position":2,"name":"MEAUZAC (82290)"}]},{"@type":"WebSite","@id":"https:\/\/chromassonic.com\/#website","url":"https:\/\/chromassonic.com\/","name":"Chromassonic","description":"Syst\u00e8me brevet\u00e9 de chromoth\u00e9rapie","publisher":{"@id":"https:\/\/chromassonic.com\/#organization"},"potentialAction":[{"@type":"SearchAction","target":{"@type":"EntryPoint","urlTemplate":"https:\/\/chromassonic.com\/?s={search_term_string}"},"query-input":"required name=search_term_string"}],"inLanguage":"fr-FR"},{"@type":"Organization","@id":"https:\/\/chromassonic.com\/#organization","name":"Chromassonic","url":"https:\/\/chromassonic.com\/","logo":{"@type":"ImageObject","inLanguage":"fr-FR","@id":"https:\/\/chromassonic.com\/#\/schema\/logo\/image\/","url":"https:\/\/chromassonic.com\/wp-content\/uploads\/2019\/04\/Chromassonic-systeme-logo-1.png","contentUrl":"https:\/\/chromassonic.com\/wp-content\/uploads\/2019\/04\/Chromassonic-systeme-logo-1.png","width":1656,"height":327,"caption":"Chromassonic"},"image":{"@id":"https:\/\/chromassonic.com\/#\/schema\/logo\/image\/"}}]}},"_links":{"self":[{"href":"https:\/\/chromassonic.com\/index.php\/wp-json\/wp\/v2\/pages\/418"}],"collection":[{"href":"https:\/\/chromassonic.com\/index.php\/wp-json\/wp\/v2\/pages"}],"about":[{"href":"https:\/\/chromassonic.com\/index.php\/wp-json\/wp\/v2\/types\/page"}],"author":[{"embeddable":true,"href":"https:\/\/chromassonic.com\/index.php\/wp-json\/wp\/v2\/users\/2"}],"replies":[{"embeddable":true,"href":"https:\/\/chromassonic.com\/index.php\/wp-json\/wp\/v2\/comments?post=418"}],"version-history":[{"count":9,"href":"https:\/\/chromassonic.com\/index.php\/wp-json\/wp\/v2\/pages\/418\/revisions"}],"predecessor-version":[{"id":432,"href":"https:\/\/chromassonic.com\/index.php\/wp-json\/wp\/v2\/pages\/418\/revisions\/432"}],"wp:attachment":[{"href":"https:\/\/chromassonic.com\/index.php\/wp-json\/wp\/v2\/media?parent=418"}],"curies":[{"name":"wp","href":"https:\/\/api.w.org\/{rel}","templated":true}]}}