{"id":55,"date":"2019-04-06T17:35:07","date_gmt":"2019-04-06T17:35:07","guid":{"rendered":"https:\/\/chromassonic.com\/?page_id=55"},"modified":"2021-06-26T21:10:19","modified_gmt":"2021-06-26T21:10:19","slug":"la-societe-tham-sco","status":"publish","type":"page","link":"https:\/\/chromassonic.com\/index.php\/la-societe-tham-sco\/","title":{"rendered":"Soci\u00e9t\u00e9 Tham Sco"},"content":{"rendered":"\n<h2 class=\"wp-block-heading\"><strong>Nous apportons des solutions naturelles et des soins\n\u00e9nerg\u00e9tiques pour le corps et l&rsquo;esprit.<\/strong><\/h2>\n\n\n\n<div class=\"wp-block-image\"><figure class=\"aligncenter\"><img decoding=\"async\" loading=\"lazy\" width=\"300\" height=\"154\" src=\"https:\/\/chromassonic.com\/wp-content\/uploads\/2019\/04\/logo-thamsco-300x154.jpg\" alt=\"\" class=\"wp-image-59\"\/><\/figure><\/div>\n\n\n\n<p>La soci\u00e9t\u00e9<strong> THAM.SCO<\/strong>&nbsp;a vu le jour \u00e0 PERPIGNAN en 1998, et fabrique depuis sa cr\u00e9ation des appareils et des produits pour la sant\u00e9 et le bien-\u00eatre de l\u2019\u00eatre humain. La soci\u00e9t\u00e9 <strong>THAM.SCO<\/strong> \u0153uvre \u00e0 la recherche des applications naturelles pour <a href=\"https:\/\/www.consoglobe.com\/therapie-holistique-cg\"><strong>la th\u00e9rapie \u00e9nerg\u00e9tique et holistique<\/strong><\/a>.<br> Pour cela, nous invitons les praticiens compatibles avec nos objectifs et notre philosophie \u00e0 nous rejoindre, dans l\u2019optique d\u2019am\u00e9liorer le corps&nbsp; humain par des soins naturels.<\/p>\n\n\n\n<hr class=\"wp-block-separator\"\/>\n\n\n\n<p><strong>Les r\u00e9sultats apr\u00e8s 20 ans de\nrecherches et de passion en th\u00e9rapie \u00e9nerg\u00e9tique :<\/strong><\/p>\n\n\n\n<p>Avec\nla&nbsp;<strong>CHROMASSONIC,<\/strong>&nbsp; le son et la couleur \u00e9mettent une vibration\nparticuli\u00e8re. Les fr\u00e9quences engendr\u00e9es s&rsquo;adaptent \u00e0 celles du corps humain,\nqu&rsquo;il soit en bonne sant\u00e9 ou malade. Durant une s\u00e9ance, les sons et les\ncouleurs se m\u00ealent et permettent \u00e0 votre \u00e9tat de r\u00e9agir d&rsquo;une fa\u00e7on positive,\ndans un moment de bien-\u00eatre, de relaxation et de revitalisation.<\/p>\n\n\n\n<div class=\"wp-block-image\"><figure class=\"aligncenter\"><img decoding=\"async\" loading=\"lazy\" width=\"1024\" height=\"256\" src=\"https:\/\/chromassonic.com\/wp-content\/uploads\/2019\/04\/Banni\u00e8re-Tham-Sco-1-1024x256.jpg\" alt=\"\" class=\"wp-image-64\" srcset=\"https:\/\/chromassonic.com\/wp-content\/uploads\/2019\/04\/Banni\u00e8re-Tham-Sco-1-1024x256.jpg 1024w, https:\/\/chromassonic.com\/wp-content\/uploads\/2019\/04\/Banni\u00e8re-Tham-Sco-1-300x75.jpg 300w, https:\/\/chromassonic.com\/wp-content\/uploads\/2019\/04\/Banni\u00e8re-Tham-Sco-1-768x192.jpg 768w, https:\/\/chromassonic.com\/wp-content\/uploads\/2019\/04\/Banni\u00e8re-Tham-Sco-1.jpg 1340w\" sizes=\"(max-width: 1024px) 100vw, 1024px\" \/><\/figure><\/div>\n\n\n\n<p>Nous avons\nr\u00e9alis\u00e9 aussi des compl\u00e9ments alimentaires, en apportant notre savoir-faire et\nnotre connaissance&nbsp;<strong>des <a href=\"http:\/\/www.univ-angers.fr\/_wrapped-content\/semaine-thematique--la-memoire-organique--actualite.html\" target=\"_blank\" rel=\"noreferrer noopener\">m\u00e9moires des plantes<\/a>.\n<\/strong>Nous continuons de fabriquer des produits de tr\u00e8s haute qualit\u00e9 sur<strong> un\nplan vibratoire \u00e9nerg\u00e9tique<\/strong>,exempt de tous r\u00e9sidus chimiques\n(une pratique qui reste unique dans son proc\u00e9d\u00e9 et sa recherche).<\/p>\n\n\n\n<div class=\"wp-block-image\"><figure class=\"aligncenter\"><img decoding=\"async\" loading=\"lazy\" width=\"1000\" height=\"607\" src=\"https:\/\/chromassonic.com\/wp-content\/uploads\/2019\/04\/Tham-Sco-eau-de-chene.jpg\" alt=\"\" class=\"wp-image-66\" srcset=\"https:\/\/chromassonic.com\/wp-content\/uploads\/2019\/04\/Tham-Sco-eau-de-chene.jpg 1000w, https:\/\/chromassonic.com\/wp-content\/uploads\/2019\/04\/Tham-Sco-eau-de-chene-300x182.jpg 300w, https:\/\/chromassonic.com\/wp-content\/uploads\/2019\/04\/Tham-Sco-eau-de-chene-768x466.jpg 768w\" sizes=\"(max-width: 1000px) 100vw, 1000px\" \/><\/figure><\/div>\n\n\n\n<p>Nous\nproposons aussi <strong>l\u2019eau K\u2019IHOME<\/strong>,un v\u00e9ritable&nbsp;<strong>BOOSTER<\/strong>\n\u00e9nerg\u00e9tique. L&rsquo;eau de ch\u00eane vous permet de profiter de la puissance \u00e9nerg\u00e9tique\nde l\u2019arbre et d&rsquo;am\u00e9liorer votre potentiel physique. Pour les sportifs et tous\nceux qui ont besoin d&rsquo;une meilleure vitalit\u00e9 face au quotidien, l\u2019eau <strong>K\u2019IHOM\u00c9<\/strong>&nbsp;contribue\n\u00e0 la stimulation de vos ressources sans courir le risque du dopage.<\/p>\n\n\n\n<div class=\"wp-block-image\"><figure class=\"aligncenter\"><img decoding=\"async\" loading=\"lazy\" width=\"500\" height=\"376\" src=\"https:\/\/chromassonic.com\/wp-content\/uploads\/2019\/04\/soins-yeux.png\" alt=\"\" class=\"wp-image-58\" srcset=\"https:\/\/chromassonic.com\/wp-content\/uploads\/2019\/04\/soins-yeux.png 500w, https:\/\/chromassonic.com\/wp-content\/uploads\/2019\/04\/soins-yeux-300x226.png 300w\" sizes=\"(max-width: 500px) 100vw, 500px\" \/><\/figure><\/div>\n\n\n\n<p>Nous\nintervenons \u00e9galement sur les soins des yeux. Nous vous proposons un nouveau\nproc\u00e9d\u00e9 pour reposer et am\u00e9liorer votre vue. En deux s\u00e9ances seulement, la\ncouleur et le son aident \u00e0 diminuer la fatigue et favorisent la gu\u00e9rison de\ncertaines maladies et infections. Notre soin est aussi applicable pour les\nenfants, notamment pour rem\u00e9dier au parall\u00e9lisme, un ph\u00e9nom\u00e8ne favorisant les\nmaux de t\u00eate et la perte de concentration.<\/p>\n\n\n\n<p>Si vous\nlisez beaucoup et fa\u00eetes exercer trop fr\u00e9quemment vos yeux, cette gymnastique\ncolor\u00e9e et sonore vous apportera une relaxation et un r\u00e9tablissement de\nqualit\u00e9.<\/p>\n\n\n\n<figure class=\"wp-block-image\"><img decoding=\"async\" loading=\"lazy\" width=\"1000\" height=\"750\" src=\"https:\/\/chromassonic.com\/wp-content\/uploads\/2019\/04\/abeille-chromassonic-tham-sco.jpg\" alt=\"\" class=\"wp-image-67\" srcset=\"https:\/\/chromassonic.com\/wp-content\/uploads\/2019\/04\/abeille-chromassonic-tham-sco.jpg 1000w, https:\/\/chromassonic.com\/wp-content\/uploads\/2019\/04\/abeille-chromassonic-tham-sco-300x225.jpg 300w, https:\/\/chromassonic.com\/wp-content\/uploads\/2019\/04\/abeille-chromassonic-tham-sco-768x576.jpg 768w\" sizes=\"(max-width: 1000px) 100vw, 1000px\" \/><\/figure>\n\n\n\n<p>Enfin, nous\nagissons pour le soin des abeilles. Nous avons suivi avec beaucoup d&rsquo;attention\nl&rsquo;\u00e9tat des abeilles qui tombent malades, et meurent chaque journ\u00e9e. Il faut\nintervenir ! Les abeilles garantissent notre survie, et assurent l\u2019\u00e9quilibre de\nnotre \u00e9cosyst\u00e8me. Sans elles, il n&rsquo;y a pas d&rsquo;arbres, pas de fleurs, ni de\nfruits.<\/p>\n\n\n\n<p>Nous avons\nainsi fabriqu\u00e9 un produit qui assure une immunisation contre les virus et les\ndivers composants charg\u00e9s en pesticides : <strong>l&rsquo;eau de Ch\u00eane pour Abeilles<\/strong>.\nCette eau apporte de nombreux bienfaits : elle permet de baisser la mortalit\u00e9\nau sein des ruches, tout en fortifiant ces charmantes b\u00eates ce qui leur permet\nde produire plus de miel et de se reproduire davantage. L&rsquo;eau de Ch\u00eane est cent\npour cent naturelle, et peut \u00eatre consomm\u00e9e directement d&rsquo;une fa\u00e7on autonome.<\/p>\n","protected":false},"excerpt":{"rendered":"<p>Nous apportons des solutions naturelles et des soins \u00e9nerg\u00e9tiques pour le corps et l&rsquo;esprit. La soci\u00e9t\u00e9 THAM.SCO&nbsp;a vu le jour \u00e0 PERPIGNAN en 1998, et fabrique depuis sa cr\u00e9ation des appareils et des produits pour la sant\u00e9 et le bien-\u00eatre de l\u2019\u00eatre humain. La soci\u00e9t\u00e9 THAM.SCO \u0153uvre \u00e0 la recherche [&hellip;]<\/p>\n","protected":false},"author":2,"featured_media":91,"parent":0,"menu_order":0,"comment_status":"closed","ping_status":"closed","template":"","meta":[],"yoast_head":"<!-- This site is optimized with the Yoast SEO plugin v21.8.1 - https:\/\/yoast.com\/wordpress\/plugins\/seo\/ -->\n<title>Soci\u00e9t\u00e9 Tham Sco - Chromassonic<\/title>\n<meta name=\"robots\" content=\"index, follow, max-snippet:-1, max-image-preview:large, max-video-preview:-1\" \/>\n<link rel=\"canonical\" href=\"https:\/\/chromassonic.com\/index.php\/la-societe-tham-sco\/\" \/>\n<meta property=\"og:locale\" content=\"fr_FR\" \/>\n<meta property=\"og:type\" content=\"article\" \/>\n<meta property=\"og:title\" content=\"Soci\u00e9t\u00e9 Tham Sco - Chromassonic\" \/>\n<meta property=\"og:description\" content=\"Nous apportons des solutions naturelles et des soins \u00e9nerg\u00e9tiques pour le corps et l&rsquo;esprit. La soci\u00e9t\u00e9 THAM.SCO&nbsp;a vu le jour \u00e0 PERPIGNAN en 1998, et fabrique depuis sa cr\u00e9ation des appareils et des produits pour la sant\u00e9 et le bien-\u00eatre de l\u2019\u00eatre humain. La soci\u00e9t\u00e9 THAM.SCO \u0153uvre \u00e0 la recherche [&hellip;]\" \/>\n<meta property=\"og:url\" content=\"https:\/\/chromassonic.com\/index.php\/la-societe-tham-sco\/\" \/>\n<meta property=\"og:site_name\" content=\"Chromassonic\" \/>\n<meta property=\"article:modified_time\" content=\"2021-06-26T21:10:19+00:00\" \/>\n<meta property=\"og:image\" content=\"https:\/\/chromassonic.com\/wp-content\/uploads\/2019\/04\/chromassonic_lumi\u00e8re-e1555005664960.jpg\" \/>\n\t<meta property=\"og:image:width\" content=\"800\" \/>\n\t<meta property=\"og:image:height\" content=\"814\" \/>\n\t<meta property=\"og:image:type\" content=\"image\/jpeg\" \/>\n<meta name=\"twitter:card\" content=\"summary_large_image\" \/>\n<meta name=\"twitter:label1\" content=\"Dur\u00e9e de lecture estim\u00e9e\" \/>\n\t<meta name=\"twitter:data1\" content=\"4 minutes\" \/>\n<script type=\"application\/ld+json\" class=\"yoast-schema-graph\">{\"@context\":\"https:\/\/schema.org\",\"@graph\":[{\"@type\":\"WebPage\",\"@id\":\"https:\/\/chromassonic.com\/index.php\/la-societe-tham-sco\/\",\"url\":\"https:\/\/chromassonic.com\/index.php\/la-societe-tham-sco\/\",\"name\":\"Soci\u00e9t\u00e9 Tham Sco - Chromassonic\",\"isPartOf\":{\"@id\":\"https:\/\/chromassonic.com\/#website\"},\"datePublished\":\"2019-04-06T17:35:07+00:00\",\"dateModified\":\"2021-06-26T21:10:19+00:00\",\"breadcrumb\":{\"@id\":\"https:\/\/chromassonic.com\/index.php\/la-societe-tham-sco\/#breadcrumb\"},\"inLanguage\":\"fr-FR\",\"potentialAction\":[{\"@type\":\"ReadAction\",\"target\":[\"https:\/\/chromassonic.com\/index.php\/la-societe-tham-sco\/\"]}]},{\"@type\":\"BreadcrumbList\",\"@id\":\"https:\/\/chromassonic.com\/index.php\/la-societe-tham-sco\/#breadcrumb\",\"itemListElement\":[{\"@type\":\"ListItem\",\"position\":1,\"name\":\"Accueil\",\"item\":\"https:\/\/chromassonic.com\/\"},{\"@type\":\"ListItem\",\"position\":2,\"name\":\"Soci\u00e9t\u00e9 Tham Sco\"}]},{\"@type\":\"WebSite\",\"@id\":\"https:\/\/chromassonic.com\/#website\",\"url\":\"https:\/\/chromassonic.com\/\",\"name\":\"Chromassonic\",\"description\":\"Syst\u00e8me brevet\u00e9 de chromoth\u00e9rapie\",\"publisher\":{\"@id\":\"https:\/\/chromassonic.com\/#organization\"},\"potentialAction\":[{\"@type\":\"SearchAction\",\"target\":{\"@type\":\"EntryPoint\",\"urlTemplate\":\"https:\/\/chromassonic.com\/?s={search_term_string}\"},\"query-input\":\"required name=search_term_string\"}],\"inLanguage\":\"fr-FR\"},{\"@type\":\"Organization\",\"@id\":\"https:\/\/chromassonic.com\/#organization\",\"name\":\"Chromassonic\",\"url\":\"https:\/\/chromassonic.com\/\",\"logo\":{\"@type\":\"ImageObject\",\"inLanguage\":\"fr-FR\",\"@id\":\"https:\/\/chromassonic.com\/#\/schema\/logo\/image\/\",\"url\":\"https:\/\/chromassonic.com\/wp-content\/uploads\/2019\/04\/Chromassonic-systeme-logo-1.png\",\"contentUrl\":\"https:\/\/chromassonic.com\/wp-content\/uploads\/2019\/04\/Chromassonic-systeme-logo-1.png\",\"width\":1656,\"height\":327,\"caption\":\"Chromassonic\"},\"image\":{\"@id\":\"https:\/\/chromassonic.com\/#\/schema\/logo\/image\/\"}}]}<\/script>\n<!-- \/ Yoast SEO plugin. -->","yoast_head_json":{"title":"Soci\u00e9t\u00e9 Tham Sco - Chromassonic","robots":{"index":"index","follow":"follow","max-snippet":"max-snippet:-1","max-image-preview":"max-image-preview:large","max-video-preview":"max-video-preview:-1"},"canonical":"https:\/\/chromassonic.com\/index.php\/la-societe-tham-sco\/","og_locale":"fr_FR","og_type":"article","og_title":"Soci\u00e9t\u00e9 Tham Sco - Chromassonic","og_description":"Nous apportons des solutions naturelles et des soins \u00e9nerg\u00e9tiques pour le corps et l&rsquo;esprit. La soci\u00e9t\u00e9 THAM.SCO&nbsp;a vu le jour \u00e0 PERPIGNAN en 1998, et fabrique depuis sa cr\u00e9ation des appareils et des produits pour la sant\u00e9 et le bien-\u00eatre de l\u2019\u00eatre humain. La soci\u00e9t\u00e9 THAM.SCO \u0153uvre \u00e0 la recherche [&hellip;]","og_url":"https:\/\/chromassonic.com\/index.php\/la-societe-tham-sco\/","og_site_name":"Chromassonic","article_modified_time":"2021-06-26T21:10:19+00:00","og_image":[{"width":800,"height":814,"url":"https:\/\/chromassonic.com\/wp-content\/uploads\/2019\/04\/chromassonic_lumi\u00e8re-e1555005664960.jpg","type":"image\/jpeg"}],"twitter_card":"summary_large_image","twitter_misc":{"Dur\u00e9e de lecture estim\u00e9e":"4 minutes"},"schema":{"@context":"https:\/\/schema.org","@graph":[{"@type":"WebPage","@id":"https:\/\/chromassonic.com\/index.php\/la-societe-tham-sco\/","url":"https:\/\/chromassonic.com\/index.php\/la-societe-tham-sco\/","name":"Soci\u00e9t\u00e9 Tham Sco - Chromassonic","isPartOf":{"@id":"https:\/\/chromassonic.com\/#website"},"datePublished":"2019-04-06T17:35:07+00:00","dateModified":"2021-06-26T21:10:19+00:00","breadcrumb":{"@id":"https:\/\/chromassonic.com\/index.php\/la-societe-tham-sco\/#breadcrumb"},"inLanguage":"fr-FR","potentialAction":[{"@type":"ReadAction","target":["https:\/\/chromassonic.com\/index.php\/la-societe-tham-sco\/"]}]},{"@type":"BreadcrumbList","@id":"https:\/\/chromassonic.com\/index.php\/la-societe-tham-sco\/#breadcrumb","itemListElement":[{"@type":"ListItem","position":1,"name":"Accueil","item":"https:\/\/chromassonic.com\/"},{"@type":"ListItem","position":2,"name":"Soci\u00e9t\u00e9 Tham Sco"}]},{"@type":"WebSite","@id":"https:\/\/chromassonic.com\/#website","url":"https:\/\/chromassonic.com\/","name":"Chromassonic","description":"Syst\u00e8me brevet\u00e9 de chromoth\u00e9rapie","publisher":{"@id":"https:\/\/chromassonic.com\/#organization"},"potentialAction":[{"@type":"SearchAction","target":{"@type":"EntryPoint","urlTemplate":"https:\/\/chromassonic.com\/?s={search_term_string}"},"query-input":"required name=search_term_string"}],"inLanguage":"fr-FR"},{"@type":"Organization","@id":"https:\/\/chromassonic.com\/#organization","name":"Chromassonic","url":"https:\/\/chromassonic.com\/","logo":{"@type":"ImageObject","inLanguage":"fr-FR","@id":"https:\/\/chromassonic.com\/#\/schema\/logo\/image\/","url":"https:\/\/chromassonic.com\/wp-content\/uploads\/2019\/04\/Chromassonic-systeme-logo-1.png","contentUrl":"https:\/\/chromassonic.com\/wp-content\/uploads\/2019\/04\/Chromassonic-systeme-logo-1.png","width":1656,"height":327,"caption":"Chromassonic"},"image":{"@id":"https:\/\/chromassonic.com\/#\/schema\/logo\/image\/"}}]}},"_links":{"self":[{"href":"https:\/\/chromassonic.com\/index.php\/wp-json\/wp\/v2\/pages\/55"}],"collection":[{"href":"https:\/\/chromassonic.com\/index.php\/wp-json\/wp\/v2\/pages"}],"about":[{"href":"https:\/\/chromassonic.com\/index.php\/wp-json\/wp\/v2\/types\/page"}],"author":[{"embeddable":true,"href":"https:\/\/chromassonic.com\/index.php\/wp-json\/wp\/v2\/users\/2"}],"replies":[{"embeddable":true,"href":"https:\/\/chromassonic.com\/index.php\/wp-json\/wp\/v2\/comments?post=55"}],"version-history":[{"count":5,"href":"https:\/\/chromassonic.com\/index.php\/wp-json\/wp\/v2\/pages\/55\/revisions"}],"predecessor-version":[{"id":465,"href":"https:\/\/chromassonic.com\/index.php\/wp-json\/wp\/v2\/pages\/55\/revisions\/465"}],"wp:featuredmedia":[{"embeddable":true,"href":"https:\/\/chromassonic.com\/index.php\/wp-json\/wp\/v2\/media\/91"}],"wp:attachment":[{"href":"https:\/\/chromassonic.com\/index.php\/wp-json\/wp\/v2\/media?parent=55"}],"curies":[{"name":"wp","href":"https:\/\/api.w.org\/{rel}","templated":true}]}}