{"id":6,"date":"2019-03-18T14:53:18","date_gmt":"2019-03-18T14:53:18","guid":{"rendered":"https:\/\/chromassonic.com\/?page_id=6"},"modified":"2025-09-15T09:37:33","modified_gmt":"2025-09-15T09:37:33","slug":"accueil","status":"publish","type":"page","link":"https:\/\/chromassonic.com\/","title":{"rendered":"Chromassonic de THAM SCO : 20 ans d&rsquo;expertise dans le soin \u00e9nerg\u00e9tique"},"content":{"rendered":"\r\n<div class=\"wp-block-button aligncenter\"><a class=\"wp-block-button__link has-white-color has-accent-background-color has-text-color has-background\" href=\"https:\/\/produits-naturels-kihome.com\/\" target=\"_blank\" rel=\"noreferrer noopener\">VOS PRODUITS NATURELS KIHOME SONT SUR PRODUITS-NATURELS-KIHOME.COM !<\/a><\/div>\r\n\r\n\r\n\r\n<div class=\"wp-block-buttons is-layout-flex\"><\/div>\r\n\r\n\r\n\r\n<p>Je m&rsquo;appelle Jean-marc Mercy. Si vous \u00eates arriv\u00e9(e) sur cette page, alors permettez-moi de vous souhaitez la bienvenue !<\/p>\r\n\r\n\r\n\r\n<p>Nous apportons des\u00a0<strong>solutions naturelles<\/strong>\u00a0et des\u00a0<strong>soins \u00e9nerg\u00e9tiques<\/strong>\u00a0pour les particuliers et les entreprises.<\/p>\r\n\r\n\r\n\r\n<p>Nous sommes sp\u00e9cialis\u00e9s dans le soin \u00e9nerg\u00e9tique et diffusons depuis 1998 les\u00a0<strong>compl\u00e9ments alimentaires\u00a0<\/strong>et<strong>\u00a0les soins du visage K&rsquo;IHOME<\/strong>, ainsi que la fabrication de l&rsquo;appareil CHOMASSONIC, un syst\u00e8me brevet\u00e9 con\u00e7u pour<strong>\u00a0<\/strong>combattre le stress\u00a0et les d\u00e9s\u00e9quilibres nerveux caus\u00e9s par la pollution, les maladies, la perte d\u2019\u00e9nergie, les exc\u00e8s et les drogues palliatives.<\/p>\r\n\r\n\r\n\r\n<p>Cr\u00e9\u00e9e par feu <strong>Alexandre Hom\u00e9 <\/strong>et d\u00e9velopp\u00e9 par notre soci\u00e9t\u00e9, l&rsquo;appareil <em>CHROMASSONIC\u00a0<\/em> ouvre de nouvelles voies pour la sant\u00e9 en alliant le son et la couleur.<\/p>\r\n\r\n\r\n<hr class=\"wp-block-separator\" \/>\r\n\r\n\r\n<h3 class=\"wp-block-heading\"><strong>D\u00e9couvrez le soin \u00e9nerg\u00e9tique avec la <em>CHROMASSONIC<\/em><\/strong><\/h3>\r\n\r\n\r\n\r\n<p>Apr\u00e8s plusieurs ann\u00e9es d\u2019efforts, nous sommes fiers de vous pr\u00e9senter la chromoth\u00e9rapie <em>CHROMASSONIC<\/em>, un syst\u00e8me de soin \u00e9nerg\u00e9tique brevet\u00e9 et con\u00e7u pour combattre le stress et les d\u00e9s\u00e9quilibres nerveux.<\/p>\r\n\r\n\r\n\r\n<p>Cet appareil a \u00e9t\u00e9 invent\u00e9 par Alexandre Hom\u00e9\u00a0\u00e0 Perpignan. Dans la lign\u00e9e de <a rel=\"noreferrer noopener\" href=\"http:\/\/www.sciencepresse.qc.ca\/blogue\/2012\/01\/05\/mesmer-magnetisme-animal\" target=\"_blank\"><strong>Mesmer, m\u00e9decin allemand<\/strong><\/a> du XVIII\u00e8me si\u00e8cle, l\u2019appareil <em>CHROMASSONIC<\/em> vous accompagne dans votre r\u00e9tablissement et votre sant\u00e9, gr\u00e2ce \u00e0 un syst\u00e8me associant les lumi\u00e8res et les vibrations sonores.<\/p>\r\n\r\n\r\n<hr class=\"wp-block-separator\" \/>\r\n\r\n\r\n<div class=\"wp-block-media-text alignwide is-stacked-on-mobile\">\r\n<figure class=\"wp-block-media-text__media\"><img decoding=\"async\" loading=\"lazy\" width=\"1024\" height=\"310\" src=\"https:\/\/chromassonic.com\/wp-content\/uploads\/2019\/04\/chromassonic_relaxation-1024x310.jpg\" alt=\"\" class=\"wp-image-114 size-full\" srcset=\"https:\/\/chromassonic.com\/wp-content\/uploads\/2019\/04\/chromassonic_relaxation-1024x310.jpg 1024w, https:\/\/chromassonic.com\/wp-content\/uploads\/2019\/04\/chromassonic_relaxation-300x91.jpg 300w, https:\/\/chromassonic.com\/wp-content\/uploads\/2019\/04\/chromassonic_relaxation-768x233.jpg 768w, https:\/\/chromassonic.com\/wp-content\/uploads\/2019\/04\/chromassonic_relaxation.jpg 1600w\" sizes=\"(max-width: 1024px) 100vw, 1024px\" \/><\/figure>\r\n<div class=\"wp-block-media-text__content\">\r\n<h4 class=\"wp-block-heading\">Ma\u00eetriser le stress<\/h4>\r\n<\/div>\r\n<\/div>\r\n\r\n\r\n\r\n<div class=\"wp-block-media-text alignwide has-media-on-the-right is-stacked-on-mobile\">\r\n<figure class=\"wp-block-media-text__media\"><img decoding=\"async\" loading=\"lazy\" width=\"1024\" height=\"377\" src=\"https:\/\/chromassonic.com\/wp-content\/uploads\/2019\/04\/chromassonic_s\u00e9ance-1024x377.jpg\" alt=\"\" class=\"wp-image-85 size-full\" srcset=\"https:\/\/chromassonic.com\/wp-content\/uploads\/2019\/04\/chromassonic_s\u00e9ance-1024x377.jpg 1024w, https:\/\/chromassonic.com\/wp-content\/uploads\/2019\/04\/chromassonic_s\u00e9ance-300x110.jpg 300w, https:\/\/chromassonic.com\/wp-content\/uploads\/2019\/04\/chromassonic_s\u00e9ance-768x283.jpg 768w\" sizes=\"(max-width: 1024px) 100vw, 1024px\" \/><\/figure>\r\n<div class=\"wp-block-media-text__content\">\r\n<h4 class=\"wp-block-heading\">Mieux dormir<\/h4>\r\n<\/div>\r\n<\/div>\r\n\r\n\r\n\r\n<div class=\"wp-block-media-text alignwide is-stacked-on-mobile\">\r\n<figure class=\"wp-block-media-text__media\"><img decoding=\"async\" loading=\"lazy\" width=\"1000\" height=\"700\" src=\"https:\/\/chromassonic.com\/wp-content\/uploads\/2019\/04\/chromassonic_garder_la_forme.jpg\" alt=\"\" class=\"wp-image-137 size-full\" srcset=\"https:\/\/chromassonic.com\/wp-content\/uploads\/2019\/04\/chromassonic_garder_la_forme.jpg 1000w, https:\/\/chromassonic.com\/wp-content\/uploads\/2019\/04\/chromassonic_garder_la_forme-300x210.jpg 300w, https:\/\/chromassonic.com\/wp-content\/uploads\/2019\/04\/chromassonic_garder_la_forme-768x538.jpg 768w\" sizes=\"(max-width: 1000px) 100vw, 1000px\" \/><\/figure>\r\n<div class=\"wp-block-media-text__content\">\r\n<h4 class=\"wp-block-heading\">&#8230;et garder la forme !<\/h4>\r\n<\/div>\r\n<\/div>\r\n\r\n\r\n<hr class=\"wp-block-separator\" \/>\r\n\r\n\r\n<p><strong>Comment \u00e7a marche\u00a0?<\/strong><\/p>\r\n\r\n\r\n\r\n<p><em>CHROMASSONIC<\/em> aide \u00e0 relaxer et \u00e0 r\u00e9parer le corps gr\u00e2ce \u00e0 l\u2019association du son et des lumi\u00e8res. Par l\u2019harmonisation et le r\u00e9\u00e9quilibrage \u00e9nerg\u00e9tique du corps, il est possible de diminuer votre fatigue et de mieux r\u00e9guler votre sommeil. Ce sont les bienfaits les plus r\u00e9currents de la chromoth\u00e9rapie, et il y en a bien d&rsquo;autres !<\/p>\r\n\r\n\r\n\r\n<p>La <em>CHROMASSONIC<\/em> est un appareil qui intervient sur le syst\u00e8me nerveux. La vibration des sons avec les couleurs vous apporte un soin \u00e9nerg\u00e9tique et une relaxation sup\u00e9rieure \u00e0 celle de la sieste.<\/p>\r\n\r\n\r\n\r\n<p>Utiliser la<em> CHROMASSONIC<\/em> permet un rel\u00e2chement g\u00e9n\u00e9ral des tensions, une remise en forme ainsi qu\u2019un renforcement du syst\u00e8me immunitaire.<\/p>\r\n\r\n\r\n<hr class=\"wp-block-separator\" \/>\r\n\r\n\r\n<iframe loading=\"lazy\" width=\"560\" height=\"315\" src=\"https:\/\/www.youtube.com\/embed\/wDYn4ZDA25w?si=b1C3FZQoMZIFL91t\" title=\"YouTube video player\" frameborder=\"0\" allow=\"accelerometer; autoplay; clipboard-write; encrypted-media; gyroscope; picture-in-picture; web-share\" referrerpolicy=\"strict-origin-when-cross-origin\" allowfullscreen><\/iframe>\r\n\r\n<hr class=\"wp-block-separator\" \/>\r\n\r\n\r\n<h2 class=\"wp-block-heading\"><strong>Le soin \u00e9nerg\u00e9tique : une pratique ancestrale<\/strong><\/h2>\r\n\r\n\r\n\r\n<p><strong>Le soin \u00e9nerg\u00e9tique dans la Mythologie Grecque<\/strong><\/p>\r\n\r\n\r\n\r\n<ul>\r\n<li>Selon PYTHAGORE, chaque son \u00e9met une mosa\u00efque de couleurs d\u2019o\u00f9 \u00e9merge une couleur dominante.<\/li>\r\n<\/ul>\r\n\r\n\r\n\r\n<p><strong>Le soin \u00e9nerg\u00e9tique dans l&rsquo;Egypte Ancienne<\/strong><\/p>\r\n\r\n\r\n\r\n<ul>\r\n<li>On soignait avec des instruments particuliers, avec une sonorit\u00e9 (ou une fr\u00e9quence) diff\u00e9rente en fonction du type de maladie \u00e0 traiter.<\/li>\r\n<\/ul>\r\n\r\n\r\n\r\n<p><strong>Le soin \u00e9nerg\u00e9tique en Asie<\/strong><\/p>\r\n\r\n\r\n\r\n<ul>\r\n<li>Il existe des centres \u00e9nerg\u00e9tiques align\u00e9s le long du corps, reli\u00e9s par ce que les Chinois appellent <a rel=\"noreferrer noopener\" href=\"https:\/\/www.sain-et-naturel.com\/science-prouve-meridiens-existent.html\" target=\"_blank\"><strong>les m\u00e9ridiens<\/strong><\/a>. Chacun d\u2019eux \u00e9met une r\u00e9sonance \u00e0 couleur dominante, comme celles d\u2019un arc-en-ciel. Quand il y a un d\u00e9s\u00e9quilibre, il se produit une modification significative de la couleur du centre concern\u00e9.<\/li>\r\n<\/ul>\r\n\r\n\r\n\r\n<p><strong>Et le soin \u00e9nerg\u00e9tique aujourd&rsquo;hui ?<\/strong><\/p>\r\n\r\n\r\n\r\n<ul>\r\n<li>Gr\u00e2ce \u00e0 la musique, nous sommes particuli\u00e8rement conscients de l\u2019impact des sons sur le corps. Un grand T\u00e9nor ou une Diva peuvent vous amener \u00e0 ressentir des picotements, non seulement par le simple plaisir de l\u2019oreille, mais aussi parce que le corps \u00ab entend \u00bb et est entr\u00e9 en r\u00e9sonance avec cette voix.<\/li>\r\n<\/ul>\r\n\r\n\r\n<hr class=\"wp-block-separator\" \/>\r\n\r\n\r\n<h2 class=\"wp-block-heading\"><strong>Nos promesses<\/strong><\/h2>\r\n\r\n\r\n\r\n<div class=\"wp-block-media-text alignwide is-stacked-on-mobile\">\r\n<figure class=\"wp-block-media-text__media\"><img decoding=\"async\" loading=\"lazy\" width=\"900\" height=\"303\" src=\"https:\/\/chromassonic.com\/wp-content\/uploads\/2019\/04\/chromassonic_mat\u00e9riel.jpg\" alt=\"\" class=\"wp-image-83 size-full\" srcset=\"https:\/\/chromassonic.com\/wp-content\/uploads\/2019\/04\/chromassonic_mat\u00e9riel.jpg 900w, https:\/\/chromassonic.com\/wp-content\/uploads\/2019\/04\/chromassonic_mat\u00e9riel-300x101.jpg 300w, https:\/\/chromassonic.com\/wp-content\/uploads\/2019\/04\/chromassonic_mat\u00e9riel-768x259.jpg 768w\" sizes=\"(max-width: 900px) 100vw, 900px\" \/><\/figure>\r\n<div class=\"wp-block-media-text__content\">\r\n<h4 class=\"wp-block-heading\">UN APPAREIL FACILE A UTILISER<\/h4>\r\n<\/div>\r\n<\/div>\r\n\r\n\r\n\r\n<div class=\"wp-block-media-text alignwide has-media-on-the-right is-stacked-on-mobile\">\r\n<figure class=\"wp-block-media-text__media\"><img decoding=\"async\" loading=\"lazy\" width=\"791\" height=\"1024\" src=\"https:\/\/chromassonic.com\/wp-content\/uploads\/2019\/04\/chromassonic_heureux-791x1024.jpg\" alt=\"\" class=\"wp-image-168 size-full\" srcset=\"https:\/\/chromassonic.com\/wp-content\/uploads\/2019\/04\/chromassonic_heureux-791x1024.jpg 791w, https:\/\/chromassonic.com\/wp-content\/uploads\/2019\/04\/chromassonic_heureux-232x300.jpg 232w, https:\/\/chromassonic.com\/wp-content\/uploads\/2019\/04\/chromassonic_heureux-768x995.jpg 768w, https:\/\/chromassonic.com\/wp-content\/uploads\/2019\/04\/chromassonic_heureux.jpg 800w\" sizes=\"(max-width: 791px) 100vw, 791px\" \/><\/figure>\r\n<div class=\"wp-block-media-text__content\">\r\n<h4 class=\"wp-block-heading\">DES RESULTATS DES LA PREMIERE SEANCE<\/h4>\r\n<\/div>\r\n<\/div>\r\n\r\n\r\n\r\n<div class=\"wp-block-media-text alignwide is-stacked-on-mobile\">\r\n<figure class=\"wp-block-media-text__media\"><img decoding=\"async\" loading=\"lazy\" width=\"800\" height=\"533\" src=\"https:\/\/chromassonic.com\/wp-content\/uploads\/2019\/04\/chromassonic_femme_enceinte.jpg\" alt=\"\" class=\"wp-image-98 size-full\" srcset=\"https:\/\/chromassonic.com\/wp-content\/uploads\/2019\/04\/chromassonic_femme_enceinte.jpg 800w, https:\/\/chromassonic.com\/wp-content\/uploads\/2019\/04\/chromassonic_femme_enceinte-300x200.jpg 300w, https:\/\/chromassonic.com\/wp-content\/uploads\/2019\/04\/chromassonic_femme_enceinte-768x512.jpg 768w, https:\/\/chromassonic.com\/wp-content\/uploads\/2019\/04\/chromassonic_femme_enceinte-360x240.jpg 360w\" sizes=\"(max-width: 800px) 100vw, 800px\" \/><\/figure>\r\n<div class=\"wp-block-media-text__content\">\r\n<h4 class=\"wp-block-heading\"><strong>DES BIENFAITS QUI PERDURENT<\/strong><\/h4>\r\n<\/div>\r\n<\/div>\r\n\r\n\r\n\r\n<div class=\"wp-block-media-text has-media-on-the-right is-stacked-on-mobile\">\r\n<figure class=\"wp-block-media-text__media\"><img decoding=\"async\" loading=\"lazy\" width=\"800\" height=\"826\" src=\"https:\/\/chromassonic.com\/wp-content\/uploads\/2019\/04\/chromassonic_cure_de_jouvence.jpg\" alt=\"\" class=\"wp-image-169 size-full\" srcset=\"https:\/\/chromassonic.com\/wp-content\/uploads\/2019\/04\/chromassonic_cure_de_jouvence.jpg 800w, https:\/\/chromassonic.com\/wp-content\/uploads\/2019\/04\/chromassonic_cure_de_jouvence-291x300.jpg 291w, https:\/\/chromassonic.com\/wp-content\/uploads\/2019\/04\/chromassonic_cure_de_jouvence-768x793.jpg 768w\" sizes=\"(max-width: 800px) 100vw, 800px\" \/><\/figure>\r\n<div class=\"wp-block-media-text__content\">\r\n<h4 class=\"wp-block-heading\">UNE VRAI CURE DE JOUVENCE !<\/h4>\r\n<\/div>\r\n<\/div>\r\n\r\n\r\n\r\n<div class=\"wp-block-buttons is-layout-flex\"><\/div>\r\n\r\n<p>&nbsp;<\/p>","protected":false},"excerpt":{"rendered":"<p>Je m&rsquo;appelle Jean-marc Mercy. Si vous \u00eates arriv\u00e9(e) sur cette page, alors permettez-moi de vous souhaitez la bienvenue ! Nous apportons des\u00a0solutions naturelles\u00a0et des\u00a0soins \u00e9nerg\u00e9tiques\u00a0pour les particuliers et les entreprises. Nous sommes sp\u00e9cialis\u00e9s dans le soin \u00e9nerg\u00e9tique et diffusons depuis 1998 les\u00a0compl\u00e9ments alimentaires\u00a0et\u00a0les soins du visage K&rsquo;IHOME, ainsi que la [&hellip;]<\/p>\n","protected":false},"author":2,"featured_media":0,"parent":0,"menu_order":0,"comment_status":"closed","ping_status":"closed","template":"","meta":[],"yoast_head":"<!-- This site is optimized with the Yoast SEO plugin v21.8.1 - https:\/\/yoast.com\/wordpress\/plugins\/seo\/ -->\n<title>Chromassonic de THAM SCO : 20 ans d&#039;expertise dans le soin \u00e9nerg\u00e9tique - Chromassonic<\/title>\n<meta name=\"robots\" content=\"index, follow, max-snippet:-1, max-image-preview:large, max-video-preview:-1\" \/>\n<link rel=\"canonical\" href=\"https:\/\/chromassonic.com\/\" \/>\n<meta property=\"og:locale\" content=\"fr_FR\" \/>\n<meta property=\"og:type\" content=\"article\" \/>\n<meta property=\"og:title\" content=\"Chromassonic de THAM SCO : 20 ans d&#039;expertise dans le soin \u00e9nerg\u00e9tique - Chromassonic\" \/>\n<meta property=\"og:description\" content=\"Je m&rsquo;appelle Jean-marc Mercy. Si vous \u00eates arriv\u00e9(e) sur cette page, alors permettez-moi de vous souhaitez la bienvenue ! Nous apportons des\u00a0solutions naturelles\u00a0et des\u00a0soins \u00e9nerg\u00e9tiques\u00a0pour les particuliers et les entreprises. Nous sommes sp\u00e9cialis\u00e9s dans le soin \u00e9nerg\u00e9tique et diffusons depuis 1998 les\u00a0compl\u00e9ments alimentaires\u00a0et\u00a0les soins du visage K&rsquo;IHOME, ainsi que la [&hellip;]\" \/>\n<meta property=\"og:url\" content=\"https:\/\/chromassonic.com\/\" \/>\n<meta property=\"og:site_name\" content=\"Chromassonic\" \/>\n<meta property=\"article:modified_time\" content=\"2025-09-15T09:37:33+00:00\" \/>\n<meta property=\"og:image\" content=\"https:\/\/chromassonic.com\/wp-content\/uploads\/2019\/04\/chromassonic_relaxation-1024x310.jpg\" \/>\n<meta name=\"twitter:card\" content=\"summary_large_image\" \/>\n<meta name=\"twitter:label1\" content=\"Dur\u00e9e de lecture estim\u00e9e\" \/>\n\t<meta name=\"twitter:data1\" content=\"4 minutes\" \/>\n<script type=\"application\/ld+json\" class=\"yoast-schema-graph\">{\"@context\":\"https:\/\/schema.org\",\"@graph\":[{\"@type\":\"WebPage\",\"@id\":\"https:\/\/chromassonic.com\/\",\"url\":\"https:\/\/chromassonic.com\/\",\"name\":\"Chromassonic de THAM SCO : 20 ans d'expertise dans le soin \u00e9nerg\u00e9tique - Chromassonic\",\"isPartOf\":{\"@id\":\"https:\/\/chromassonic.com\/#website\"},\"datePublished\":\"2019-03-18T14:53:18+00:00\",\"dateModified\":\"2025-09-15T09:37:33+00:00\",\"breadcrumb\":{\"@id\":\"https:\/\/chromassonic.com\/#breadcrumb\"},\"inLanguage\":\"fr-FR\",\"potentialAction\":[{\"@type\":\"ReadAction\",\"target\":[\"https:\/\/chromassonic.com\/\"]}]},{\"@type\":\"BreadcrumbList\",\"@id\":\"https:\/\/chromassonic.com\/#breadcrumb\",\"itemListElement\":[{\"@type\":\"ListItem\",\"position\":1,\"name\":\"Accueil\",\"item\":\"https:\/\/chromassonic.com\/\"},{\"@type\":\"ListItem\",\"position\":2,\"name\":\"Chromassonic de THAM SCO : 20 ans d&rsquo;expertise dans le soin \u00e9nerg\u00e9tique\"}]},{\"@type\":\"WebSite\",\"@id\":\"https:\/\/chromassonic.com\/#website\",\"url\":\"https:\/\/chromassonic.com\/\",\"name\":\"Chromassonic\",\"description\":\"Syst\u00e8me brevet\u00e9 de chromoth\u00e9rapie\",\"publisher\":{\"@id\":\"https:\/\/chromassonic.com\/#organization\"},\"potentialAction\":[{\"@type\":\"SearchAction\",\"target\":{\"@type\":\"EntryPoint\",\"urlTemplate\":\"https:\/\/chromassonic.com\/?s={search_term_string}\"},\"query-input\":\"required name=search_term_string\"}],\"inLanguage\":\"fr-FR\"},{\"@type\":\"Organization\",\"@id\":\"https:\/\/chromassonic.com\/#organization\",\"name\":\"Chromassonic\",\"url\":\"https:\/\/chromassonic.com\/\",\"logo\":{\"@type\":\"ImageObject\",\"inLanguage\":\"fr-FR\",\"@id\":\"https:\/\/chromassonic.com\/#\/schema\/logo\/image\/\",\"url\":\"https:\/\/chromassonic.com\/wp-content\/uploads\/2019\/04\/Chromassonic-systeme-logo-1.png\",\"contentUrl\":\"https:\/\/chromassonic.com\/wp-content\/uploads\/2019\/04\/Chromassonic-systeme-logo-1.png\",\"width\":1656,\"height\":327,\"caption\":\"Chromassonic\"},\"image\":{\"@id\":\"https:\/\/chromassonic.com\/#\/schema\/logo\/image\/\"}}]}<\/script>\n<!-- \/ Yoast SEO plugin. -->","yoast_head_json":{"title":"Chromassonic de THAM SCO : 20 ans d'expertise dans le soin \u00e9nerg\u00e9tique - Chromassonic","robots":{"index":"index","follow":"follow","max-snippet":"max-snippet:-1","max-image-preview":"max-image-preview:large","max-video-preview":"max-video-preview:-1"},"canonical":"https:\/\/chromassonic.com\/","og_locale":"fr_FR","og_type":"article","og_title":"Chromassonic de THAM SCO : 20 ans d'expertise dans le soin \u00e9nerg\u00e9tique - Chromassonic","og_description":"Je m&rsquo;appelle Jean-marc Mercy. Si vous \u00eates arriv\u00e9(e) sur cette page, alors permettez-moi de vous souhaitez la bienvenue ! Nous apportons des\u00a0solutions naturelles\u00a0et des\u00a0soins \u00e9nerg\u00e9tiques\u00a0pour les particuliers et les entreprises. Nous sommes sp\u00e9cialis\u00e9s dans le soin \u00e9nerg\u00e9tique et diffusons depuis 1998 les\u00a0compl\u00e9ments alimentaires\u00a0et\u00a0les soins du visage K&rsquo;IHOME, ainsi que la [&hellip;]","og_url":"https:\/\/chromassonic.com\/","og_site_name":"Chromassonic","article_modified_time":"2025-09-15T09:37:33+00:00","og_image":[{"url":"https:\/\/chromassonic.com\/wp-content\/uploads\/2019\/04\/chromassonic_relaxation-1024x310.jpg"}],"twitter_card":"summary_large_image","twitter_misc":{"Dur\u00e9e de lecture estim\u00e9e":"4 minutes"},"schema":{"@context":"https:\/\/schema.org","@graph":[{"@type":"WebPage","@id":"https:\/\/chromassonic.com\/","url":"https:\/\/chromassonic.com\/","name":"Chromassonic de THAM SCO : 20 ans d'expertise dans le soin \u00e9nerg\u00e9tique - Chromassonic","isPartOf":{"@id":"https:\/\/chromassonic.com\/#website"},"datePublished":"2019-03-18T14:53:18+00:00","dateModified":"2025-09-15T09:37:33+00:00","breadcrumb":{"@id":"https:\/\/chromassonic.com\/#breadcrumb"},"inLanguage":"fr-FR","potentialAction":[{"@type":"ReadAction","target":["https:\/\/chromassonic.com\/"]}]},{"@type":"BreadcrumbList","@id":"https:\/\/chromassonic.com\/#breadcrumb","itemListElement":[{"@type":"ListItem","position":1,"name":"Accueil","item":"https:\/\/chromassonic.com\/"},{"@type":"ListItem","position":2,"name":"Chromassonic de THAM SCO : 20 ans d&rsquo;expertise dans le soin \u00e9nerg\u00e9tique"}]},{"@type":"WebSite","@id":"https:\/\/chromassonic.com\/#website","url":"https:\/\/chromassonic.com\/","name":"Chromassonic","description":"Syst\u00e8me brevet\u00e9 de chromoth\u00e9rapie","publisher":{"@id":"https:\/\/chromassonic.com\/#organization"},"potentialAction":[{"@type":"SearchAction","target":{"@type":"EntryPoint","urlTemplate":"https:\/\/chromassonic.com\/?s={search_term_string}"},"query-input":"required name=search_term_string"}],"inLanguage":"fr-FR"},{"@type":"Organization","@id":"https:\/\/chromassonic.com\/#organization","name":"Chromassonic","url":"https:\/\/chromassonic.com\/","logo":{"@type":"ImageObject","inLanguage":"fr-FR","@id":"https:\/\/chromassonic.com\/#\/schema\/logo\/image\/","url":"https:\/\/chromassonic.com\/wp-content\/uploads\/2019\/04\/Chromassonic-systeme-logo-1.png","contentUrl":"https:\/\/chromassonic.com\/wp-content\/uploads\/2019\/04\/Chromassonic-systeme-logo-1.png","width":1656,"height":327,"caption":"Chromassonic"},"image":{"@id":"https:\/\/chromassonic.com\/#\/schema\/logo\/image\/"}}]}},"_links":{"self":[{"href":"https:\/\/chromassonic.com\/index.php\/wp-json\/wp\/v2\/pages\/6"}],"collection":[{"href":"https:\/\/chromassonic.com\/index.php\/wp-json\/wp\/v2\/pages"}],"about":[{"href":"https:\/\/chromassonic.com\/index.php\/wp-json\/wp\/v2\/types\/page"}],"author":[{"embeddable":true,"href":"https:\/\/chromassonic.com\/index.php\/wp-json\/wp\/v2\/users\/2"}],"replies":[{"embeddable":true,"href":"https:\/\/chromassonic.com\/index.php\/wp-json\/wp\/v2\/comments?post=6"}],"version-history":[{"count":35,"href":"https:\/\/chromassonic.com\/index.php\/wp-json\/wp\/v2\/pages\/6\/revisions"}],"predecessor-version":[{"id":496,"href":"https:\/\/chromassonic.com\/index.php\/wp-json\/wp\/v2\/pages\/6\/revisions\/496"}],"wp:attachment":[{"href":"https:\/\/chromassonic.com\/index.php\/wp-json\/wp\/v2\/media?parent=6"}],"curies":[{"name":"wp","href":"https:\/\/api.w.org\/{rel}","templated":true}]}}