{"id":88,"date":"2019-04-11T18:01:42","date_gmt":"2019-04-11T18:01:42","guid":{"rendered":"https:\/\/chromassonic.com\/?page_id=88"},"modified":"2019-05-16T20:45:36","modified_gmt":"2019-05-16T20:45:36","slug":"alexandre-home-inventeur-de-chromassonic","status":"publish","type":"page","link":"https:\/\/chromassonic.com\/index.php\/alexandre-home-inventeur-de-chromassonic\/","title":{"rendered":"Alexandre Hom\u00e9, inventeur de Chromassonic"},"content":{"rendered":"\n<p style=\"text-align:center\"><strong>Chromoth\u00e9rapie : Alexandre HOME parle de la CHROMASSONIC<\/strong><\/p>\n\n\n\n<div class=\"wp-block-image\"><figure class=\"aligncenter\"><img decoding=\"async\" loading=\"lazy\" width=\"300\" height=\"205\" src=\"https:\/\/chromassonic.com\/wp-content\/uploads\/2019\/04\/Alexandre_Hom\u00e9.jpg\" alt=\"\" class=\"wp-image-89\"\/><\/figure><\/div>\n\n\n\n<hr class=\"wp-block-separator\"\/>\n\n\n\n<p>\u00ab Faire du nouveau avec de l&rsquo;ancien : c&rsquo;est cela, la <strong>CHROMASSONIC<\/strong>.\nNous avons brevet\u00e9 un proc\u00e9d\u00e9 moderne, fruit d&rsquo;une recherche bas\u00e9e sur des\ntravaux ancestraux qui associaient d\u00e9j\u00e0 la couleur et le son afin de soigner le\ncorps du stress et des maux divers.<\/p>\n\n\n\n<p>La Chromoth\u00e9rapie (ou Chromologie) est li\u00e9e \u00e0 la loi des couleurs. Ce domaine est encore peu connu, ainsi, nous expliquons notre d\u00e9marche comme \u00e9tant l&rsquo;association du son et de la couleur dans le but d&rsquo;influencer positivement le corps. Ce proc\u00e9d\u00e9 a demand\u00e9 de nombreuses ann\u00e9es d\u2019effort pour aboutir au d\u00e9p\u00f4t d\u2019un brevet international. Nous avons ensuite cr\u00e9\u00e9 la soci\u00e9t\u00e9 <strong>THAM.SCO<\/strong> pour la fabrication et la commercialisation.<\/p>\n\n\n\n<hr class=\"wp-block-separator\"\/>\n\n\n\n<p><strong>La chromoth\u00e9rapie permet de combattre le stress&nbsp;et ses diff\u00e9rentes causes :<\/strong><\/p>\n\n\n\n<ul><li>Pollution environnante, qualit\u00e9 de l&rsquo;air<\/li><li>D\u00e9s\u00e9quilibres nerveux produits par les maladies<\/li><li>Perte d\u2019\u00e9nergie inconsciente, habitudes toxiques<\/li><li>Exc\u00e8s, drogues palliatives, difficult\u00e9 \u00e0 g\u00e9rer l&rsquo;anxi\u00e9t\u00e9<\/li><\/ul>\n\n\n\n<p>Nous avons en nous <a rel=\"noreferrer noopener\" href=\"http:\/\/alaquetedumieuxetre.e-monsite.com\/pages\/les-chakras-ou-centres-energetiques-du-corps-humain.html\" target=\"_blank\"><strong>sept centres \u00e9nerg\u00e9tiques<\/strong><\/a> majeurs qui vibrent \u00e0 des longueurs d\u2019onde diff\u00e9rentes tr\u00e8s proches. Par cette vibration, il est possible de conna\u00eetre la couleur qui se d\u00e9gage de chacun de ces centres, car toutes les vibrations color\u00e9es sont connues et mesur\u00e9es. Le principe de cette recherche fut d\u2019approcher au maximum la couleur du centre concern\u00e9 pour l\u2019alimenter en cas de perte de vitalit\u00e9, ou pour apporter un regain d&rsquo;\u00e9nergie et de tonalit\u00e9. Etant donn\u00e9 que ces sept centres sont reli\u00e9s entre eux, on n&rsquo;agit que sur un seul centre afin \u00e9viter la suralimentation ou l\u2019exc\u00e8s.<\/p>\n\n\n\n<p>Avec la&nbsp;<strong>CHROMASSONIC,<\/strong>&nbsp;la personne est\ndans un \u00e9tat de conscience modifi\u00e9. Elle se sent hors des limites des\nstructures de la soci\u00e9t\u00e9 et de la famille. Elle est totalement prise en charge\ndurant la chromoth\u00e9rapie et peut profiter d&rsquo;une vraie coupure vis-\u00e0-vis du\nquotidien, ce qui lui permet de se rel\u00e2cher, de prendre du recul et de se\nrecentrer sur ses \u00e9motions afin de pouvoir aller de l&rsquo;avant avec les id\u00e9es\nclaires et un mental repos\u00e9.<\/p>\n\n\n\n<ul><li>Les centres d\u2019\u00e9nergie ne souffrent plus du stress environnant. Ils ne dispersent plus l&rsquo;\u00e9nergie, il l&rsquo;a re\u00e7oivent au contraire, ce qui permet de calmer le mental et de retrouver sa vitalit\u00e9.<\/li><li>Au lieu d&rsquo;\u00eatre soumi \u00e0 des pressions et \u00e0 des agressions permanentes, la <strong>CHROMASSONIC      <\/strong>permet de se sentir libre et prot\u00e9g\u00e9.<\/li><li>Vous retrouvez vos moyens et une clart\u00e9 d&rsquo;esprit.<\/li><\/ul>\n\n\n\n<p><strong>La vibration qui accompagne la s\u00e9ance se r\u00e9pand sur tous les centres \u00e9nerg\u00e9tiques, en les apaisant et en les chargeant.\ufeff<\/strong><\/p>\n\n\n\n<figure class=\"wp-block-image\"><img decoding=\"async\" loading=\"lazy\" width=\"1006\" height=\"1024\" src=\"https:\/\/chromassonic.com\/wp-content\/uploads\/2019\/04\/chromassonic_lumi\u00e8re-e1555005604449-1006x1024.jpg\" alt=\"\" class=\"wp-image-91\"\/><\/figure>\n\n\n\n<p><strong>Un soin du corps sur le long terme\ngr\u00e2ce \u00e0 la chromoth\u00e9rapie<\/strong><\/p>\n\n\n\n<p>Les bienfaits de la&nbsp;<strong>CHROMASSONIC<\/strong>&nbsp;sont\n\u00e0 la fois imm\u00e9diats et progressifs : des r\u00e9sultats peuvent \u00eatre remarqu\u00e9s d\u00e8s\nla premi\u00e8re s\u00e9ance de chromoth\u00e9rapie, et une \u00e9volution peut \u00eatre not\u00e9e sur une dur\u00e9e\nde deux mois (soit quatre \u00e0 six s\u00e9ances en tout).<\/p>\n\n\n\n<p>En compl\u00e9ment de cette technique, nous ajoutons un appareil \u00e0 <a href=\"https:\/\/www.solutions-mysommeil.com\/les-bienfaits-des-ions-negatifs-sur-la-sante.html\"><strong>ions n\u00e9gatifs<\/strong><\/a> : l&rsquo;utilisateur respire ainsi de l\u2019air que l\u2019on trouve \u00e0 deux mille m\u00e8tres d\u2019altitude. Nous mettons aussi une \u00e9mission d\u2019huiles essentielles pour la purification du lieu.<\/p>\n\n\n\n<p><strong>En r\u00e9sum\u00e9, nous parlons de relaxation, de processus de d\u00e9tente, de remise en forme.<\/strong><\/p>\n\n\n\n<p>C\u2019est l\u2019utilisation de ce proc\u00e9d\u00e9 qui est le garant de\nce que nous avan\u00e7ons. La <strong>CHROMASSONIC<\/strong> est la technique de la couleur non\ntraumatisante, avec laquelle le corps r\u00e9apprend \u00e0 se g\u00e9rer en oubliant les\ncontraintes et les choc \u00e9prouv\u00e9s chaque jour. La recette de la sant\u00e9 physique\nest simple&nbsp;: un bol d\u2019air pur, un peu de soleil, et le retour \u00e0 la\nsimplicit\u00e9.<\/p>\n\n\n\n<p>Quoi de plus simple que d&rsquo;\u00eatre baign\u00e9 dans des lumi\u00e8res, berc\u00e9 par des sons ! Une seule heure de chromoth\u00e9rapie redonne des capacit\u00e9s physiques et de la vigueur morale. Cette paix apporte une \u00e9nergie bienvenue et permet de mieux g\u00e9rer un quotidien dans lequel tout le monde veut aller trop vite. Si vous prenez r\u00e9ellement un moment pour votre bien-\u00eatre, vous serez bien plus capable de r\u00e9ussir dans votre vie professionnelle et personnelle.<\/p>\n\n\n\n<figure class=\"wp-block-image\"><img decoding=\"async\" loading=\"lazy\" width=\"1024\" height=\"1024\" src=\"https:\/\/chromassonic.com\/wp-content\/uploads\/2019\/04\/chromassonic_aura-1024x1024.jpg\" alt=\"\" class=\"wp-image-92\" srcset=\"https:\/\/chromassonic.com\/wp-content\/uploads\/2019\/04\/chromassonic_aura-1024x1024.jpg 1024w, https:\/\/chromassonic.com\/wp-content\/uploads\/2019\/04\/chromassonic_aura-150x150.jpg 150w, https:\/\/chromassonic.com\/wp-content\/uploads\/2019\/04\/chromassonic_aura-300x300.jpg 300w, https:\/\/chromassonic.com\/wp-content\/uploads\/2019\/04\/chromassonic_aura-768x768.jpg 768w, https:\/\/chromassonic.com\/wp-content\/uploads\/2019\/04\/chromassonic_aura.jpg 2000w\" sizes=\"(max-width: 1024px) 100vw, 1024px\" \/><\/figure>\n\n\n\n<p><strong>Gr\u00e2ce \u00e0 l&rsquo;harmonie des couleurs :<\/strong><\/p>\n\n\n\n<ul><li>Vous retrouvez une s\u00e9r\u00e9nit\u00e9, une paix int\u00e9rieure<\/li><li>Votre mental est repos\u00e9, concentr\u00e9<\/li><li>Et la vie redevient une source de joie !<\/li><\/ul>\n\n\n\n<hr class=\"wp-block-separator\"\/>\n\n\n\n<p><strong>Le but de la vie n\u2019est-il pas d\u2019\u00eatre r\u00e9ceptif au\nbonheur ? De trouver et de profiter du calme, et de partager ce qu&rsquo;il y a de\nmeilleur en nous ?<\/strong><\/p>\n\n\n\n<p>La <strong>CHROMASSONIC<\/strong> propose un soin doux en se\nr\u00e9glant aux centres \u00e9nerg\u00e9tiques du corps. Les couleurs sont pour cela un\nfacteur essentiel.<\/p>\n\n\n\n<p>L&rsquo;appareil arrive aussi \u00e0 calmer et \u00e0 stopper les\naddictions comme la gloutonnerie, l\u2019alcool, les cigarettes, les calmants ou les\nexcitants. Certaines utilisateurs sceptiques nous ont t\u00e9moign\u00e9 qu&rsquo;ils\nr\u00e9ussissaient \u00e0 mieux dormir, \u00e0 se d\u00e9tendre, et \u00e0 voir la vie sous un jour plus\nagr\u00e9able.<\/p>\n\n\n\n<p>M\u00e9dicalement parlant, nous laissons le soin aux m\u00e9decins (qui se pencheront sur ce principe des couleurs) d\u2019en tirer les conclusions sur la sant\u00e9 physique et mentale. En essayant une seule fois la <strong>CHROMASSONIC<\/strong>, nous pouvons att\u00e9nuer les traumatismes \u00e9motionnels, ph\u00e9nom\u00e8ne de notre soci\u00e9t\u00e9.<\/p>\n\n\n\n<figure class=\"wp-block-image\"><img decoding=\"async\" loading=\"lazy\" width=\"1024\" height=\"377\" src=\"https:\/\/chromassonic.com\/wp-content\/uploads\/2019\/04\/chromassonic_s\u00e9ance-1024x377.jpg\" alt=\"\" class=\"wp-image-85\" srcset=\"https:\/\/chromassonic.com\/wp-content\/uploads\/2019\/04\/chromassonic_s\u00e9ance-1024x377.jpg 1024w, https:\/\/chromassonic.com\/wp-content\/uploads\/2019\/04\/chromassonic_s\u00e9ance-300x110.jpg 300w, https:\/\/chromassonic.com\/wp-content\/uploads\/2019\/04\/chromassonic_s\u00e9ance-768x283.jpg 768w\" sizes=\"(max-width: 1024px) 100vw, 1024px\" \/><\/figure>\n\n\n\n<p>L\u2019humain actuel est dou\u00e9 pour se cr\u00e9er des probl\u00e8mes.\nUn l\u00e2cher-prise d\u2019une heure de temps en temps devient salutaire et lui\npermettra de d\u00e9terminer ses priorit\u00e9s, sur quels enjeux il doit vraiment se\nconcentrer.<\/p>\n\n\n\n<p>Un des aspects les plus importants en relaxation et en\nm\u00e9ditation est de r\u00e9ussir \u00e0 d\u00e9finir ce qui est r\u00e9ellement important \u00e0 vos yeux,\net d&rsquo;agir en cons\u00e9quence.<\/p>\n\n\n\n<ul><li>La <strong>CHROMASSONIC<\/strong> n&rsquo;est pas seulement un outil pour aller mieux : il vous aide \u00e0 prendre votre vie en main.<\/li><li>Apr\u00e8s avoir men\u00e9 des exp\u00e9riences diverses et r\u00e9alis\u00e9 des prototypes depuis pr\u00e8s de 20 ans, la version finale de la <strong>CHROMASSONIC<\/strong> a apport\u00e9 des r\u00e9sultats qui ont surpass\u00e9 nos attentes (tout comme celles des utilisateurs).<\/li><\/ul>\n","protected":false},"excerpt":{"rendered":"<p>Chromoth\u00e9rapie : Alexandre HOME parle de la CHROMASSONIC \u00ab Faire du nouveau avec de l&rsquo;ancien : c&rsquo;est cela, la CHROMASSONIC. Nous avons brevet\u00e9 un proc\u00e9d\u00e9 moderne, fruit d&rsquo;une recherche bas\u00e9e sur des travaux ancestraux qui associaient d\u00e9j\u00e0 la couleur et le son afin de soigner le corps du stress et [&hellip;]<\/p>\n","protected":false},"author":2,"featured_media":79,"parent":0,"menu_order":0,"comment_status":"closed","ping_status":"closed","template":"","meta":[],"yoast_head":"<!-- This site is optimized with the Yoast SEO plugin v21.8.1 - https:\/\/yoast.com\/wordpress\/plugins\/seo\/ -->\n<title>Alexandre Hom\u00e9, inventeur de Chromassonic - Chromassonic<\/title>\n<meta name=\"robots\" content=\"index, follow, max-snippet:-1, max-image-preview:large, max-video-preview:-1\" \/>\n<link rel=\"canonical\" href=\"https:\/\/chromassonic.com\/index.php\/alexandre-home-inventeur-de-chromassonic\/\" \/>\n<meta property=\"og:locale\" content=\"fr_FR\" \/>\n<meta property=\"og:type\" content=\"article\" \/>\n<meta property=\"og:title\" content=\"Alexandre Hom\u00e9, inventeur de Chromassonic - Chromassonic\" \/>\n<meta property=\"og:description\" content=\"Chromoth\u00e9rapie : Alexandre HOME parle de la CHROMASSONIC \u00ab Faire du nouveau avec de l&rsquo;ancien : c&rsquo;est cela, la CHROMASSONIC. Nous avons brevet\u00e9 un proc\u00e9d\u00e9 moderne, fruit d&rsquo;une recherche bas\u00e9e sur des travaux ancestraux qui associaient d\u00e9j\u00e0 la couleur et le son afin de soigner le corps du stress et [&hellip;]\" \/>\n<meta property=\"og:url\" content=\"https:\/\/chromassonic.com\/index.php\/alexandre-home-inventeur-de-chromassonic\/\" \/>\n<meta property=\"og:site_name\" content=\"Chromassonic\" \/>\n<meta property=\"article:modified_time\" content=\"2019-05-16T20:45:36+00:00\" \/>\n<meta property=\"og:image\" content=\"https:\/\/chromassonic.com\/wp-content\/uploads\/2019\/04\/appareil_chromassonic.jpg\" \/>\n\t<meta property=\"og:image:width\" content=\"2520\" \/>\n\t<meta property=\"og:image:height\" content=\"1392\" \/>\n\t<meta property=\"og:image:type\" content=\"image\/jpeg\" \/>\n<meta name=\"twitter:card\" content=\"summary_large_image\" \/>\n<meta name=\"twitter:label1\" content=\"Dur\u00e9e de lecture estim\u00e9e\" \/>\n\t<meta name=\"twitter:data1\" content=\"5 minutes\" \/>\n<script type=\"application\/ld+json\" class=\"yoast-schema-graph\">{\"@context\":\"https:\/\/schema.org\",\"@graph\":[{\"@type\":\"WebPage\",\"@id\":\"https:\/\/chromassonic.com\/index.php\/alexandre-home-inventeur-de-chromassonic\/\",\"url\":\"https:\/\/chromassonic.com\/index.php\/alexandre-home-inventeur-de-chromassonic\/\",\"name\":\"Alexandre Hom\u00e9, inventeur de Chromassonic - Chromassonic\",\"isPartOf\":{\"@id\":\"https:\/\/chromassonic.com\/#website\"},\"datePublished\":\"2019-04-11T18:01:42+00:00\",\"dateModified\":\"2019-05-16T20:45:36+00:00\",\"breadcrumb\":{\"@id\":\"https:\/\/chromassonic.com\/index.php\/alexandre-home-inventeur-de-chromassonic\/#breadcrumb\"},\"inLanguage\":\"fr-FR\",\"potentialAction\":[{\"@type\":\"ReadAction\",\"target\":[\"https:\/\/chromassonic.com\/index.php\/alexandre-home-inventeur-de-chromassonic\/\"]}]},{\"@type\":\"BreadcrumbList\",\"@id\":\"https:\/\/chromassonic.com\/index.php\/alexandre-home-inventeur-de-chromassonic\/#breadcrumb\",\"itemListElement\":[{\"@type\":\"ListItem\",\"position\":1,\"name\":\"Accueil\",\"item\":\"https:\/\/chromassonic.com\/\"},{\"@type\":\"ListItem\",\"position\":2,\"name\":\"Alexandre Hom\u00e9, inventeur de Chromassonic\"}]},{\"@type\":\"WebSite\",\"@id\":\"https:\/\/chromassonic.com\/#website\",\"url\":\"https:\/\/chromassonic.com\/\",\"name\":\"Chromassonic\",\"description\":\"Syst\u00e8me brevet\u00e9 de chromoth\u00e9rapie\",\"publisher\":{\"@id\":\"https:\/\/chromassonic.com\/#organization\"},\"potentialAction\":[{\"@type\":\"SearchAction\",\"target\":{\"@type\":\"EntryPoint\",\"urlTemplate\":\"https:\/\/chromassonic.com\/?s={search_term_string}\"},\"query-input\":\"required name=search_term_string\"}],\"inLanguage\":\"fr-FR\"},{\"@type\":\"Organization\",\"@id\":\"https:\/\/chromassonic.com\/#organization\",\"name\":\"Chromassonic\",\"url\":\"https:\/\/chromassonic.com\/\",\"logo\":{\"@type\":\"ImageObject\",\"inLanguage\":\"fr-FR\",\"@id\":\"https:\/\/chromassonic.com\/#\/schema\/logo\/image\/\",\"url\":\"https:\/\/chromassonic.com\/wp-content\/uploads\/2019\/04\/Chromassonic-systeme-logo-1.png\",\"contentUrl\":\"https:\/\/chromassonic.com\/wp-content\/uploads\/2019\/04\/Chromassonic-systeme-logo-1.png\",\"width\":1656,\"height\":327,\"caption\":\"Chromassonic\"},\"image\":{\"@id\":\"https:\/\/chromassonic.com\/#\/schema\/logo\/image\/\"}}]}<\/script>\n<!-- \/ Yoast SEO plugin. -->","yoast_head_json":{"title":"Alexandre Hom\u00e9, inventeur de Chromassonic - Chromassonic","robots":{"index":"index","follow":"follow","max-snippet":"max-snippet:-1","max-image-preview":"max-image-preview:large","max-video-preview":"max-video-preview:-1"},"canonical":"https:\/\/chromassonic.com\/index.php\/alexandre-home-inventeur-de-chromassonic\/","og_locale":"fr_FR","og_type":"article","og_title":"Alexandre Hom\u00e9, inventeur de Chromassonic - Chromassonic","og_description":"Chromoth\u00e9rapie : Alexandre HOME parle de la CHROMASSONIC \u00ab Faire du nouveau avec de l&rsquo;ancien : c&rsquo;est cela, la CHROMASSONIC. Nous avons brevet\u00e9 un proc\u00e9d\u00e9 moderne, fruit d&rsquo;une recherche bas\u00e9e sur des travaux ancestraux qui associaient d\u00e9j\u00e0 la couleur et le son afin de soigner le corps du stress et [&hellip;]","og_url":"https:\/\/chromassonic.com\/index.php\/alexandre-home-inventeur-de-chromassonic\/","og_site_name":"Chromassonic","article_modified_time":"2019-05-16T20:45:36+00:00","og_image":[{"width":2520,"height":1392,"url":"https:\/\/chromassonic.com\/wp-content\/uploads\/2019\/04\/appareil_chromassonic.jpg","type":"image\/jpeg"}],"twitter_card":"summary_large_image","twitter_misc":{"Dur\u00e9e de lecture estim\u00e9e":"5 minutes"},"schema":{"@context":"https:\/\/schema.org","@graph":[{"@type":"WebPage","@id":"https:\/\/chromassonic.com\/index.php\/alexandre-home-inventeur-de-chromassonic\/","url":"https:\/\/chromassonic.com\/index.php\/alexandre-home-inventeur-de-chromassonic\/","name":"Alexandre Hom\u00e9, inventeur de Chromassonic - Chromassonic","isPartOf":{"@id":"https:\/\/chromassonic.com\/#website"},"datePublished":"2019-04-11T18:01:42+00:00","dateModified":"2019-05-16T20:45:36+00:00","breadcrumb":{"@id":"https:\/\/chromassonic.com\/index.php\/alexandre-home-inventeur-de-chromassonic\/#breadcrumb"},"inLanguage":"fr-FR","potentialAction":[{"@type":"ReadAction","target":["https:\/\/chromassonic.com\/index.php\/alexandre-home-inventeur-de-chromassonic\/"]}]},{"@type":"BreadcrumbList","@id":"https:\/\/chromassonic.com\/index.php\/alexandre-home-inventeur-de-chromassonic\/#breadcrumb","itemListElement":[{"@type":"ListItem","position":1,"name":"Accueil","item":"https:\/\/chromassonic.com\/"},{"@type":"ListItem","position":2,"name":"Alexandre Hom\u00e9, inventeur de Chromassonic"}]},{"@type":"WebSite","@id":"https:\/\/chromassonic.com\/#website","url":"https:\/\/chromassonic.com\/","name":"Chromassonic","description":"Syst\u00e8me brevet\u00e9 de chromoth\u00e9rapie","publisher":{"@id":"https:\/\/chromassonic.com\/#organization"},"potentialAction":[{"@type":"SearchAction","target":{"@type":"EntryPoint","urlTemplate":"https:\/\/chromassonic.com\/?s={search_term_string}"},"query-input":"required name=search_term_string"}],"inLanguage":"fr-FR"},{"@type":"Organization","@id":"https:\/\/chromassonic.com\/#organization","name":"Chromassonic","url":"https:\/\/chromassonic.com\/","logo":{"@type":"ImageObject","inLanguage":"fr-FR","@id":"https:\/\/chromassonic.com\/#\/schema\/logo\/image\/","url":"https:\/\/chromassonic.com\/wp-content\/uploads\/2019\/04\/Chromassonic-systeme-logo-1.png","contentUrl":"https:\/\/chromassonic.com\/wp-content\/uploads\/2019\/04\/Chromassonic-systeme-logo-1.png","width":1656,"height":327,"caption":"Chromassonic"},"image":{"@id":"https:\/\/chromassonic.com\/#\/schema\/logo\/image\/"}}]}},"_links":{"self":[{"href":"https:\/\/chromassonic.com\/index.php\/wp-json\/wp\/v2\/pages\/88"}],"collection":[{"href":"https:\/\/chromassonic.com\/index.php\/wp-json\/wp\/v2\/pages"}],"about":[{"href":"https:\/\/chromassonic.com\/index.php\/wp-json\/wp\/v2\/types\/page"}],"author":[{"embeddable":true,"href":"https:\/\/chromassonic.com\/index.php\/wp-json\/wp\/v2\/users\/2"}],"replies":[{"embeddable":true,"href":"https:\/\/chromassonic.com\/index.php\/wp-json\/wp\/v2\/comments?post=88"}],"version-history":[{"count":4,"href":"https:\/\/chromassonic.com\/index.php\/wp-json\/wp\/v2\/pages\/88\/revisions"}],"predecessor-version":[{"id":525,"href":"https:\/\/chromassonic.com\/index.php\/wp-json\/wp\/v2\/pages\/88\/revisions\/525"}],"wp:featuredmedia":[{"embeddable":true,"href":"https:\/\/chromassonic.com\/index.php\/wp-json\/wp\/v2\/media\/79"}],"wp:attachment":[{"href":"https:\/\/chromassonic.com\/index.php\/wp-json\/wp\/v2\/media?parent=88"}],"curies":[{"name":"wp","href":"https:\/\/api.w.org\/{rel}","templated":true}]}}