{"id":96,"date":"2019-04-11T23:19:09","date_gmt":"2019-04-11T23:19:09","guid":{"rendered":"https:\/\/chromassonic.com\/?page_id=96"},"modified":"2022-02-05T15:21:48","modified_gmt":"2022-02-05T15:21:48","slug":"soin-energetique","status":"publish","type":"page","link":"https:\/\/chromassonic.com\/index.php\/soin-energetique\/","title":{"rendered":"Soin \u00e9nerg\u00e9tique : l&rsquo;association couleurs \/ sons \u00e0 travers le temps"},"content":{"rendered":"\r\n<p>Nous savons qu\u2019il existe des centres \u00e9nerg\u00e9tiques align\u00e9s le long du corps, appel\u00e9s \u00ab\u00a0m\u00e9ridiens\u00a0\u00bb. Chaque m\u00e9ridien apporte un soin \u00e9nerg\u00e9tique pr\u00e9cis, une r\u00e9sonance sp\u00e9cifique avec une couleur dominante.<\/p>\r\n\r\n\r\n\r\n<p>Lorsqu&rsquo;un individu est en proie au stress et \u00e0 l&rsquo;anxi\u00e9t\u00e9, il se cr\u00e9e un d\u00e9s\u00e9quilibre : la couleur du centre concern\u00e9 connait alors un chamboulement significatif qu&rsquo;il faudra r\u00e9\u00e9quilibrer afin de compenser les d\u00e9r\u00e8glements.<\/p>\r\n\r\n\r\n\r\n<ul>\r\n<li>Dans l\u2019\u00c9gypte ancienne, des soins \u00e9taient administr\u00e9s avec des instruments pr\u00e9vus pour d\u00e9clencher une sonorit\u00e9 ou une fr\u00e9quence sp\u00e9cifique, selon le type de maladie \u00e0 traiter.<\/li>\r\n<li>Dans la mythologie grecque, ORPH\u00c9E dont le nom signifie \u00ab celui qui gu\u00e9rit par la lumi\u00e8re \u00bb, utilisait le principe des couleurs avec des musiques d\u2019enchantement spirituel.<\/li>\r\n<\/ul>\r\n\r\n\r\n\r\n<div class=\"wp-block-image\">\r\n<figure class=\"aligncenter\"><img decoding=\"async\" loading=\"lazy\" width=\"1006\" height=\"1024\" src=\"https:\/\/chromassonic.com\/wp-content\/uploads\/2019\/04\/chromassonic_lumi\u00e8re-e1555005604449-1006x1024.jpg\" alt=\"\" class=\"wp-image-91\" \/><\/figure>\r\n<\/div>\r\n\r\n\r\n\r\n<p>Avec PYTHAGORE, nous entrons dans une expression g\u00e9om\u00e9trique du monde. Pour celui-ci, chaque son \u00e9met une mosa\u00efque de couleurs dans laquelle \u00e9merge une couleur principale, au m\u00eame titre que la r\u00e9sonance de nos centres \u00e9nerg\u00e9tiques. Les formes g\u00e9om\u00e9triques peuvent aussi \u00e9purer et amplifier les fr\u00e9quences d&rsquo;un son : l&rsquo;acoustique parfaite des th\u00e9\u00e2tres grecs est l\u00e0 pour en t\u00e9moigner. Pythagore utilisait des sons pour enseigner la purification de l\u2019\u00e2me dans le but d\u2019atteindre des niveaux sup\u00e9rieurs : \u00ab\u00a0<em><a rel=\"noreferrer noopener\" href=\"https:\/\/www.futura-sciences.com\/sciences\/dossiers\/univers-chant-etoiles-nouvelle-musique-stellaire-1857\/page\/2\/\" target=\"_blank\"><strong>la musique des sph\u00e8res<\/strong><\/a><\/em>\u00a0\u00bb. Du tambour des chamanes aux mantras tib\u00e9tains, m\u00eame dans les \u00e9toffes de couleur des gu\u00e9risseurs de nos r\u00e9gions, on peut voir que toutes les \u00e9coles des myst\u00e8res ont travaill\u00e9 sur le son et la couleur. Mais des changements de civilisation ont parfois men\u00e9 ces travaux \u00e0 l\u2019oubli.<\/p>\r\n\r\n\r\n<hr class=\"wp-block-separator\" \/>\r\n\r\n\r\n<p><strong>Le r\u00f4le du son et de la couleur, aujourd&rsquo;hui :<\/strong><\/p>\r\n\r\n\r\n\r\n<p>Nous reconnaissons le soin \u00e9nerg\u00e9tique de la musique sur le corps. Un chanteur professionnel comme un grand T\u00e9nor ou une Diva peut vous amener \u00e0 ressentir des picotements sur le corps, non seulement par le simple plaisir de l&rsquo;oreille mais aussi parce que le corps \u00ab\u00a0entend\u00a0\u00bb et est entr\u00e9 en r\u00e9sonance avec cette voix. Chaque individu a une r\u00e9sonance particuli\u00e8re qui lui permet d&rsquo;appr\u00e9cier telle ou telle musique, surtout si elle est associ\u00e9e \u00e0 de l&rsquo;art visuel.<\/p>\r\n\r\n\r\n\r\n<p>Mais tout comme il existe des r\u00e9sonances b\u00e9n\u00e9fiques, notre monde moderne est empli de fr\u00e9quences qui peuvent aussi \u00ab\u00a0d\u00e9saccorder\u00a0\u00bb cette harmonie. Il revient \u00e0 nous de choisir la musique et les informations ce que l&rsquo;on consomme, pour le bien de notre mental et de notre corps.<\/p>\r\n\r\n\r\n\r\n<figure class=\"wp-block-image\"><img decoding=\"async\" loading=\"lazy\" width=\"600\" height=\"800\" src=\"https:\/\/chromassonic.com\/wp-content\/uploads\/2019\/04\/IMG_0304.jpg\" alt=\"\" class=\"wp-image-97\" srcset=\"https:\/\/chromassonic.com\/wp-content\/uploads\/2019\/04\/IMG_0304.jpg 600w, https:\/\/chromassonic.com\/wp-content\/uploads\/2019\/04\/IMG_0304-225x300.jpg 225w\" sizes=\"(max-width: 600px) 100vw, 600px\" \/><\/figure>\r\n\r\n\r\n\r\n<p><strong>L&rsquo;approche de CHROMASSONIC &#8211; Un appareil moderne<\/strong><\/p>\r\n\r\n\r\n\r\n<p>De m\u00eame, nous voyons trop souvent des enfants \u00ab\u00a0d\u00e9s-harmonis\u00e9s\u00a0\u00bb d\u00e8s la naissance, couverts d\u2019ecz\u00e9ma, avec des difficult\u00e9s respiratoires, dus \u00e0 des traumatismes pr\u00e9nataux qui se r\u00e9percutent ensuite durant toute leur vie. Gr\u00e2ce aux s\u00e9ances couleur \/ son sur des femmes enceintes de 4 \u00e0 8 mois, ces futures m\u00e8res ressentent en elles les enfants qui se d\u00e9tendent : les maux s&rsquo;apaisent, le soin \u00e9nerg\u00e9tique fait son \u0153uvre, et les m\u00e9decins qui s\u2019occuperont ensuite de ces familles pourront observer la bonne \u00e9volution de la pr\u00e9natalit\u00e9.<\/p>\r\n\r\n\r\n\r\n<figure class=\"wp-block-image\"><img decoding=\"async\" loading=\"lazy\" width=\"800\" height=\"533\" src=\"https:\/\/chromassonic.com\/wp-content\/uploads\/2019\/04\/chromassonic_femme_enceinte.jpg\" alt=\"\" class=\"wp-image-98\" srcset=\"https:\/\/chromassonic.com\/wp-content\/uploads\/2019\/04\/chromassonic_femme_enceinte.jpg 800w, https:\/\/chromassonic.com\/wp-content\/uploads\/2019\/04\/chromassonic_femme_enceinte-300x200.jpg 300w, https:\/\/chromassonic.com\/wp-content\/uploads\/2019\/04\/chromassonic_femme_enceinte-768x512.jpg 768w, https:\/\/chromassonic.com\/wp-content\/uploads\/2019\/04\/chromassonic_femme_enceinte-360x240.jpg 360w\" sizes=\"(max-width: 800px) 100vw, 800px\" \/><\/figure>\r\n\r\n\r\n\r\n<p>CHROMASSONIC est aussi adress\u00e9 aux cas d\u2019ob\u00e9sit\u00e9 due aux r\u00e9actions nerveuses, et aussi aux fractures, qui se soudent deux fois plus vite notamment durant la pr\u00e9paration de sportifs de haut niveau. En aidant les sportifs \u00e0 ne plus \u00e9prouver le besoin de se doper et en leur faisant gagner beaucoup plus de r\u00e9sistance gr\u00e2ce au proc\u00e9d\u00e9 revitalisant de l&rsquo;appareil, ce syst\u00e8me a toujours apport\u00e9 des bienfaits aux personnes qui l&rsquo;ont essay\u00e9. Depuis le d\u00e9but de la recherche, aucun effet ind\u00e9sirable n&rsquo;a \u00e9t\u00e9 observ\u00e9.<\/p>\r\n\r\n\r\n<hr class=\"wp-block-separator\" \/>\r\n\r\n\r\n<p><strong>L&rsquo;avenir du son et de la lumi\u00e8re dans notre quotidien<\/strong><\/p>\r\n\r\n\r\n\r\n<p>Progressivement, notre soci\u00e9t\u00e9 va r\u00e9aliser le v\u00e9ritable impact du son et de la lumi\u00e8re et du soin \u00e9nerg\u00e9tique. Une nouvelle prise de conscience viendra au fur-et-\u00e0-mesure, et remettra sur le devant de la sc\u00e8ne la connaissance des couleurs et du fonctionnement \u00e9lectromagn\u00e9tique du corps.<\/p>\r\n\r\n\r\n\r\n<ul>\r\n<li>Avec l&rsquo;utilisation de la <strong>CHROMASSONIC<\/strong>, on s&rsquo;apercevra qu&rsquo;il est possible d&rsquo;agir \u00e0 titre pr\u00e9ventif : par la mesure exacte de la longueur d&rsquo;onde, on saura \u00e0 quel moment compenser les d\u00e9s\u00e9quilibres, sur quel aspect le soin \u00e9nerg\u00e9tique sera particuli\u00e8rement efficace, et comment il apportera un regain d&rsquo;\u00e9nergie et une plus grande confiance.<\/li>\r\n<li>De m\u00eame, en alimentant ses couleurs, l&rsquo;utilisateur peut retrouver une vitalit\u00e9 et l&rsquo;espoir d&rsquo;une vie plus longue et moins douloureuse.<\/li>\r\n<li>On s&rsquo;apercevra aussi que la vibration musicale peut elle aussi intervenir sur notre sant\u00e9 et notre bien-\u00eatre : nous r\u00e9aliserons prochainement une \u00e9tude sur la musique \u00e0 faire \u00e9couter dans le cadre de la CHROMASSONIC<strong>.<\/strong><\/li>\r\n<\/ul>\r\n\r\n\r\n\r\n<figure class=\"wp-block-image\"><img decoding=\"async\" loading=\"lazy\" width=\"800\" height=\"533\" src=\"https:\/\/chromassonic.com\/wp-content\/uploads\/2019\/04\/chromassonic_couleurs.jpg\" alt=\"\" class=\"wp-image-99\" srcset=\"https:\/\/chromassonic.com\/wp-content\/uploads\/2019\/04\/chromassonic_couleurs.jpg 800w, https:\/\/chromassonic.com\/wp-content\/uploads\/2019\/04\/chromassonic_couleurs-300x200.jpg 300w, https:\/\/chromassonic.com\/wp-content\/uploads\/2019\/04\/chromassonic_couleurs-768x512.jpg 768w, https:\/\/chromassonic.com\/wp-content\/uploads\/2019\/04\/chromassonic_couleurs-360x240.jpg 360w\" sizes=\"(max-width: 800px) 100vw, 800px\" \/><\/figure>\r\n\r\n\r\n\r\n<p>Plus encore, l\u2019\u00e9quilibre que l\u2019on am\u00e8ne par la <strong>CHROMASSONIC<\/strong>\u00a0est li\u00e9e \u00e0 l&rsquo;\u00e9volution de votre personnalit\u00e9. En alimentant vos centres \u00e9nerg\u00e9tiques, vous aurez davantage envie de prendre soin de vous ! Ainsi, avec les couleurs, les mauvaises habitudes se transforment, les ancrages se lib\u00e8rent, et les barrages du mental \u00e9clatent.<\/p>\r\n\r\n\r\n\r\n<p><strong>Moins il y a de barrages, plus vous gagnez en \u00e9nergie et en vitalit\u00e9. Gr\u00e2ce au soin \u00e9nerg\u00e9tique, votre intuition, votre compr\u00e9hension du monde environnant et votre cr\u00e9ativit\u00e9 retrouvent leur force.<\/strong><\/p>\r\n\r\n\r\n\r\n<p>S\u2019appuyant sur ces principes, Alexandre HOM\u00c9 a aussi ouvert de nouvelles voies pour la sant\u00e9 avec des produits de r\u00e9g\u00e9n\u00e9ration pour les plantes, les animaux et les hommes, ainsi qu\u2019une gymnastique pour les yeux.<\/p>\r\n\r\n\r\n<hr class=\"wp-block-separator\" \/>\r\n\r\n\r\n<p><strong>R\u00e9parer les centres d&rsquo;\u00e9nergie pour gu\u00e9rir le corps<\/strong><\/p>\r\n\r\n\r\n\r\n<p>Le corps poss\u00e8de 7 centres d&rsquo;\u00e9nergie vitale : chacun de ces centres a une couleur dominante et l&rsquo;ensemble correspond \u00e0 toute les couleurs de l&rsquo;arc-en-ciel. L&rsquo;harmonie entre ces centres d&rsquo;\u00e9nergie permet l&rsquo;\u00e9quilibre total du corps et son maintien en bonne sant\u00e9.<\/p>\r\n\r\n\r\n\r\n<p>Un centre d\u00e9ficient est provoqu\u00e9 par un d\u00e9r\u00e8glement (stress, maladie, pollution) : la couleur du centre concern\u00e9 devient moins soutenue. Afin de r\u00e9tablir cet \u00e9quilibre, une onde lumineuse est \u00e9mise sur le centre. Cette onde diffuse une couleur qui correspond \u00e0 celle du centre atteint, et se retrouve projet\u00e9e sur le corps du patient.<\/p>\r\n\r\n\r\n\r\n<p>Ces ondes exercent une stimulation sur une fonction, un organe ou un groupe d&rsquo;organes, facilitant ainsi l&rsquo;apaisement des tensions, une meilleure respiration, une meilleure digestion, et un meilleur repos.<\/p>\r\n","protected":false},"excerpt":{"rendered":"<p>Nous savons qu\u2019il existe des centres \u00e9nerg\u00e9tiques align\u00e9s le long du corps, appel\u00e9s \u00ab\u00a0m\u00e9ridiens\u00a0\u00bb. Chaque m\u00e9ridien apporte un soin \u00e9nerg\u00e9tique pr\u00e9cis, une r\u00e9sonance sp\u00e9cifique avec une couleur dominante. Lorsqu&rsquo;un individu est en proie au stress et \u00e0 l&rsquo;anxi\u00e9t\u00e9, il se cr\u00e9e un d\u00e9s\u00e9quilibre : la couleur du centre concern\u00e9 connait [&hellip;]<\/p>\n","protected":false},"author":2,"featured_media":92,"parent":0,"menu_order":0,"comment_status":"closed","ping_status":"closed","template":"","meta":[],"yoast_head":"<!-- This site is optimized with the Yoast SEO plugin v21.8.1 - https:\/\/yoast.com\/wordpress\/plugins\/seo\/ -->\n<title>Soin \u00e9nerg\u00e9tique : l&#039;association couleurs \/ sons \u00e0 travers le temps - Chromassonic<\/title>\n<meta name=\"robots\" content=\"index, follow, max-snippet:-1, max-image-preview:large, max-video-preview:-1\" \/>\n<link rel=\"canonical\" href=\"https:\/\/chromassonic.com\/index.php\/soin-energetique\/\" \/>\n<meta property=\"og:locale\" content=\"fr_FR\" \/>\n<meta property=\"og:type\" content=\"article\" \/>\n<meta property=\"og:title\" content=\"Soin \u00e9nerg\u00e9tique : l&#039;association couleurs \/ sons \u00e0 travers le temps - Chromassonic\" \/>\n<meta property=\"og:description\" content=\"Nous savons qu\u2019il existe des centres \u00e9nerg\u00e9tiques align\u00e9s le long du corps, appel\u00e9s \u00ab\u00a0m\u00e9ridiens\u00a0\u00bb. Chaque m\u00e9ridien apporte un soin \u00e9nerg\u00e9tique pr\u00e9cis, une r\u00e9sonance sp\u00e9cifique avec une couleur dominante. Lorsqu&rsquo;un individu est en proie au stress et \u00e0 l&rsquo;anxi\u00e9t\u00e9, il se cr\u00e9e un d\u00e9s\u00e9quilibre : la couleur du centre concern\u00e9 connait [&hellip;]\" \/>\n<meta property=\"og:url\" content=\"https:\/\/chromassonic.com\/index.php\/soin-energetique\/\" \/>\n<meta property=\"og:site_name\" content=\"Chromassonic\" \/>\n<meta property=\"article:modified_time\" content=\"2022-02-05T15:21:48+00:00\" \/>\n<meta property=\"og:image\" content=\"https:\/\/chromassonic.com\/wp-content\/uploads\/2019\/04\/chromassonic_aura.jpg\" \/>\n\t<meta property=\"og:image:width\" content=\"2000\" \/>\n\t<meta property=\"og:image:height\" content=\"2001\" \/>\n\t<meta property=\"og:image:type\" content=\"image\/jpeg\" \/>\n<meta name=\"twitter:card\" content=\"summary_large_image\" \/>\n<meta name=\"twitter:label1\" content=\"Dur\u00e9e de lecture estim\u00e9e\" \/>\n\t<meta name=\"twitter:data1\" content=\"5 minutes\" \/>\n<script type=\"application\/ld+json\" class=\"yoast-schema-graph\">{\"@context\":\"https:\/\/schema.org\",\"@graph\":[{\"@type\":\"WebPage\",\"@id\":\"https:\/\/chromassonic.com\/index.php\/soin-energetique\/\",\"url\":\"https:\/\/chromassonic.com\/index.php\/soin-energetique\/\",\"name\":\"Soin \u00e9nerg\u00e9tique : l'association couleurs \/ sons \u00e0 travers le temps - Chromassonic\",\"isPartOf\":{\"@id\":\"https:\/\/chromassonic.com\/#website\"},\"datePublished\":\"2019-04-11T23:19:09+00:00\",\"dateModified\":\"2022-02-05T15:21:48+00:00\",\"breadcrumb\":{\"@id\":\"https:\/\/chromassonic.com\/index.php\/soin-energetique\/#breadcrumb\"},\"inLanguage\":\"fr-FR\",\"potentialAction\":[{\"@type\":\"ReadAction\",\"target\":[\"https:\/\/chromassonic.com\/index.php\/soin-energetique\/\"]}]},{\"@type\":\"BreadcrumbList\",\"@id\":\"https:\/\/chromassonic.com\/index.php\/soin-energetique\/#breadcrumb\",\"itemListElement\":[{\"@type\":\"ListItem\",\"position\":1,\"name\":\"Accueil\",\"item\":\"https:\/\/chromassonic.com\/\"},{\"@type\":\"ListItem\",\"position\":2,\"name\":\"Soin \u00e9nerg\u00e9tique : l&rsquo;association couleurs \/ sons \u00e0 travers le temps\"}]},{\"@type\":\"WebSite\",\"@id\":\"https:\/\/chromassonic.com\/#website\",\"url\":\"https:\/\/chromassonic.com\/\",\"name\":\"Chromassonic\",\"description\":\"Syst\u00e8me brevet\u00e9 de chromoth\u00e9rapie\",\"publisher\":{\"@id\":\"https:\/\/chromassonic.com\/#organization\"},\"potentialAction\":[{\"@type\":\"SearchAction\",\"target\":{\"@type\":\"EntryPoint\",\"urlTemplate\":\"https:\/\/chromassonic.com\/?s={search_term_string}\"},\"query-input\":\"required name=search_term_string\"}],\"inLanguage\":\"fr-FR\"},{\"@type\":\"Organization\",\"@id\":\"https:\/\/chromassonic.com\/#organization\",\"name\":\"Chromassonic\",\"url\":\"https:\/\/chromassonic.com\/\",\"logo\":{\"@type\":\"ImageObject\",\"inLanguage\":\"fr-FR\",\"@id\":\"https:\/\/chromassonic.com\/#\/schema\/logo\/image\/\",\"url\":\"https:\/\/chromassonic.com\/wp-content\/uploads\/2019\/04\/Chromassonic-systeme-logo-1.png\",\"contentUrl\":\"https:\/\/chromassonic.com\/wp-content\/uploads\/2019\/04\/Chromassonic-systeme-logo-1.png\",\"width\":1656,\"height\":327,\"caption\":\"Chromassonic\"},\"image\":{\"@id\":\"https:\/\/chromassonic.com\/#\/schema\/logo\/image\/\"}}]}<\/script>\n<!-- \/ Yoast SEO plugin. -->","yoast_head_json":{"title":"Soin \u00e9nerg\u00e9tique : l'association couleurs \/ sons \u00e0 travers le temps - Chromassonic","robots":{"index":"index","follow":"follow","max-snippet":"max-snippet:-1","max-image-preview":"max-image-preview:large","max-video-preview":"max-video-preview:-1"},"canonical":"https:\/\/chromassonic.com\/index.php\/soin-energetique\/","og_locale":"fr_FR","og_type":"article","og_title":"Soin \u00e9nerg\u00e9tique : l'association couleurs \/ sons \u00e0 travers le temps - Chromassonic","og_description":"Nous savons qu\u2019il existe des centres \u00e9nerg\u00e9tiques align\u00e9s le long du corps, appel\u00e9s \u00ab\u00a0m\u00e9ridiens\u00a0\u00bb. Chaque m\u00e9ridien apporte un soin \u00e9nerg\u00e9tique pr\u00e9cis, une r\u00e9sonance sp\u00e9cifique avec une couleur dominante. Lorsqu&rsquo;un individu est en proie au stress et \u00e0 l&rsquo;anxi\u00e9t\u00e9, il se cr\u00e9e un d\u00e9s\u00e9quilibre : la couleur du centre concern\u00e9 connait [&hellip;]","og_url":"https:\/\/chromassonic.com\/index.php\/soin-energetique\/","og_site_name":"Chromassonic","article_modified_time":"2022-02-05T15:21:48+00:00","og_image":[{"width":2000,"height":2001,"url":"https:\/\/chromassonic.com\/wp-content\/uploads\/2019\/04\/chromassonic_aura.jpg","type":"image\/jpeg"}],"twitter_card":"summary_large_image","twitter_misc":{"Dur\u00e9e de lecture estim\u00e9e":"5 minutes"},"schema":{"@context":"https:\/\/schema.org","@graph":[{"@type":"WebPage","@id":"https:\/\/chromassonic.com\/index.php\/soin-energetique\/","url":"https:\/\/chromassonic.com\/index.php\/soin-energetique\/","name":"Soin \u00e9nerg\u00e9tique : l'association couleurs \/ sons \u00e0 travers le temps - Chromassonic","isPartOf":{"@id":"https:\/\/chromassonic.com\/#website"},"datePublished":"2019-04-11T23:19:09+00:00","dateModified":"2022-02-05T15:21:48+00:00","breadcrumb":{"@id":"https:\/\/chromassonic.com\/index.php\/soin-energetique\/#breadcrumb"},"inLanguage":"fr-FR","potentialAction":[{"@type":"ReadAction","target":["https:\/\/chromassonic.com\/index.php\/soin-energetique\/"]}]},{"@type":"BreadcrumbList","@id":"https:\/\/chromassonic.com\/index.php\/soin-energetique\/#breadcrumb","itemListElement":[{"@type":"ListItem","position":1,"name":"Accueil","item":"https:\/\/chromassonic.com\/"},{"@type":"ListItem","position":2,"name":"Soin \u00e9nerg\u00e9tique : l&rsquo;association couleurs \/ sons \u00e0 travers le temps"}]},{"@type":"WebSite","@id":"https:\/\/chromassonic.com\/#website","url":"https:\/\/chromassonic.com\/","name":"Chromassonic","description":"Syst\u00e8me brevet\u00e9 de chromoth\u00e9rapie","publisher":{"@id":"https:\/\/chromassonic.com\/#organization"},"potentialAction":[{"@type":"SearchAction","target":{"@type":"EntryPoint","urlTemplate":"https:\/\/chromassonic.com\/?s={search_term_string}"},"query-input":"required name=search_term_string"}],"inLanguage":"fr-FR"},{"@type":"Organization","@id":"https:\/\/chromassonic.com\/#organization","name":"Chromassonic","url":"https:\/\/chromassonic.com\/","logo":{"@type":"ImageObject","inLanguage":"fr-FR","@id":"https:\/\/chromassonic.com\/#\/schema\/logo\/image\/","url":"https:\/\/chromassonic.com\/wp-content\/uploads\/2019\/04\/Chromassonic-systeme-logo-1.png","contentUrl":"https:\/\/chromassonic.com\/wp-content\/uploads\/2019\/04\/Chromassonic-systeme-logo-1.png","width":1656,"height":327,"caption":"Chromassonic"},"image":{"@id":"https:\/\/chromassonic.com\/#\/schema\/logo\/image\/"}}]}},"_links":{"self":[{"href":"https:\/\/chromassonic.com\/index.php\/wp-json\/wp\/v2\/pages\/96"}],"collection":[{"href":"https:\/\/chromassonic.com\/index.php\/wp-json\/wp\/v2\/pages"}],"about":[{"href":"https:\/\/chromassonic.com\/index.php\/wp-json\/wp\/v2\/types\/page"}],"author":[{"embeddable":true,"href":"https:\/\/chromassonic.com\/index.php\/wp-json\/wp\/v2\/users\/2"}],"replies":[{"embeddable":true,"href":"https:\/\/chromassonic.com\/index.php\/wp-json\/wp\/v2\/comments?post=96"}],"version-history":[{"count":5,"href":"https:\/\/chromassonic.com\/index.php\/wp-json\/wp\/v2\/pages\/96\/revisions"}],"predecessor-version":[{"id":482,"href":"https:\/\/chromassonic.com\/index.php\/wp-json\/wp\/v2\/pages\/96\/revisions\/482"}],"wp:featuredmedia":[{"embeddable":true,"href":"https:\/\/chromassonic.com\/index.php\/wp-json\/wp\/v2\/media\/92"}],"wp:attachment":[{"href":"https:\/\/chromassonic.com\/index.php\/wp-json\/wp\/v2\/media?parent=96"}],"curies":[{"name":"wp","href":"https:\/\/api.w.org\/{rel}","templated":true}]}}